{"id":69,"date":"2024-09-02T03:59:33","date_gmt":"2024-09-02T03:59:33","guid":{"rendered":"https:\/\/kukirin-scooter-parts.com\/?page_id=69"},"modified":"2024-09-02T08:23:12","modified_gmt":"2024-09-02T08:23:12","slug":"warranty-policy","status":"publish","type":"page","link":"https:\/\/kukirin-scooter-parts.com\/es\/warranty-policy\/","title":{"rendered":"Pol\u00edtica de garant\u00eda"},"content":{"rendered":"<div data-elementor-type=\"wp-page\" data-elementor-id=\"69\" class=\"elementor elementor-69\" data-elementor-post-type=\"page\">\n\t\t\t\t<div class=\"elementor-element elementor-element-438fa0d e-flex e-con-boxed e-con e-parent\" data-id=\"438fa0d\" data-element_type=\"container\" data-e-type=\"container\">\n\t\t\t\t\t<div class=\"e-con-inner\">\n\t\t\t\t<div class=\"elementor-element elementor-element-339e41b elementor-widget elementor-widget-text-editor\" data-id=\"339e41b\" data-element_type=\"widget\" data-e-type=\"widget\" data-widget_type=\"text-editor.default\">\n\t\t\t\t<div class=\"elementor-widget-container\">\n\t\t\t\t\t\t\t\t\t<p>Bater\u00eda<\/p><p>KuKirin Scooter Parts ofrece 6 meses de garant\u00eda con la bater\u00eda, si determina que la bater\u00eda es defectuosa, le enviaremos el reemplazo (s) sin cargo.<\/p><p>Todas las reclamaciones de garant\u00eda de bater\u00edas y bater\u00edas est\u00e1n sujetas a las siguientes condiciones y limitaciones:<\/p><p>Condiciones y limitaciones<\/p><p>1. La bater\u00eda deber\u00e1 ser del tama\u00f1o, dise\u00f1o y capacidad adecuados para la aplicaci\u00f3n. Si no se utiliza la bater\u00eda adecuada para la aplicaci\u00f3n, se anular\u00e1n todas y cada una de las garant\u00edas.<br \/>2. La bater\u00eda deber\u00e1 manipularse, almacenarse e instalarse correctamente. La instalaci\u00f3n final deber\u00e1 completarse en un plazo m\u00e1ximo de dos meses a partir de la fecha de recepci\u00f3n.<br \/>3. La bater\u00eda funcionar\u00e1 junto con un sistema de carga de tensi\u00f3n constante y corriente limitada, y por lo dem\u00e1s funcionar\u00e1 y se mantendr\u00e1 de acuerdo con las instrucciones.<br \/>4. El usuario deber\u00e1 permitir el examen de la bater\u00eda por un representante de la compa\u00f1\u00eda KuKirin Scooter Parts mediante el env\u00edo de las bater\u00edas de nuevo a nosotros para el examen de reclamaci\u00f3n de garant\u00eda.<br \/>5. S\u00f3lo se aplicar\u00e1 a la bater\u00eda de sustituci\u00f3n la parte restante no utilizada de la garant\u00eda de la bater\u00eda original.<br \/>6. Esta garant\u00eda queda anulada si la bater\u00eda es objeto de uso indebido, abuso o da\u00f1os f\u00edsicos visibles, o si la bater\u00eda queda inutilizable debido a un incendio, naufragio, inundaci\u00f3n, congelaci\u00f3n o cualquier otro caso fortuito.<br \/>7. Las garant\u00edas antedichas est\u00e1n en lugar de todas las otras garant\u00edas, expresadas o implicadas, incluyendo, sin la limitaci\u00f3n, cualquier garant\u00eda implicada del merchantability o de la aptitud. En ning\u00fan caso KuKirin Scooter Parts ser\u00e1 responsable de cualquier incidental KuKirin Scooter Parts.com no ser\u00e1 responsable de cualquier defecto en, o cualquier incumplimiento de los contratos relativos a la calidad o el rendimiento de los equipos anteriores en virtud de cualquier teor\u00eda de la ley.<br \/>8. Estas garant\u00edas limitadas se aplican al comprador original (usuario) y no son transferibles.<br \/>9. El usuario deber\u00e1 notificar sin demora a KuKirin Scooter Parts en caso de presunto defecto.<\/p><p>Para presentar una reclamaci\u00f3n de garant\u00eda para cualquier bater\u00eda, env\u00edenos un correo electr\u00f3nico a info@kukirin-scooter-parts.com con la siguiente informaci\u00f3n:<\/p><p>Nombre<br \/>Direcci\u00f3n<br \/>N\u00famero de pedido<br \/>C\u00f3digo de fecha estampado en la bater\u00eda<\/p><p>Otros art\u00edculos<\/p><p>KuKirin Scooter Parts ofrece 12 meses de garant\u00eda para los dem\u00e1s art\u00edculos excepto la bater\u00eda<br \/>Todas las reclamaciones de garant\u00eda para otros art\u00edculos de la tienda est\u00e1n sujetas a las siguientes condiciones y limitaciones:<\/p><p>Condiciones y limitaciones<\/p><p>1. El usuario deber\u00e1 permitir el examen del art\u00edculo por un representante de la empresa KuKirin Scooter Parts.<br \/>2. S\u00f3lo se aplicar\u00e1 al art\u00edculo de sustituci\u00f3n la parte restante no utilizada de la garant\u00eda del art\u00edculo original.<br \/>3. Esta garant\u00eda quedar\u00e1 anulada si el art\u00edculo es objeto de uso indebido, abuso o da\u00f1os f\u00edsicos visibles, o si queda inutilizable debido a incendio, siniestro, inundaci\u00f3n, congelaci\u00f3n o cualquier otro caso fortuito.<br \/>4. Las garant\u00edas mencionadas anteriormente sustituyen a cualquier otra garant\u00eda, expresa o impl\u00edcita, incluyendo, sin limitaci\u00f3n, cualquier garant\u00eda impl\u00edcita de comerciabilidad o idoneidad. En ning\u00fan caso KuKirin Scooter Parts ser\u00e1 responsable de cualquier da\u00f1o o p\u00e9rdida incidental o consecuente. Como se indica en el presente documento, KuKirin Scooter Parts no se hace responsable de los defectos o cualquier incumplimiento de los contratos relativos a la calidad o el rendimiento de los equipos anteriores en virtud de cualquier teor\u00eda de la ley.<br \/>5. Esta garant\u00eda limitada se aplicar\u00e1 al comprador (usuario) original y no es transferible.<br \/>6. El usuario deber\u00e1 notificar sin demora a KuKirin Scooter Parts en caso de presunto defecto.<br \/>7. Cualquier otra garant\u00eda impl\u00edcita en estas piezas, incluyendo, pero no limitado a, la comerciabilidad y adecuaci\u00f3n para un prop\u00f3sito particular, quedan excluidas. En ning\u00fan caso KuKirin Scooter Parts ser\u00e1 responsable de cualquier da\u00f1o o p\u00e9rdida incidental o consecuente. Como se indica en el presente documento, KuKirin Scooter Parts no se hace responsable de los defectos o cualquier incumplimiento de los contratos relativos a la calidad o el rendimiento de los equipos anteriores en virtud de cualquier teor\u00eda de la ley.<\/p><p><b>Procedimiento<\/b><\/p><p>Para presentar una reclamaci\u00f3n de garant\u00eda, env\u00edenos un correo electr\u00f3nico a info@kukirin-scooter-parts.com con los detalles de los problemas que est\u00e1 experimentando con su art\u00edculo.<\/p>\t\t\t\t\t\t\t\t<\/div>\n\t\t\t\t<\/div>\n\t\t\t\t\t<\/div>\n\t\t\t\t<\/div>\n\t\t\t\t<\/div>","protected":false},"excerpt":{"rendered":"<p>Battery KuKirin Scooter Parts offer 6-month warranty with battery\uff0cif determines the battery to be defective, we will ship the replacement(s) without charge. All battery and battery pack warranty claims are subject to the following conditions and limitations: Conditions and Limitations 1. The battery shall be the proper size, design, and capacity for the application. Failure &#8230; <a title=\"Pol\u00edtica de garant\u00eda\" class=\"read-more\" href=\"https:\/\/kukirin-scooter-parts.com\/es\/warranty-policy\/\" aria-label=\"Leer m\u00e1s sobre Warranty Policy\">Leer m\u00e1s<\/a><\/p>","protected":false},"author":1,"featured_media":0,"parent":0,"menu_order":0,"comment_status":"closed","ping_status":"closed","template":"","meta":{"footnotes":""},"class_list":["post-69","page","type-page","status-publish"],"_links":{"self":[{"href":"https:\/\/kukirin-scooter-parts.com\/es\/wp-json\/wp\/v2\/pages\/69","targetHints":{"allow":["GET"]}}],"collection":[{"href":"https:\/\/kukirin-scooter-parts.com\/es\/wp-json\/wp\/v2\/pages"}],"about":[{"href":"https:\/\/kukirin-scooter-parts.com\/es\/wp-json\/wp\/v2\/types\/page"}],"author":[{"embeddable":true,"href":"https:\/\/kukirin-scooter-parts.com\/es\/wp-json\/wp\/v2\/users\/1"}],"replies":[{"embeddable":true,"href":"https:\/\/kukirin-scooter-parts.com\/es\/wp-json\/wp\/v2\/comments?post=69"}],"version-history":[{"count":4,"href":"https:\/\/kukirin-scooter-parts.com\/es\/wp-json\/wp\/v2\/pages\/69\/revisions"}],"predecessor-version":[{"id":104,"href":"https:\/\/kukirin-scooter-parts.com\/es\/wp-json\/wp\/v2\/pages\/69\/revisions\/104"}],"wp:attachment":[{"href":"https:\/\/kukirin-scooter-parts.com\/es\/wp-json\/wp\/v2\/media?parent=69"}],"curies":[{"name":"wp","href":"https:\/\/api.w.org\/{rel}","templated":true}]}}