{"id":67,"date":"2024-09-02T03:57:53","date_gmt":"2024-09-02T03:57:53","guid":{"rendered":"https:\/\/kukirin-scooter-parts.com\/?page_id=67"},"modified":"2024-09-27T10:18:13","modified_gmt":"2024-09-27T10:18:13","slug":"shipping-delivery","status":"publish","type":"page","link":"https:\/\/kukirin-scooter-parts.com\/es\/shipping-delivery\/","title":{"rendered":"Env\u00edo y entrega"},"content":{"rendered":"<div data-elementor-type=\"wp-page\" data-elementor-id=\"67\" class=\"elementor elementor-67\" data-elementor-post-type=\"page\">\n\t\t\t\t<div class=\"elementor-element elementor-element-df66abb e-flex e-con-boxed e-con e-parent\" data-id=\"df66abb\" data-element_type=\"container\" data-e-type=\"container\">\n\t\t\t\t\t<div class=\"e-con-inner\">\n\t\t\t\t<div class=\"elementor-element elementor-element-3920418 elementor-widget elementor-widget-text-editor\" data-id=\"3920418\" data-element_type=\"widget\" data-e-type=\"widget\" data-widget_type=\"text-editor.default\">\n\t\t\t\t<div class=\"elementor-widget-container\">\n\t\t\t\t\t\t\t\t\t<p>M\u00e9todos de env\u00edo<br \/>Trabajamos con las empresas de transporte DPD, UPS y GLS para nuestros env\u00edos. Enviaremos la informaci\u00f3n de env\u00edo a nuestros clientes por correo electr\u00f3nico tan pronto como se inicie el env\u00edo, incluyendo la fecha de env\u00edo, el n\u00famero de seguimiento y el sitio de seguimiento.<\/p><p>Env\u00edo desde<br \/>Los almacenes locales de Polonia.<\/p><p>Env\u00edo a<br \/>Todos los pa\u00edses de la UE, salvo Chipre, Malta y algunas islas remotas.<\/p><p>Plazo de entrega<\/p><p>Desde Polonia a Austria, B\u00e9lgica, Bulgaria, Croacia, Chequia, Dinamarca, Estonia, Finlandia, Francia, Alemania, Grecia, Hungr\u00eda, Irlanda, Italia, Letonia, Lituania, Luxemburgo, Pa\u00edses Bajos, Polonia, Portugal, Ruman\u00eda, Eslovaquia, Eslovenia, Espa\u00f1a, Suecia tardar\u00e1 5-7 d\u00edas laborables\uff08Este plazo de entrega es una estimaci\u00f3n y puede retrasarse durante las vacaciones europeas).<\/p><p>Nota\uff1a<\/p><p>Scooter piezas de inventario de productos se actualiza con frecuencia, no tenemos manera de actualizar el inventario de cada producto de piezas de manera oportuna, si usted se preocupa seriamente el tiempo de llegada, por favor p\u00f3ngase en contacto con nosotros antes de realizar un pedido si hay inventario, y luego decidir si desea ordenar<\/p><p>Gastos de env\u00edo<\/p><p>Los pedidos superiores a 35 euros tienen gastos de env\u00edo gratuitos. Los pedidos inferiores a 35 euros tienen gastos de env\u00edo de 10 euros. Los impuestos de importaci\u00f3n se pagan cuando los productos se env\u00edan al almac\u00e9n de Polonia.<\/p>\t\t\t\t\t\t\t\t<\/div>\n\t\t\t\t<\/div>\n\t\t\t\t\t<\/div>\n\t\t\t\t<\/div>\n\t\t\t\t<\/div>","protected":false},"excerpt":{"rendered":"<p>Shipping methodsWe work with DPD, UPS and GLS shipping companies for our deliveries. We\u2019ll send the shipping information to our customers by emails as soon as the shipping is started, including the shipping date, the tracking number and the tracking site. Shipping fromThe local warehouses in Poland. Shipping toAll EU countries, except for Cyprus, Malta &#8230; <a title=\"Shipping &amp; Delivery\" class=\"read-more\" href=\"https:\/\/kukirin-scooter-parts.com\/es\/shipping-delivery\/\" aria-label=\"Leer m\u00e1s sobre Shipping &amp; Delivery\">Leer m\u00e1s<\/a><\/p>","protected":false},"author":1,"featured_media":0,"parent":0,"menu_order":0,"comment_status":"closed","ping_status":"closed","template":"","meta":{"footnotes":""},"class_list":["post-67","page","type-page","status-publish"],"_links":{"self":[{"href":"https:\/\/kukirin-scooter-parts.com\/es\/wp-json\/wp\/v2\/pages\/67","targetHints":{"allow":["GET"]}}],"collection":[{"href":"https:\/\/kukirin-scooter-parts.com\/es\/wp-json\/wp\/v2\/pages"}],"about":[{"href":"https:\/\/kukirin-scooter-parts.com\/es\/wp-json\/wp\/v2\/types\/page"}],"author":[{"embeddable":true,"href":"https:\/\/kukirin-scooter-parts.com\/es\/wp-json\/wp\/v2\/users\/1"}],"replies":[{"embeddable":true,"href":"https:\/\/kukirin-scooter-parts.com\/es\/wp-json\/wp\/v2\/comments?post=67"}],"version-history":[{"count":10,"href":"https:\/\/kukirin-scooter-parts.com\/es\/wp-json\/wp\/v2\/pages\/67\/revisions"}],"predecessor-version":[{"id":539,"href":"https:\/\/kukirin-scooter-parts.com\/es\/wp-json\/wp\/v2\/pages\/67\/revisions\/539"}],"wp:attachment":[{"href":"https:\/\/kukirin-scooter-parts.com\/es\/wp-json\/wp\/v2\/media?parent=67"}],"curies":[{"name":"wp","href":"https:\/\/api.w.org\/{rel}","templated":true}]}}