{"id":65,"date":"2024-09-02T03:55:17","date_gmt":"2024-09-02T03:55:17","guid":{"rendered":"https:\/\/kukirin-scooter-parts.com\/?page_id=65"},"modified":"2024-09-02T07:28:52","modified_gmt":"2024-09-02T07:28:52","slug":"terms-of-service","status":"publish","type":"page","link":"https:\/\/kukirin-scooter-parts.com\/es\/terms-of-service\/","title":{"rendered":"Condiciones de uso"},"content":{"rendered":"<div data-elementor-type=\"wp-page\" data-elementor-id=\"65\" class=\"elementor elementor-65\" data-elementor-post-type=\"page\">\n\t\t\t\t<div class=\"elementor-element elementor-element-9797c62 e-flex e-con-boxed e-con e-parent\" data-id=\"9797c62\" data-element_type=\"container\" data-e-type=\"container\">\n\t\t\t\t\t<div class=\"e-con-inner\">\n\t\t\t\t<div class=\"elementor-element elementor-element-53fff2a elementor-widget elementor-widget-text-editor\" data-id=\"53fff2a\" data-element_type=\"widget\" data-e-type=\"widget\" data-widget_type=\"text-editor.default\">\n\t\t\t\t<div class=\"elementor-widget-container\">\n\t\t\t\t\t\t\t\t\t<p>\u00a1Bienvenido a kukirin-scooter-parts.com! Estas Condiciones de uso describen los t\u00e9rminos y condiciones aplicables a su acceso y uso del sitio web en kukirin-scooter.com. Esta declaraci\u00f3n es un acuerdo legalmente vinculante entre usted como el usuario (s) del Sitio (denominado \"usted\", \"Miembro\", \"Cliente\" o \"Usuario\" en lo sucesivo) y el kukirin-scooter.com (denominado \"nosotros\", \"nuestro\", \"nos\" o \"KuKirin\", \"sitio\" en lo sucesivo), Por favor, lea estos t\u00e9rminos y condiciones cuidadosamente antes de ordenar cualquier Producto de nuestro sitio.<\/p><h2><strong><b>Acuerdo de usuario<\/b><\/strong><\/h2><p>Al acceder, navegar o utilizar este sitio web, usted acepta los t\u00e9rminos y condiciones de uso de este sitio web, as\u00ed como todas las leyes y normativas aplicables, al tiempo que acepta que es responsable del cumplimiento de cualquier ley local aplicable. Si no est\u00e1 de acuerdo con alguna de estas condiciones, se le proh\u00edbe utilizar o acceder a este sitio web. Los materiales contenidos en este sitio web est\u00e1n protegidos por la legislaci\u00f3n aplicable en materia de derechos de autor y marcas registradas. Nuestros productos y servicios est\u00e1n dirigidos principalmente a adultos. Si usted es menor de edad, le rogamos que garantice que visita el sitio web bajo la supervisi\u00f3n de uno de sus padres o de su tutor legal.<\/p><h3><strong><b>1. Condici\u00f3n del acuerdo\u00a0<\/b><\/strong><\/h3><p>1.1 Como condici\u00f3n para acceder y utilizar el Sitio o los Servicios, usted se compromete a cumplir todas las leyes y reglamentos aplicables cuando utilice el Sitio o los Servicios.\u00a0<\/p><p>1.2 Usted se compromete a utilizar el Sitio o los Servicios exclusivamente para sus fines privados e internos. Usted acepta que (a) no copiar\u00e1, reproducir\u00e1, descargar\u00e1, volver\u00e1 a publicar, vender\u00e1, distribuir\u00e1 ni revender\u00e1 ning\u00fan Servicio ni ninguna informaci\u00f3n, texto, im\u00e1genes, gr\u00e1ficos, clips de v\u00eddeo, sonido, directorios, archivos, bases de datos o listados, etc. disponibles en o a trav\u00e9s del Sitio (el \"Contenido del Sitio\"), y (b) no copiar\u00e1, reproducir\u00e1, descargar\u00e1, compilar\u00e1 ni utilizar\u00e1 de ning\u00fan otro modo el Contenido del Sitio con el fin de explotar un negocio que compita con KuKirin o explotar comercialmente de cualquier otro modo el Contenido del Sitio. Queda prohibida la recuperaci\u00f3n sistem\u00e1tica del Contenido del Sitio para crear o compilar, directa o indirectamente, una colecci\u00f3n, compilaci\u00f3n, base de datos o directorio (ya sea mediante robots, ara\u00f1as, dispositivos autom\u00e1ticos o procesos manuales) sin el permiso por escrito de KuKirin. Queda prohibido el uso de cualquier contenido o material del Sitio para cualquier fin que no est\u00e9 expresamente permitido en las Condiciones.<br \/>\u00a0<\/p><p>1.3 Debe leer la Pol\u00edtica de Privacidad de KuKirin, que rige la protecci\u00f3n y el uso de la informaci\u00f3n personal sobre los Usuarios en posesi\u00f3n de KuKirin y nuestras filiales. Usted acepta el uso de su informaci\u00f3n personal de acuerdo con la Pol\u00edtica de Privacidad.\u00a0<\/p><p>1.4 KuKirin podr\u00e1 permitir a los Usuarios acceder a contenidos, productos o servicios ofrecidos por terceros a trav\u00e9s de hiperv\u00ednculos (en forma de enlaces denominativos, banners, canales u otros), API o cualquier otro medio a los sitios web de dichos terceros. Se le advierte de que lea los t\u00e9rminos y condiciones y\/o las pol\u00edticas de privacidad de dichos sitios web antes de utilizar el Sitio. Usted reconoce que KuKirin no tiene control alguno sobre los sitios web de dichos terceros, no supervisa dichos sitios web y no ser\u00e1 responsable ante nadie por dichos sitios web, ni por ning\u00fan contenido, producto o servicio disponible en dichos sitios web.<\/p><p>1.5 Usted se compromete a no llevar a cabo ninguna acci\u00f3n que menoscabe la integridad de los sistemas o redes inform\u00e1ticos de KuKirin y\/o de cualquier otro Usuario, ni a obtener acceso no autorizado a dichos sistemas o redes inform\u00e1ticos.\u00a0<\/p><p>1.6 El usuario se compromete a no llevar a cabo ninguna acci\u00f3n que pueda socavar la integridad del sistema de comentarios de KuKirin, como dejar comentarios positivos para s\u00ed mismo utilizando identificaciones de miembro secundarias o a trav\u00e9s de terceros, o dejar comentarios negativos sin fundamento para otro usuario.<\/p><h3><strong><b>2. Responsabilidades del usuario\u00a0<\/b><\/strong><\/h3><p>2.1 El Usuario debe estar registrado en el Sitio para utilizar algunos Servicios. Salvo aprobaci\u00f3n de KuKirin, un Usuario s\u00f3lo podr\u00e1 registrar una cuenta de usuario en el Sitio. KuKirin podr\u00e1 cancelar o rescindir la cuenta de un Usuario si tiene motivos para sospechar que el Usuario ha registrado o controlado simult\u00e1neamente dos o m\u00e1s cuentas de usuario. Adem\u00e1s, KuKirin podr\u00e1 rechazar la solicitud de registro del Usuario por cualquier motivo.\u00a0<\/p><p>2.2 Al registrarse en el Sitio, KuKirin asignar\u00e1 una cuenta y emitir\u00e1 un identificador de usuario y una contrase\u00f1a (esta \u00faltima ser\u00e1 elegida por el Usuario registrado durante el registro) a cada Usuario registrado. Una cuenta podr\u00e1 tener una cuenta de correo electr\u00f3nico basada en web con espacio de almacenamiento limitado para que el usuario pueda enviar o recibir correos electr\u00f3nicos. Al convertirse en Usuario de KuKirin, usted consiente en autorizar a KuKirin a almacenar y utilizar su informaci\u00f3n de conformidad con la Pol\u00edtica de Privacidad.\u00a0<\/p><p>2.3 Un conjunto de identificaci\u00f3n de usuario y contrase\u00f1a es \u00fanico para una sola cuenta. Cada usuario ser\u00e1 el \u00fanico responsable de mantener la confidencialidad y seguridad de su ID de usuario y contrase\u00f1a y de todas las actividades que se realicen con su cuenta. Ning\u00fan usuario podr\u00e1 compartir, ceder o permitir el uso de su cuenta de usuario, ID o contrase\u00f1a a otra persona ajena a la propia entidad comercial del usuario. El Usuario se compromete a notificar a KuKirin inmediatamente si tiene conocimiento de cualquier uso no autorizado de su contrase\u00f1a o de su cuenta o de cualquier otra violaci\u00f3n de la seguridad de su cuenta.\u00a0<\/p><p>2.4 El Usuario acepta que todas las actividades que se produzcan bajo su cuenta (incluyendo, sin limitaci\u00f3n, publicar cualquier informaci\u00f3n de la empresa o del producto, hacer clic para aceptar cualquier Acuerdo Adicional o reglas, suscribirse o realizar cualquier pago por cualquier servicio, enviar correos electr\u00f3nicos utilizando la cuenta de correo electr\u00f3nico) se considerar\u00e1 que han sido autorizadas por el Usuario.\u00a0<\/p><p>2.5 El Usuario reconoce que el hecho de compartir su cuenta con otras personas, o de permitir que varios usuarios utilicen su cuenta (colectivamente, \"usos m\u00faltiples\"), puede causar da\u00f1os irreparables a KuKirin o a otros Usuarios del Sitio. El Usuario indemnizar\u00e1 a KuKirin, nuestras filiales, directores, empleados, agentes y representantes por cualquier p\u00e9rdida o da\u00f1o (incluido, a t\u00edtulo meramente enunciativo y no limitativo, el lucro cesante) sufrido como consecuencia de los usos m\u00faltiples de su cuenta. El Usuario tambi\u00e9n acepta que, en caso de uso m\u00faltiple de su cuenta o de que el Usuario no mantenga la seguridad de su cuenta, KuKirin no ser\u00e1 responsable de las p\u00e9rdidas o da\u00f1os derivados de dicho incumplimiento y tendr\u00e1 derecho a suspender o cancelar la cuenta del Usuario sin responsabilidad alguna para \u00e9ste.\u00a0<\/p><p>2.6 El Usuario garantiza que la informaci\u00f3n que ha facilitado al registrar su cuenta KuKirin es exacta, veraz, legal y v\u00e1lida y le pertenece exclusivamente a \u00e9l. El usuario es el \u00fanico responsable de la veracidad de los datos que facilite a KuKirin, y KuKirin no se har\u00e1 responsable ni ofrecer\u00e1 compensaci\u00f3n alguna por los casos de informaci\u00f3n incorrecta.\u00a0<\/p><p>2.7 El Usuario tendr\u00e1 la opci\u00f3n de cancelar el pedido s\u00f3lo cuando antes del env\u00edo poni\u00e9ndose en contacto con nuestro centro de soporte. Y KuKirin se reserva el derecho de cancelar el pedido por estrategia de operaci\u00f3n previo aviso a la cuenta del Usuario. Sin embargo, una vez que el pedido ha sido enviado, el pedido no puede ser cancelado, cambiado o reembolsado. Una vez recibido el paquete, entra en vigor nuestra pol\u00edtica de devoluciones.\u00a0<\/p><p>2.8 Se respetar\u00e1 al usuario la opci\u00f3n de suscribirse o cancelar la suscripci\u00f3n al bolet\u00edn en el momento de registrarse.\u00a0<\/p><p>2.9 El usuario entiende y acepta que KuKirin tendr\u00e1 derecho a terminar temporal o permanentemente todos o parte de los servicios en cualquier momento de acuerdo con sus propias necesidades de negocio (incluyendo, pero no limitado a los casos como la violaci\u00f3n de los t\u00e9rminos y condiciones de KuKirin, comentarios inaceptables e irrazonables o comportamientos hacia la imagen de marca de KuKirin).\u00a0\u00a0<\/p><p>2.10 Si tiene alguna duda o queja sobre nuestro servicio, env\u00edenos un correo electr\u00f3nico directamente a Contacto. Tambi\u00e9n tiene derecho a presentar una queja ante las autoridades oficiales. No obstante, le agradecer\u00edamos que nos diera la oportunidad de resolver sus dudas antes de dirigirse a terceros, por lo que le rogamos que se ponga en contacto con nosotros en primer lugar.<\/p><h3><strong><b>3. Condiciones de uso\u00a0<\/b><\/strong><\/h3><p>3.1 Licencia<\/p><p>Uso Se concede permiso para descargar temporalmente una copia de los materiales (informaci\u00f3n o software) del sitio web kukirin-scooter.com s\u00f3lo para uso personal y no comercial transitorio. Esta es la concesi\u00f3n de una licencia, no una transferencia de t\u00edtulo y bajo esta licencia, usted no puede modificar o copiar los materiales, utilizar los materiales para cualquier prop\u00f3sito comercial, o para cualquier exhibici\u00f3n p\u00fablica (comercial o no comercial) intentar descompilar o realizar ingenier\u00eda inversa de cualquier software contenido en el sitio web kukirin-scooter.com, eliminar cualquier derecho de autor u otras anotaciones de propiedad de los materiales, o transferir los materiales a otra persona o \"espejo\" de los materiales en cualquier otro servidor. Esta licencia terminar\u00e1 autom\u00e1ticamente si usted viola cualquiera de estas restricciones y puede ser terminada por kukirin-scooter.com en cualquier momento. Una vez finalizada la visualizaci\u00f3n de estos materiales o la rescisi\u00f3n de esta licencia, deber\u00e1 destruir cualquier material descargado que posea, ya sea en formato electr\u00f3nico o impreso.\u00a0<\/p><p>3.2 Descargo de responsabilidad<\/p><p>Los materiales en el sitio web kukirin-scooter.com se proporcionan \"tal cual\". kukirin-scooter.com no ofrece ninguna garant\u00eda, expresa o impl\u00edcita, y por la presente renuncia y niega cualquier otra garant\u00eda, incluyendo, sin limitaci\u00f3n, las garant\u00edas o condiciones impl\u00edcitas de comerciabilidad, idoneidad para un prop\u00f3sito particular, o no infracci\u00f3n de la propiedad intelectual.\u00a0<\/p><p>3.3 Limitaciones<\/p><p>En ning\u00fan caso kukirin-scooter.com o sus proveedores ser\u00e1n responsables de ning\u00fan da\u00f1o (incluyendo, sin limitaci\u00f3n, da\u00f1os por p\u00e9rdida de datos o beneficios, o debido a la interrupci\u00f3n del negocio,) que surjan del uso o la imposibilidad de usar los materiales en kukirin-scooter.com, incluso si kukirin-scooter.com o un representante autorizado kukirin-scooter.com ha sido notificado oralmente o por escrito de la posibilidad de tales da\u00f1os. Debido a que algunas jurisdicciones no permiten limitaciones en las garant\u00edas impl\u00edcitas, o limitaciones de responsabilidad por da\u00f1os consecuenciales o incidentales, estas limitaciones pueden no aplicarse a usted.<\/p><p>3.4 Revisiones y erratas<\/p><p>Los materiales que aparecen en el sitio web kukirin-scooter.com podr\u00edan incluir errores t\u00e9cnicos, tipogr\u00e1ficos o fotogr\u00e1ficos. Y, kukirin-scooter.com no garantiza que cualquiera de los materiales en su sitio web sea precisa, completa o actualizada. Adem\u00e1s, kukirin-scooter.com puede hacer cambios a los materiales contenidos en su sitio web en cualquier momento sin previo aviso. Adem\u00e1s, kukirin-scooter.com no se compromete a actualizar los materiales.<\/p><p>3,5 Enlaces<\/p><p>El sitio web kukirin-scooter.com no ha revisado todos los sitios web vinculados a su sitio web de Internet y no es responsable de los contenidos de dichos sitios web vinculados. La inclusi\u00f3n de cualquiera de estos enlaces no implica la aprobaci\u00f3n por parte de kukirin-scooter.com del sitio web. El uso de cualquiera de estos sitios web enlazados corre por cuenta y riesgo del usuario.<\/p><p>3.6 Modificaciones de las condiciones de uso del sitio web<\/p><p>El sitio web kukirin-scooter.com podr\u00e1 revisar estas condiciones de uso de su sitio web en cualquier momento y sin previo aviso. Al utilizar este sitio web, usted acepta quedar vinculado por la versi\u00f3n vigente en ese momento de estas condiciones de uso. Adem\u00e1s, kukirin-scooter.com no garantiza ni hace ninguna representaci\u00f3n con respecto a la exactitud, los resultados probables, o la fiabilidad de la utilizaci\u00f3n de los materiales en su sitio web de Internet o de otro tipo relativa a dichos materiales o en cualquier otro sitio web vinculado a este sitio web.<\/p><h3>\u00a0<\/h3><h3>4. Derecho aplicable<\/h3><p>Estas Condiciones del servicio y cualquier otro acuerdo por separado por el que le proporcionamos se regir\u00e1n e interpretar\u00e1n de conformidad con las leyes de Reino Unido .<\/p>\t\t\t\t\t\t\t\t<\/div>\n\t\t\t\t<\/div>\n\t\t\t\t\t<\/div>\n\t\t\t\t<\/div>\n\t\t\t\t<\/div>","protected":false},"excerpt":{"rendered":"<p>\u00a1Bienvenido a kukirin-scooter-parts.com! Estas Condiciones de uso describen los t\u00e9rminos y condiciones aplicables a su acceso y uso del sitio web en kukirin-scooter.com. Esta declaraci\u00f3n es un acuerdo legalmente vinculante entre usted como usuario (s) del Sitio (denominado \"usted\", \"Miembro\", \"Cliente\" o \"Usuario\" en lo sucesivo) y el kukirin-scooter.com (denominado \"nosotros\", \"nuestro\", ... <a title=\"Condiciones de uso\" class=\"read-more\" href=\"https:\/\/kukirin-scooter-parts.com\/es\/terms-of-service\/\" aria-label=\"Leer m\u00e1s sobre Terms of Service\">Leer m\u00e1s<\/a><\/p>","protected":false},"author":1,"featured_media":0,"parent":0,"menu_order":0,"comment_status":"closed","ping_status":"closed","template":"","meta":{"footnotes":""},"class_list":["post-65","page","type-page","status-publish"],"_links":{"self":[{"href":"https:\/\/kukirin-scooter-parts.com\/es\/wp-json\/wp\/v2\/pages\/65","targetHints":{"allow":["GET"]}}],"collection":[{"href":"https:\/\/kukirin-scooter-parts.com\/es\/wp-json\/wp\/v2\/pages"}],"about":[{"href":"https:\/\/kukirin-scooter-parts.com\/es\/wp-json\/wp\/v2\/types\/page"}],"author":[{"embeddable":true,"href":"https:\/\/kukirin-scooter-parts.com\/es\/wp-json\/wp\/v2\/users\/1"}],"replies":[{"embeddable":true,"href":"https:\/\/kukirin-scooter-parts.com\/es\/wp-json\/wp\/v2\/comments?post=65"}],"version-history":[{"count":4,"href":"https:\/\/kukirin-scooter-parts.com\/es\/wp-json\/wp\/v2\/pages\/65\/revisions"}],"predecessor-version":[{"id":95,"href":"https:\/\/kukirin-scooter-parts.com\/es\/wp-json\/wp\/v2\/pages\/65\/revisions\/95"}],"wp:attachment":[{"href":"https:\/\/kukirin-scooter-parts.com\/es\/wp-json\/wp\/v2\/media?parent=65"}],"curies":[{"name":"wp","href":"https:\/\/api.w.org\/{rel}","templated":true}]}}