{"id":61,"date":"2024-09-02T03:53:01","date_gmt":"2024-09-02T03:53:01","guid":{"rendered":"https:\/\/kukirin-scooter-parts.com\/?page_id=61"},"modified":"2024-09-02T07:13:39","modified_gmt":"2024-09-02T07:13:39","slug":"about-us","status":"publish","type":"page","link":"https:\/\/kukirin-scooter-parts.com\/es\/about-us\/","title":{"rendered":"Qui\u00e9nes somos"},"content":{"rendered":"<div data-elementor-type=\"wp-page\" data-elementor-id=\"61\" class=\"elementor elementor-61\" data-elementor-post-type=\"page\">\n\t\t\t\t<div class=\"elementor-element elementor-element-7594f32 e-flex e-con-boxed e-con e-parent\" data-id=\"7594f32\" data-element_type=\"container\" data-e-type=\"container\">\n\t\t\t\t\t<div class=\"e-con-inner\">\n\t\t\t\t<div class=\"elementor-element elementor-element-5c8e2ed elementor-widget elementor-widget-text-editor\" data-id=\"5c8e2ed\" data-element_type=\"widget\" data-e-type=\"widget\" data-widget_type=\"text-editor.default\">\n\t\t\t\t<div class=\"elementor-widget-container\">\n\t\t\t\t\t\t\t\t\t<p>kukirin-scooter-parts.com, su fuente de confianza para los recambios y los accesorios oficiales del scooter de Kukirin. Nuestro objetivo es ayudarle a mantener su scooter Kukirin funcionando al m\u00e1ximo con componentes originales de alta calidad.<\/p>\n<p>Como tienda online especializada, sabemos lo importante que es mantener su veh\u00edculo con piezas fabricadas espec\u00edficamente para \u00e9l. Es por eso que s\u00f3lo ofrecemos piezas oficiales Kukirin, asegurando todo lo que usted compra de nosotros cumple con los est\u00e1ndares exactos establecidos por el fabricante de origen - Kukirin f\u00e1brica.<\/p>\n<p>Nuestro objetivo es hacer que su experiencia de compra lo m\u00e1s suave posible, ofreciendo un servicio al cliente de primera clase, env\u00edo r\u00e1pido, y una amplia gama de productos. Como fuente oficial de las piezas del scooter de Kukirin, si usted est\u00e1 mirando para substituir una pieza o para hacer una mejora, le tenemos cubierto con todo que usted necesita mantener su scooter de Kukirin en la condici\u00f3n m\u00e1xima.<\/p>\n<p>Gracias por elegir KuKirin. Estamos aqu\u00ed para apoyarte en tu viaje, te lleve donde te lleve.<\/p>\t\t\t\t\t\t\t\t<\/div>\n\t\t\t\t<\/div>\n\t\t\t\t\t<\/div>\n\t\t\t\t<\/div>\n\t\t\t\t<\/div>","protected":false},"excerpt":{"rendered":"<p>kukirin-scooter-parts.com, su fuente de confianza para los recambios y los accesorios oficiales del scooter de Kukirin. Nuestro objetivo es ayudarle a mantener su scooter Kukirin funcionando al m\u00e1ximo con componentes originales de alta calidad. Como una tienda online dedicada, sabemos lo importante que es mantener su paseo con las piezas que se hacen espec\u00edficamente para \u00e9l. Es por eso que ... <a title=\"Qui\u00e9nes somos\" class=\"read-more\" href=\"https:\/\/kukirin-scooter-parts.com\/es\/about-us\/\" aria-label=\"Leer m\u00e1s sobre About Us\">Leer m\u00e1s<\/a><\/p>","protected":false},"author":1,"featured_media":0,"parent":0,"menu_order":0,"comment_status":"closed","ping_status":"closed","template":"","meta":{"footnotes":""},"class_list":["post-61","page","type-page","status-publish"],"_links":{"self":[{"href":"https:\/\/kukirin-scooter-parts.com\/es\/wp-json\/wp\/v2\/pages\/61","targetHints":{"allow":["GET"]}}],"collection":[{"href":"https:\/\/kukirin-scooter-parts.com\/es\/wp-json\/wp\/v2\/pages"}],"about":[{"href":"https:\/\/kukirin-scooter-parts.com\/es\/wp-json\/wp\/v2\/types\/page"}],"author":[{"embeddable":true,"href":"https:\/\/kukirin-scooter-parts.com\/es\/wp-json\/wp\/v2\/users\/1"}],"replies":[{"embeddable":true,"href":"https:\/\/kukirin-scooter-parts.com\/es\/wp-json\/wp\/v2\/comments?post=61"}],"version-history":[{"count":7,"href":"https:\/\/kukirin-scooter-parts.com\/es\/wp-json\/wp\/v2\/pages\/61\/revisions"}],"predecessor-version":[{"id":83,"href":"https:\/\/kukirin-scooter-parts.com\/es\/wp-json\/wp\/v2\/pages\/61\/revisions\/83"}],"wp:attachment":[{"href":"https:\/\/kukirin-scooter-parts.com\/es\/wp-json\/wp\/v2\/media?parent=61"}],"curies":[{"name":"wp","href":"https:\/\/api.w.org\/{rel}","templated":true}]}}