{"id":3,"date":"2024-08-28T09:48:00","date_gmt":"2024-08-28T09:48:00","guid":{"rendered":"http:\/\/kukirin-scooter-parts.com\/?page_id=3"},"modified":"2024-09-02T07:25:46","modified_gmt":"2024-09-02T07:25:46","slug":"privacy-policy","status":"publish","type":"page","link":"https:\/\/kukirin-scooter-parts.com\/es\/privacy-policy\/","title":{"rendered":"Pol\u00edtica de privacidad"},"content":{"rendered":"<div data-elementor-type=\"wp-page\" data-elementor-id=\"3\" class=\"elementor elementor-3\" data-elementor-post-type=\"page\">\n\t\t\t\t<div class=\"elementor-element elementor-element-250f5984 e-flex e-con-boxed e-con e-parent\" data-id=\"250f5984\" data-element_type=\"container\" data-e-type=\"container\">\n\t\t\t\t\t<div class=\"e-con-inner\">\n\t\t\t\t<div class=\"elementor-element elementor-element-2760fd46 elementor-widget elementor-widget-text-editor\" data-id=\"2760fd46\" data-element_type=\"widget\" data-e-type=\"widget\" data-widget_type=\"text-editor.default\">\n\t\t\t\t<div class=\"elementor-widget-container\">\n\t\t\t\t\t\t\t\t\t<p><\/p>\n<p>En kukirin-scooter-parts.com (en adelante \"nosotros\", \"nos\" o \"KuKirin\", \"Sitio\"), nos comprometemos a proteger y respetar la privacidad de sus datos personales. Esta pol\u00edtica de privacidad explica c\u00f3mo KuKirin recopila, utiliza, transfiere y divulga sus datos. Se aplica a los datos recogidos cuando utiliza nuestros sitios web, cuando interact\u00faa con nosotros a trav\u00e9s de las redes sociales, el correo electr\u00f3nico o el tel\u00e9fono, o cuando participa en nuestros concursos o eventos. Abarca:<\/p>\n<h2 class=\"wp-block-heading\"><strong>1. Nuestro compromiso con usted\u00a0<\/strong><br \/><strong>2. C\u00f3mo protegemos sus datos\u00a0\u00a0<\/strong><br \/><strong>3. Los datos personales que recogemos\u00a0<\/strong><br \/><strong>4. C\u00f3mo recopilamos sus datos\u00a0<\/strong><br \/><strong>5. C\u00f3mo utilizamos sus datos\u00a0<\/strong><br \/><strong>6. Acerca de las cookies\u00a0<\/strong><br \/><strong>7. C\u00f3mo compartimos sus datos\u00a0<\/strong><br \/><strong>8. Sus derechos sobre sus datos personales\u00a0<\/strong><br \/><strong>9. Cambios en esta pol\u00edtica de privacidad<\/strong><\/h2>\n<h3>1. Nuestro compromiso con usted<\/h3>\n<h2 class=\"wp-block-heading\">Nos tomamos muy en serio la protecci\u00f3n de sus datos personales y los trataremos de forma justa, l\u00edcita y transparente. Esta pol\u00edtica de privacidad describe los datos personales que recogemos sobre usted y c\u00f3mo se utilizan. S\u00f3lo recogeremos y utilizaremos sus datos personales para los siguientes fines:<\/h2>\n<ul>\n<li>Mejorar nuestros servicios;<\/li>\n<li>Cumplir nuestras responsabilidades legales.<\/li>\n<\/ul>\n<h3>2. C\u00f3mo protegemos sus datos<\/h3>\n<p>Contamos con las salvaguardas organizativas y las medidas de seguridad adecuadas para proteger sus datos de la p\u00e9rdida accidental, el uso o el acceso no autorizados, la alteraci\u00f3n o la divulgaci\u00f3n. La comunicaci\u00f3n entre su navegador y nuestro sitio web utiliza una conexi\u00f3n cifrada segura cuando se trata de sus datos personales. Ciframos sus datos y los almacenamos en servidores seguros ocultos tras un cortafuegos. Exigimos a cualquier tercero contratado para procesar sus datos personales en nuestro nombre que disponga de medidas de seguridad para proteger sus datos y tratarlos de acuerdo con la ley. En el desafortunado caso de que se produzca una violaci\u00f3n de los datos personales, se lo notificaremos a usted y a cualquier normativa aplicable cuando estemos legalmente obligados a hacerlo.<\/p>\n<h3>3. Los datos personales que recogemos\u00a0<\/h3>\n<p>3.1 Direcci\u00f3n de correo electr\u00f3nico, incluida la direcci\u00f3n de correo electr\u00f3nico facilitada a trav\u00e9s de terceros asociados autorizados.<\/p>\n<p>3.2 Informaci\u00f3n de env\u00edo, incluyendo nombre, pa\u00eds y n\u00famero de tel\u00e9fono. Cuando necesitamos almacenar informaci\u00f3n relacionada con un pedido, la introducimos en nuestra base de datos mediante encriptaci\u00f3n SSL. Aunque nuestro sitio web est\u00e1 dise\u00f1ado para un p\u00fablico general, no recopilamos conscientemente ning\u00fan dato de ni\u00f1os.<\/p>\n<h3>4. C\u00f3mo recopilamos sus datos<\/h3>\n<p>Podemos recopilar datos personales sobre usted de las siguientes maneras:\u00a0<\/p>\n<h2 class=\"wp-block-heading\">4.1 Interacciones directas: Puede facilitarnos sus datos de Identidad, Contacto, Financieros, Transacciones, Perfil, Marketing y Comunicaciones rellenando formularios, introduciendo informaci\u00f3n en l\u00ednea o manteniendo correspondencia con nosotros por correo postal, tel\u00e9fono, correo electr\u00f3nico, tel\u00e9fono o de otro modo. Esto incluye los datos personales que nos proporcione, por ejemplo, cuando:<\/h2>\n<ul>\n<li>Cree una cuenta en nuestro sitio web;\u00a0<\/li>\n<li>Suscr\u00edbase a nuestro bolet\u00edn, foros de debate y redes sociales;<\/li>\n<li>Cumplimentar una encuesta voluntaria de investigaci\u00f3n de mercado;<\/li>\n<li>P\u00f3ngase en contacto con nosotros para realizar una consulta o notificar un problema (por tel\u00e9fono, correo electr\u00f3nico, redes sociales o servicio de mensajer\u00eda);<\/li>\n<li>Cuando inicia sesi\u00f3n en nuestro sitio web a trav\u00e9s de las redes sociales.<\/li>\n<\/ul>\n<p>4.2 Interacciones indirectas: A medida que interact\u00faa con nuestro sitio web, podemos recopilar autom\u00e1ticamente los datos t\u00e9cnicos mediante el uso de cookies, registros del servidor y otras tecnolog\u00edas similares. Consulte Acerca de las cookies para obtener m\u00e1s informaci\u00f3n.<\/p>\n<h2 class=\"wp-block-heading\">4.3 Terceros: Podemos recibir datos personales sobre usted de diversos terceros, entre ellos:\u00a0<\/h2>\n<ul>\n<li>Terceros asociados, incluidos proveedores de an\u00e1lisis como Google;\u00a0<\/li>\n<li>Redes de afiliados a trav\u00e9s de las cuales ha accedido a nuestro sitio web;<\/li>\n<li>Plataformas de redes sociales, cuando se conecta a nuestro sitio web utilizando dichas plataformas.<\/li>\n<\/ul>\n<h3>5. C\u00f3mo utilizamos sus datos<\/h3>\n<p>S\u00f3lo recogeremos y trataremos sus datos personales cuando tengamos una base jur\u00eddica para hacerlo. Como responsables del tratamiento de datos, la base jur\u00eddica de nuestra recogida y uso de sus datos personales var\u00eda en funci\u00f3n de la forma y la finalidad para la que los hayamos recogido. S\u00f3lo recogeremos y trataremos sus datos personales cuando tengamos una base jur\u00eddica para hacerlo. Como responsables del tratamiento de datos, la base jur\u00eddica de nuestra recogida y uso de sus datos personales var\u00eda en funci\u00f3n de la forma y la finalidad para la que los hayamos recogido. S\u00f3lo recopilaremos sus datos personales cuando:<\/p>\n<p>5.1 Tenemos su consentimiento para hacerlo<\/p>\n<p>5.2 Necesitamos sus datos personales para ejecutar un contrato con usted. Por ejemplo, para procesar un pago suyo, tramitar su pedido o prestar asistencia al cliente en relaci\u00f3n con un pedido.<\/p>\n<p>5.3 El tratamiento responde a nuestros intereses leg\u00edtimos y no queda anulado por sus derechos.<\/p>\n<p>5.4 Tenemos la obligaci\u00f3n legal de recoger o revelar sus datos personales. KuKirin utiliza sus datos personales para diversas actividades. \u00c9stas se enumeran en la tabla siguiente junto con los tipos de datos utilizados y los fundamentos jur\u00eddicos en los que nos basamos para procesarlos, incluidos, en su caso, nuestros intereses leg\u00edtimos. Tenga en cuenta que podemos tratar sus datos personales utilizando m\u00e1s de una base jur\u00eddica, dependiendo de la actividad espec\u00edfica de que se trate. P\u00f3ngase en contacto con nosotros si necesita detalles sobre el fundamento jur\u00eddico espec\u00edfico en el que nos basamos para tratar sus datos personales cuando en el cuadro que figura a continuaci\u00f3n se haya establecido m\u00e1s de un fundamento.\u00a0<\/p>\n<p>5.5 Crear una cuenta y registrarse como nuevo cliente (directamente o a trav\u00e9s de las redes sociales).\u00a0<\/p>\n<p>5.6 Para gestionar nuestra relaci\u00f3n con usted, lo que incluye proporcionarle cualquier informaci\u00f3n, productos y servicios que nos solicite; notificarle cambios en nuestros servicios, t\u00e9rminos y condiciones o pol\u00edtica de privacidad; pedirle que deje una opini\u00f3n o responda a una encuesta.\u00a0<\/p>\n<p>5.7 Para permitirle participar en un concurso, evento, encuesta o recibir una recompensa.\u00a0<\/p>\n<p>5.8 Para administrar, proteger y mejorar nuestro negocio y nuestro sitio web\/aplicaci\u00f3n, incluida la resoluci\u00f3n de problemas, el an\u00e1lisis de datos, las pruebas, el mantenimiento del sistema, la asistencia, el an\u00e1lisis de datos, la elaboraci\u00f3n de informes y el alojamiento de datos; la configuraci\u00f3n de opciones predeterminadas para usted, como el idioma y la moneda.\u00a0\u00a0<\/p>\n<p>5.9 Para ofrecerle contenidos relevantes del sitio web, anuncios en l\u00ednea e informaci\u00f3n; y medir la eficacia de la publicidad proporcionada.\u00a0<\/p>\n<p>5.10 Utilizar an\u00e1lisis de datos para: mejorar nuestro sitio web, productos, servicios, marketing, relaciones con los clientes y experiencias; y para fines de investigaci\u00f3n de mercado, estad\u00edsticos y de encuestas.\u00a0<\/p>\n<p>5.11 Para recomendarle productos, servicios, descuentos y ofertas que puedan ser de su inter\u00e9s, incluido el env\u00edo de dicha informaci\u00f3n por correo electr\u00f3nico, correo postal o SMS.\u00a0<\/p>\n<p>5.12 Para informarle o recordarle por correo electr\u00f3nico cualquier tarea realizada a trav\u00e9s de nuestro sitio web que siga sin completarse, como pedidos incompletos o cestas abandonadas S\u00f3lo utilizaremos sus datos personales para los fines para los que los recopilamos, a menos que consideremos razonablemente que necesitamos utilizarlos para otro motivo y dicho motivo sea compatible con el fin original. Si deseamos utilizar sus datos personales para un fin no relacionado, se lo notificaremos y le explicaremos la base jur\u00eddica que nos permite hacerlo. Podemos tratar datos personales sin su consentimiento, en cumplimiento de las normas anteriores, cuando as\u00ed lo exija o permita la ley. Conservaremos sus datos personales durante un plazo no superior al necesario para los fines para los que fueron facilitados y para cumplir nuestras obligaciones legales. Puede solicitar m\u00e1s informaci\u00f3n sobre los periodos durante los que conservamos los datos.\u00a0<\/p>\n<h3>6. Acerca de las cookies\u00a0<\/h3>\n<p>Utilizamos \"cookies\" para almacenar informaci\u00f3n espec\u00edfica sobre usted y realizar un seguimiento de sus visitas al Sitio, ya sea a trav\u00e9s de un ordenador o de un dispositivo m\u00f3vil. No es infrecuente que los sitios web utilicen cookies para mejorar la identificaci\u00f3n de sus visitantes una \"cookie\" es una peque\u00f1a cantidad de datos que se env\u00eda a su navegador y se almacena en el disco duro de su ordenador o dispositivo m\u00f3vil. Si no desactiva o borra la cookie, cada vez que utilice el mismo navegador o dispositivo m\u00f3vil para acceder al Sitio, nuestros servidores web ser\u00e1n notificados de su visita al Sitio y, a su vez, podremos tener conocimiento de su visita y del patr\u00f3n de su uso.\u00a0\u00a0<\/p>\n<p>Las cookies nos permitir\u00e1n recordar su informaci\u00f3n para que no tenga que volver a introducirla cada vez que utilice el Sitio. Adem\u00e1s, utilizamos cookies para gestionar la seguridad de nuestro Sitio, recopilar informaci\u00f3n sobre el uso por parte de los usuarios; investigar patrones de visita y realizar publicidad basada en intereses; ayudar a nuestros socios a realizar un seguimiento de las visitas de los usuarios al Sitio, y realizar un seguimiento del progreso y la participaci\u00f3n en promociones. Para estos fines adicionales identificados anteriormente, puede determinar si se aceptar\u00e1 una cookie y c\u00f3mo se aceptar\u00e1 configurando el ajuste de privacidad del navegador que utiliza para acceder al Sitio o el ajuste de privacidad de su dispositivo m\u00f3vil. Si ajusta la configuraci\u00f3n de privacidad del navegador, su dispositivo m\u00f3vil seguir\u00e1 recopilando datos a menos que ajuste la configuraci\u00f3n de privacidad del dispositivo y viceversa. Algunas funciones del Sitio dependen de las cookies.\u00a0<\/p>\n<p>Tenga en cuenta que si decide bloquear las cookies, es posible que no pueda iniciar sesi\u00f3n o utilizar esas funciones y que se pierdan las preferencias que dependen de las cookies.  Utilizamos una serie de herramientas anal\u00edticas y de publicidad dirigida para mostrarle contenido web relevante en nuestro sitio web y anuncios en l\u00ednea en otros sitios web y aplicaciones (como se ha descrito anteriormente), ofrecerle contenido relevante en comunicaciones de marketing (cuando proceda) y medir la eficacia de la publicidad proporcionada.\u00a0<\/p>\n<p>Por ejemplo, utilizamos herramientas como Google Analytics para analizar los datos de publicidad basada en intereses de Google y\/o datos de audiencia de terceros (como edad, estado civil, acontecimientos vitales, sexo e intereses) para orientar y mejorar nuestras campa\u00f1as de marketing, estrategias de marketing y contenido del sitio web. Tambi\u00e9n podemos utilizar herramientas proporcionadas por terceros, como Facebook. Nuestro sitio web puede incluir enlaces a y desde los sitios web de nuestras redes asociadas, anunciantes y afiliados, o a plataformas de medios sociales. Si usted sigue un enlace a cualquiera de estos sitios web, tenga en cuenta que estos sitios web tienen sus propias pol\u00edticas de privacidad y que no aceptamos ninguna responsabilidad u obligaci\u00f3n por estas pol\u00edticas. Compruebe estas pol\u00edticas antes de enviar datos personales a sus sitios web.\u00a0<\/p>\n<h3>7. C\u00f3mo compartimos sus datos\u00a0<\/h3>\n<p>No vendemos, alquilamos, intercambiamos, concedemos licencias ni revelamos o compartimos de ning\u00fan otro modo su informaci\u00f3n personal o financiera con nadie, excepto en las siguientes situaciones espec\u00edficas:\u00a0\u00a0\u00a0\u00a0\u00a0<\/p>\n<p>7.1 Terceros proveedores de servicios: Al igual que la mayor\u00eda de los comerciantes en l\u00ednea, a veces utilizamos proveedores de servicios de terceros para realizar funciones espec\u00edficas en nuestro nombre. Cualquier informaci\u00f3n que se les revele es \u00fanicamente para ayudarles en la prestaci\u00f3n de su servicio. Por ejemplo, proporcionamos su nombre, direcci\u00f3n de env\u00edo y n\u00famero de tel\u00e9fono a socios como DHL para garantizar la entrega de sus pedidos, y podemos utilizar informaci\u00f3n relevante del cliente para supervisar la calidad del servicio del tercero.\u00a0<\/p>\n<p>7.2 Obligaci\u00f3n legal de revelar informaci\u00f3n: Podemos vernos obligados a revelar la informaci\u00f3n si recibimos una citaci\u00f3n, una orden judicial o una solicitud de los funcionarios encargados de hacer cumplir la ley que llevan a cabo investigaciones, o si la ley nos obliga a revelar dicha informaci\u00f3n. Tambi\u00e9n revelaremos informaci\u00f3n personal cuando sea necesario para proteger nuestros derechos legales o hacer cumplir nuestras Condiciones de uso y otros acuerdos. Por ejemplo, podemos compartir informaci\u00f3n para reducir el riesgo de fraude, o para prevenir el fraude por parte de usuarios que intenten cometer fraude u otra actividad ilegal en nuestro Sitio.\u00a0<\/p>\n<p>7.3 Fusi\u00f3n y\/o venta de activos: Normalmente no vendemos, comerciamos ni alquilamos informaci\u00f3n personal a otras empresas en el curso de nuestro negocio. No obstante, es posible que adquiramos, nos fusionemos o seamos adquiridos por otra empresa, o que enajenemos parte o la totalidad de nuestros activos, en cuyo caso su informaci\u00f3n personal podr\u00eda ser revelada a otra empresa, con sujeci\u00f3n a la Pol\u00edtica de Privacidad en vigor.\u00a0<\/p>\n<p>7.4 Informaci\u00f3n no identificable personalmente: Podemos compartir informaci\u00f3n que no le identifique a usted ni a ning\u00fan usuario, como el n\u00famero de visitantes diarios a una p\u00e1gina concreta o el volumen de un pedido realizado en una fecha determinada, con terceros, como socios publicitarios.<\/p>\n<h3>8. Sus derechos sobre sus datos personales\u00a0\u00a0<\/h3>\n<p>La legislaci\u00f3n sobre protecci\u00f3n de datos le otorga varios derechos. Entre ellos se incluye, en determinadas circunstancias, el derecho a:<\/p>\n<p>8.1 Solicitar acceso a sus datos personales<\/p>\n<p>8.2 Solicitar la rectificaci\u00f3n de sus datos personales<\/p>\n<p>8.3 Solicitar la supresi\u00f3n de sus datos personales<\/p>\n<p>8.4 Solicitar la limitaci\u00f3n del tratamiento de sus datos personales<\/p>\n<p>8.5 Solicitar la transferencia de sus datos personales<\/p>\n<p>8.6 Oponerse al tratamiento de sus datos personales<\/p>\n<p>8.7 Oponerse a la toma de decisiones automatizada<\/p>\n<h3>9. Cambios en esta pol\u00edtica de privacidad<\/h3>\n<p>De vez en cuando podemos cambiar esta pol\u00edtica de privacidad. Si se produce alg\u00fan cambio significativo, publicaremos las actualizaciones en nuestro sitio web y aplicaciones o se lo comunicaremos por correo electr\u00f3nico. Esta pol\u00edtica de privacidad se actualiz\u00f3 por \u00faltima vez el 4 de septiembre de 2024.<\/p>\t\t\t\t\t\t\t\t<\/div>\n\t\t\t\t<\/div>\n\t\t\t\t\t<\/div>\n\t\t\t\t<\/div>\n\t\t\t\t<\/div>","protected":false},"excerpt":{"rendered":"<p>En kukirin-scooter-parts.com (en adelante \"nosotros\", \"nos\" o \"KuKirin\", \"Sitio\"), nos comprometemos a proteger y respetar la privacidad de sus datos personales. Esta pol\u00edtica de privacidad explica c\u00f3mo KuKirin recopila, utiliza, transfiere y divulga sus datos. Se aplica a los datos recogidos cuando utiliza nuestros sitios web, cuando interact\u00faa con nosotros ... <a title=\"Pol\u00edtica de privacidad\" class=\"read-more\" href=\"https:\/\/kukirin-scooter-parts.com\/es\/privacy-policy\/\" aria-label=\"Leer m\u00e1s sobre Privacy Policy\">Leer m\u00e1s<\/a><\/p>","protected":false},"author":1,"featured_media":0,"parent":0,"menu_order":0,"comment_status":"closed","ping_status":"open","template":"","meta":{"footnotes":""},"class_list":["post-3","page","type-page","status-publish"],"_links":{"self":[{"href":"https:\/\/kukirin-scooter-parts.com\/es\/wp-json\/wp\/v2\/pages\/3","targetHints":{"allow":["GET"]}}],"collection":[{"href":"https:\/\/kukirin-scooter-parts.com\/es\/wp-json\/wp\/v2\/pages"}],"about":[{"href":"https:\/\/kukirin-scooter-parts.com\/es\/wp-json\/wp\/v2\/types\/page"}],"author":[{"embeddable":true,"href":"https:\/\/kukirin-scooter-parts.com\/es\/wp-json\/wp\/v2\/users\/1"}],"replies":[{"embeddable":true,"href":"https:\/\/kukirin-scooter-parts.com\/es\/wp-json\/wp\/v2\/comments?post=3"}],"version-history":[{"count":4,"href":"https:\/\/kukirin-scooter-parts.com\/es\/wp-json\/wp\/v2\/pages\/3\/revisions"}],"predecessor-version":[{"id":92,"href":"https:\/\/kukirin-scooter-parts.com\/es\/wp-json\/wp\/v2\/pages\/3\/revisions\/92"}],"wp:attachment":[{"href":"https:\/\/kukirin-scooter-parts.com\/es\/wp-json\/wp\/v2\/media?parent=3"}],"curies":[{"name":"wp","href":"https:\/\/api.w.org\/{rel}","templated":true}]}}