{"id":11,"date":"2024-09-02T07:47:47","date_gmt":"2024-09-02T07:47:47","guid":{"rendered":"https:\/\/kukirin-scooter-parts.com\/?page_id=11"},"modified":"2024-09-02T07:47:48","modified_gmt":"2024-09-02T07:47:48","slug":"refund_returns","status":"publish","type":"page","link":"https:\/\/kukirin-scooter-parts.com\/es\/refund_returns\/","title":{"rendered":"Pol\u00edtica de devoluciones y reembolsos"},"content":{"rendered":"<div data-elementor-type=\"wp-page\" data-elementor-id=\"11\" class=\"elementor elementor-11\" data-elementor-post-type=\"page\">\n\t\t\t\t<div class=\"elementor-element elementor-element-7db694f0 e-flex e-con-boxed e-con e-parent\" data-id=\"7db694f0\" data-element_type=\"container\" data-e-type=\"container\">\n\t\t\t\t\t<div class=\"e-con-inner\">\n\t\t\t\t<div class=\"elementor-element elementor-element-17ba640e elementor-widget elementor-widget-text-editor\" data-id=\"17ba640e\" data-element_type=\"widget\" data-e-type=\"widget\" data-widget_type=\"text-editor.default\">\n\t\t\t\t<div class=\"elementor-widget-container\">\n\t\t\t\t\t\t\t\t\t\n<p>Si solicita el reembolso o la devoluci\u00f3n tras realizar un pedido, consulte la siguiente pol\u00edtica de devoluciones y reembolsos (\u00e1mbito de aplicaci\u00f3n Esta pol\u00edtica se aplica a todos los productos adquiridos en nuestro sitio web).<\/p>\n<ul>\n<li>Condiciones de devoluci\u00f3n y reembolso<\/li>\n<\/ul>\n<p>Productos da\u00f1ados o defectuosos: Si recibe un producto da\u00f1ado o defectuoso, p\u00f3ngase en contacto con nosotros en un plazo de 5 d\u00edas a partir de la recepci\u00f3n del producto.<br \/>Producto incorrecto: Si el producto que ha recibido no coincide con su pedido, p\u00f3ngase en contacto con nosotros en un plazo de 5 d\u00edas desde la recepci\u00f3n del producto para organizar una devoluci\u00f3n o sustituci\u00f3n.<\/p>\n<ul>\n<li>Situaciones no susceptibles de devoluci\u00f3n o reembolso Las siguientes situaciones no son susceptibles de devoluci\u00f3n o reembolso:<\/li>\n<\/ul>\n<p>Las piezas de scooter pertenecen a productos especiales, no admiten la devoluci\u00f3n ni el cambio si no hay problemas de calidad.<\/p>\n<ul>\n<li>Proceso de devoluci\u00f3n<\/li>\n<\/ul>\n<p>Si recibe un producto con un problema de calidad o recibe un producto incorrecto, p\u00f3ngase en contacto con nosotros directamente e inf\u00f3rmenos de su n\u00famero de pedido.<br \/>Gastos de devoluci\u00f3n: Cubriremos los gastos de env\u00edo de devoluci\u00f3n de los productos devueltos por problemas de calidad.<\/p>\n<ul>\n<li>Proceso de devoluci\u00f3n<\/li>\n<\/ul>\n<p>M\u00e9todo de reembolso: Los reembolsos se emitir\u00e1n a su m\u00e9todo de pago original y ompleted dentro de 3-5 d\u00edas.<br \/>Una vez iniciado el proceso de reembolso, tardar\u00e1 entre 5 y 7 d\u00edas en llegar dependiendo de su banco.<\/p>\n<ul>\n<li>Cancelaci\u00f3n (el producto se env\u00eda):<\/li>\n<\/ul>\n<p>No se admiten cancelaciones ni devoluciones de pedidos de piezas de scooter enviadas.<\/p>\n<ul>\n<li>Cancelaciones de pedidos anticipados:<\/li>\n<\/ul>\n<p>Para todos los pedidos anticipados, si cancela su pedido por motivos personales antes de que se env\u00ede, deber\u00e1 abonar los gastos de transacci\u00f3n.<\/p>\n<ul>\n<li>Para productos adquiridos fuera de kukirin-escooter.com:<\/li>\n<\/ul>\n<p>Para los productos no adquiridos en este sitio, no podemos ofrecer una soluci\u00f3n, por favor p\u00f3ngase en contacto con su proveedor directamentem<\/p>\n<ul>\n<li>\u00bfNecesita ayuda?<\/li>\n<\/ul>\n<p>Si tiene alguna pregunta o necesita m\u00e1s ayuda, p\u00f3ngase en contacto con nosotros: info@kukirin-scooter-parts.com<\/p>\n<ul>\n<li>Actualizaciones pol\u00edticas<\/li>\n<\/ul>\n<p>Nos reservamos el derecho a actualizar esta pol\u00edtica en cualquier momento. Consulte la \u00faltima versi\u00f3n de la pol\u00edtica de devoluciones y reembolsos antes de realizar una compra.<\/p>\n\t\t\t\t\t\t\t\t<\/div>\n\t\t\t\t<\/div>\n\t\t\t\t\t<\/div>\n\t\t\t\t<\/div>\n\t\t\t\t<\/div>","protected":false},"excerpt":{"rendered":"<p>Si solicita el reembolso o la devoluci\u00f3n tras realizar un pedido, consulte la siguiente pol\u00edtica de devoluciones y reembolsos (\u00e1mbito de aplicaci\u00f3n Esta pol\u00edtica se aplica a todos los productos adquiridos en nuestro sitio web). Condiciones de devoluci\u00f3n y reembolso Productos da\u00f1ados o defectuosos: Si recibe un producto da\u00f1ado o defectuoso, p\u00f3ngase en contacto con nosotros en un plazo de 5 d\u00edas ... <a title=\"Pol\u00edtica de devoluciones y reembolsos\" class=\"read-more\" href=\"https:\/\/kukirin-scooter-parts.com\/es\/refund_returns\/\" aria-label=\"Leer m\u00e1s sobre Refund and Returns Policy\">Leer m\u00e1s<\/a><\/p>","protected":false},"author":1,"featured_media":0,"parent":0,"menu_order":0,"comment_status":"closed","ping_status":"closed","template":"","meta":{"footnotes":""},"class_list":["post-11","page","type-page","status-publish"],"_links":{"self":[{"href":"https:\/\/kukirin-scooter-parts.com\/es\/wp-json\/wp\/v2\/pages\/11","targetHints":{"allow":["GET"]}}],"collection":[{"href":"https:\/\/kukirin-scooter-parts.com\/es\/wp-json\/wp\/v2\/pages"}],"about":[{"href":"https:\/\/kukirin-scooter-parts.com\/es\/wp-json\/wp\/v2\/types\/page"}],"author":[{"embeddable":true,"href":"https:\/\/kukirin-scooter-parts.com\/es\/wp-json\/wp\/v2\/users\/1"}],"replies":[{"embeddable":true,"href":"https:\/\/kukirin-scooter-parts.com\/es\/wp-json\/wp\/v2\/comments?post=11"}],"version-history":[{"count":4,"href":"https:\/\/kukirin-scooter-parts.com\/es\/wp-json\/wp\/v2\/pages\/11\/revisions"}],"predecessor-version":[{"id":99,"href":"https:\/\/kukirin-scooter-parts.com\/es\/wp-json\/wp\/v2\/pages\/11\/revisions\/99"}],"wp:attachment":[{"href":"https:\/\/kukirin-scooter-parts.com\/es\/wp-json\/wp\/v2\/media?parent=11"}],"curies":[{"name":"wp","href":"https:\/\/api.w.org\/{rel}","templated":true}]}}