{"id":69,"date":"2024-09-02T03:59:33","date_gmt":"2024-09-02T03:59:33","guid":{"rendered":"https:\/\/kukirin-scooter-parts.com\/?page_id=69"},"modified":"2024-09-02T08:23:12","modified_gmt":"2024-09-02T08:23:12","slug":"warranty-policy","status":"publish","type":"page","link":"https:\/\/kukirin-scooter-parts.com\/de\/warranty-policy\/","title":{"rendered":"Garantie Politik"},"content":{"rendered":"<div data-elementor-type=\"wp-page\" data-elementor-id=\"69\" class=\"elementor elementor-69\" data-elementor-post-type=\"page\">\n\t\t\t\t<div class=\"elementor-element elementor-element-438fa0d e-flex e-con-boxed e-con e-parent\" data-id=\"438fa0d\" data-element_type=\"container\" data-e-type=\"container\">\n\t\t\t\t\t<div class=\"e-con-inner\">\n\t\t\t\t<div class=\"elementor-element elementor-element-339e41b elementor-widget elementor-widget-text-editor\" data-id=\"339e41b\" data-element_type=\"widget\" data-e-type=\"widget\" data-widget_type=\"text-editor.default\">\n\t\t\t\t<div class=\"elementor-widget-container\">\n\t\t\t\t\t\t\t\t\t<p>Batterie<\/p><p>KuKirin Scooter Parts bietet eine 6-monatige Garantie auf die Batterie. Wenn wir feststellen, dass die Batterie defekt ist, schicken wir Ihnen kostenlos Ersatz.<\/p><p>Alle Garantieanspr\u00fcche f\u00fcr Akkus und Akkupacks unterliegen den folgenden Bedingungen und Einschr\u00e4nkungen:<\/p><p>Bedingungen und Beschr\u00e4nkungen<\/p><p>1. Die Batterie muss die richtige Gr\u00f6\u00dfe, Konstruktion und Kapazit\u00e4t f\u00fcr die Anwendung haben. Wenn Sie nicht den richtigen Akku f\u00fcr die Anwendung verwenden, erlischt jegliche Garantie.<br \/>2. Die Batterie muss ordnungsgem\u00e4\u00df gehandhabt, gelagert und installiert werden. Die endg\u00fcltige Installation darf nicht l\u00e4nger als zwei Monate nach Erhalt der Batterie abgeschlossen sein.<br \/>3. Die Batterie muss in Verbindung mit einem strombegrenzten Konstantspannungs-Ladesystem betrieben und ansonsten gem\u00e4\u00df den Anweisungen betrieben und gewartet werden.<br \/>4. Der Benutzer muss die \u00dcberpr\u00fcfung der Batterie durch einen Vertreter der Firma KuKirin Scooter Parts zulassen, indem er die Batterien zur Pr\u00fcfung des Garantieanspruchs an uns zur\u00fcckschickt.<br \/>5. F\u00fcr den Ersatzakku gilt nur der verbleibende, nicht genutzte Teil der Garantie f\u00fcr den Originalakku.<br \/>6. Diese Garantie erlischt, wenn der Akku unsachgem\u00e4\u00df verwendet, missbraucht oder sichtbar besch\u00e4digt wird oder wenn der Akku durch Feuer, Wrackteile, \u00dcberschwemmung, Frost oder andere h\u00f6here Gewalt unbrauchbar wird.<br \/>7. Die oben genannten Garantien treten an die Stelle aller anderen ausdr\u00fccklichen oder stillschweigenden Garantien, einschlie\u00dflich und ohne Einschr\u00e4nkung jeglicher stillschweigenden Garantie der Marktg\u00e4ngigkeit oder Eignung. In keinem Fall ist KuKirin Scooter Parts verantwortlich f\u00fcr zuf\u00e4llige KuKirin Scooter Parts.com ist nicht haftbar f\u00fcr M\u00e4ngel oder Vertragsbr\u00fcche in Bezug auf die Qualit\u00e4t oder Leistung der oben genannten Ger\u00e4te unter irgendeiner Rechtstheorie.<br \/>8. Diese eingeschr\u00e4nkte Garantie gilt f\u00fcr den Erstk\u00e4ufer (Benutzer) und ist nicht \u00fcbertragbar.<br \/>9. Der Benutzer muss KuKirin Scooter Parts im Falle eines angeblichen Mangels unverz\u00fcglich benachrichtigen.<\/p><p>Um einen Garantieanspruch f\u00fcr einen Akku geltend zu machen, senden Sie uns bitte eine E-Mail an info@kukirin-scooter-parts.com mit den folgenden Informationen:<\/p><p>Name<br \/>Adresse<br \/>Bestellnummer<br \/>Datumscode auf der Batterie gestempelt<\/p><p>Andere Artikel<\/p><p>KuKirin Scooter Parts bietet eine 12-monatige Garantie f\u00fcr alle Artikel au\u00dfer der Batterie<br \/>Alle Garantieanspr\u00fcche f\u00fcr andere Shopartikel unterliegen den folgenden Bedingungen und Einschr\u00e4nkungen:<\/p><p>Bedingungen und Beschr\u00e4nkungen<\/p><p>1. Der Benutzer muss die \u00dcberpr\u00fcfung des Artikels durch einen Vertreter der Firma KuKirin Scooter Parts erlauben.<br \/>2. F\u00fcr den Ersatzartikel gilt nur der verbleibende, nicht genutzte Teil der Garantie f\u00fcr den Originalartikel.<br \/>3. Diese Garantie erlischt, wenn der Artikel unsachgem\u00e4\u00df verwendet, missbraucht oder sichtbar besch\u00e4digt wurde oder wenn er durch Feuer, Wrackteile, \u00dcberschwemmung, Frost oder andere h\u00f6here Gewalt unbrauchbar wird.<br \/>4. Die oben genannten Garantien treten an die Stelle aller anderen ausdr\u00fccklichen oder stillschweigenden Garantien, einschlie\u00dflich und ohne Einschr\u00e4nkung jeglicher stillschweigenden Garantie der Marktg\u00e4ngigkeit oder Eignung. In keinem Fall ist KuKirin Scooter Parts f\u00fcr zuf\u00e4llige oder Folgesch\u00e4den oder Verluste verantwortlich. KuKirin Scooter Parts haftet nicht f\u00fcr M\u00e4ngel oder Vertragsverletzungen in Bezug auf die Qualit\u00e4t oder Leistung der oben genannten Ger\u00e4te, unabh\u00e4ngig von der Rechtsgrundlage.<br \/>5. Diese beschr\u00e4nkte Garantie gilt f\u00fcr den Erstk\u00e4ufer (Benutzer) und ist nicht \u00fcbertragbar.<br \/>6. Der Benutzer muss KuKirin Scooter Parts im Falle eines angeblichen Mangels unverz\u00fcglich benachrichtigen.<br \/>7. Alle anderen stillschweigenden Garantien f\u00fcr diese Teile, einschlie\u00dflich, aber nicht beschr\u00e4nkt auf, die Marktg\u00e4ngigkeit und die Eignung f\u00fcr einen bestimmten Zweck, werden hiermit abgelehnt. In keinem Fall ist KuKirin Scooter Parts f\u00fcr zuf\u00e4llige oder Folgesch\u00e4den oder Verluste verantwortlich. KuKirin Scooter Parts haftet unter keinen Umst\u00e4nden f\u00fcr M\u00e4ngel oder Vertragsverletzungen in Bezug auf die Qualit\u00e4t oder Leistung der oben genannten Ausr\u00fcstung, unabh\u00e4ngig von der Rechtsgrundlage.<\/p><p><b>Verfahren<\/b><\/p><p>Um einen Garantieanspruch geltend zu machen, senden Sie uns bitte eine E-Mail an info@kukirin-scooter-parts.com mit den Details zu den Problemen, die Sie mit Ihrem Artikel haben.<\/p>\t\t\t\t\t\t\t\t<\/div>\n\t\t\t\t<\/div>\n\t\t\t\t\t<\/div>\n\t\t\t\t<\/div>\n\t\t\t\t<\/div>","protected":false},"excerpt":{"rendered":"<p>Batterie KuKirin Scooter Parts bietet eine 6-monatige Garantie auf die Batterie. Wenn wir feststellen, dass die Batterie defekt ist, liefern wir Ihnen kostenlos Ersatz. Alle Garantieanspr\u00fcche f\u00fcr Batterien und Akkupacks unterliegen den folgenden Bedingungen und Einschr\u00e4nkungen: Bedingungen und Beschr\u00e4nkungen 1. Der Akku muss die richtige Gr\u00f6\u00dfe, Konstruktion und Kapazit\u00e4t f\u00fcr die Anwendung haben. Versagen ... <a title=\"Garantie Politik\" class=\"read-more\" href=\"https:\/\/kukirin-scooter-parts.com\/de\/warranty-policy\/\" aria-label=\"Mehr Informationen \u00fcber Warranty Policy\">Weiterlesen<\/a><\/p>","protected":false},"author":1,"featured_media":0,"parent":0,"menu_order":0,"comment_status":"closed","ping_status":"closed","template":"","meta":{"footnotes":""},"class_list":["post-69","page","type-page","status-publish"],"_links":{"self":[{"href":"https:\/\/kukirin-scooter-parts.com\/de\/wp-json\/wp\/v2\/pages\/69","targetHints":{"allow":["GET"]}}],"collection":[{"href":"https:\/\/kukirin-scooter-parts.com\/de\/wp-json\/wp\/v2\/pages"}],"about":[{"href":"https:\/\/kukirin-scooter-parts.com\/de\/wp-json\/wp\/v2\/types\/page"}],"author":[{"embeddable":true,"href":"https:\/\/kukirin-scooter-parts.com\/de\/wp-json\/wp\/v2\/users\/1"}],"replies":[{"embeddable":true,"href":"https:\/\/kukirin-scooter-parts.com\/de\/wp-json\/wp\/v2\/comments?post=69"}],"version-history":[{"count":4,"href":"https:\/\/kukirin-scooter-parts.com\/de\/wp-json\/wp\/v2\/pages\/69\/revisions"}],"predecessor-version":[{"id":104,"href":"https:\/\/kukirin-scooter-parts.com\/de\/wp-json\/wp\/v2\/pages\/69\/revisions\/104"}],"wp:attachment":[{"href":"https:\/\/kukirin-scooter-parts.com\/de\/wp-json\/wp\/v2\/media?parent=69"}],"curies":[{"name":"wp","href":"https:\/\/api.w.org\/{rel}","templated":true}]}}