{"id":67,"date":"2024-09-02T03:57:53","date_gmt":"2024-09-02T03:57:53","guid":{"rendered":"https:\/\/kukirin-scooter-parts.com\/?page_id=67"},"modified":"2024-09-27T10:18:13","modified_gmt":"2024-09-27T10:18:13","slug":"shipping-delivery","status":"publish","type":"page","link":"https:\/\/kukirin-scooter-parts.com\/de\/shipping-delivery\/","title":{"rendered":"Versand &amp; Lieferung"},"content":{"rendered":"<div data-elementor-type=\"wp-page\" data-elementor-id=\"67\" class=\"elementor elementor-67\" data-elementor-post-type=\"page\">\n\t\t\t\t<div class=\"elementor-element elementor-element-df66abb e-flex e-con-boxed e-con e-parent\" data-id=\"df66abb\" data-element_type=\"container\" data-e-type=\"container\">\n\t\t\t\t\t<div class=\"e-con-inner\">\n\t\t\t\t<div class=\"elementor-element elementor-element-3920418 elementor-widget elementor-widget-text-editor\" data-id=\"3920418\" data-element_type=\"widget\" data-e-type=\"widget\" data-widget_type=\"text-editor.default\">\n\t\t\t\t<div class=\"elementor-widget-container\">\n\t\t\t\t\t\t\t\t\t<p>Versandmethoden<br \/>Wir arbeiten f\u00fcr unsere Lieferungen mit den Versandunternehmen DPD, UPS und GLS zusammen. Wir senden unseren Kunden die Versandinformationen per E-Mail, sobald der Versand begonnen hat, einschlie\u00dflich des Versanddatums, der Tracking-Nummer und der Tracking-Website.<\/p><p>Versand von<br \/>Die lokalen Lagerh\u00e4user in Polen.<\/p><p>Versand nach<br \/>Alle EU-L\u00e4nder, mit Ausnahme von Zypern, Malta und einigen abgelegenen Inseln.<\/p><p>Versandzeit<\/p><p>Von Polen nach Belgien, Bulgarien, D\u00e4nemark, Deutschland, Estland, Finnland, Frankreich, Griechenland, Irland, Italien, Kroatien, Lettland, Litauen, Luxemburg, Niederlande, \u00d6sterreich, Polen, Portugal, Rum\u00e4nien, Schweden, Slowakei, Slowenien, Spanien, Tschechische Republik und Ungarn dauert es 5-7 Werktage (Diese Lieferzeit ist eine Sch\u00e4tzung und kann sich w\u00e4hrend europ\u00e4ischer Feiertage verz\u00f6gern).<\/p><p>Anmerkung\uff1a<\/p><p>Der Bestand an Rollerteilen wird h\u00e4ufig aktualisiert, wir haben keine M\u00f6glichkeit, den Bestand der einzelnen Teile rechtzeitig zu aktualisieren. Wenn Sie sich ernsthaft um die Ankunftszeit sorgen, kontaktieren Sie uns bitte vor der Bestellung, ob es einen Bestand gibt, und entscheiden Sie dann, ob Sie bestellen m\u00f6chten.<\/p><p>Kosten f\u00fcr den Versand<\/p><p>Bei einem Bestellwert von \u00fcber 35 \u20ac ist der Versand kostenlos, bei einem Bestellwert unter 35 \u20ac wird eine Versandgeb\u00fchr von 10 \u20ac pro Bestellung erhoben. Die Einfuhrsteuern werden beim Versand der Waren an das polnische Lager bezahlt, Sie m\u00fcssen keine Zollgeb\u00fchren bezahlen.<\/p>\t\t\t\t\t\t\t\t<\/div>\n\t\t\t\t<\/div>\n\t\t\t\t\t<\/div>\n\t\t\t\t<\/div>\n\t\t\t\t<\/div>","protected":false},"excerpt":{"rendered":"<p>Shipping methodsWe work with DPD, UPS and GLS shipping companies for our deliveries. We\u2019ll send the shipping information to our customers by emails as soon as the shipping is started, including the shipping date, the tracking number and the tracking site. Shipping fromThe local warehouses in Poland. Shipping toAll EU countries, except for Cyprus, Malta &#8230; <a title=\"Shipping &amp; Delivery\" class=\"read-more\" href=\"https:\/\/kukirin-scooter-parts.com\/de\/shipping-delivery\/\" aria-label=\"Mehr Informationen \u00fcber Shipping &amp; Delivery\">Weiterlesen<\/a><\/p>","protected":false},"author":1,"featured_media":0,"parent":0,"menu_order":0,"comment_status":"closed","ping_status":"closed","template":"","meta":{"footnotes":""},"class_list":["post-67","page","type-page","status-publish"],"_links":{"self":[{"href":"https:\/\/kukirin-scooter-parts.com\/de\/wp-json\/wp\/v2\/pages\/67","targetHints":{"allow":["GET"]}}],"collection":[{"href":"https:\/\/kukirin-scooter-parts.com\/de\/wp-json\/wp\/v2\/pages"}],"about":[{"href":"https:\/\/kukirin-scooter-parts.com\/de\/wp-json\/wp\/v2\/types\/page"}],"author":[{"embeddable":true,"href":"https:\/\/kukirin-scooter-parts.com\/de\/wp-json\/wp\/v2\/users\/1"}],"replies":[{"embeddable":true,"href":"https:\/\/kukirin-scooter-parts.com\/de\/wp-json\/wp\/v2\/comments?post=67"}],"version-history":[{"count":10,"href":"https:\/\/kukirin-scooter-parts.com\/de\/wp-json\/wp\/v2\/pages\/67\/revisions"}],"predecessor-version":[{"id":539,"href":"https:\/\/kukirin-scooter-parts.com\/de\/wp-json\/wp\/v2\/pages\/67\/revisions\/539"}],"wp:attachment":[{"href":"https:\/\/kukirin-scooter-parts.com\/de\/wp-json\/wp\/v2\/media?parent=67"}],"curies":[{"name":"wp","href":"https:\/\/api.w.org\/{rel}","templated":true}]}}