{"id":65,"date":"2024-09-02T03:55:17","date_gmt":"2024-09-02T03:55:17","guid":{"rendered":"https:\/\/kukirin-scooter-parts.com\/?page_id=65"},"modified":"2024-09-02T07:28:52","modified_gmt":"2024-09-02T07:28:52","slug":"terms-of-service","status":"publish","type":"page","link":"https:\/\/kukirin-scooter-parts.com\/de\/terms-of-service\/","title":{"rendered":"Allgemeine Gesch\u00e4ftsbedingungen"},"content":{"rendered":"<div data-elementor-type=\"wp-page\" data-elementor-id=\"65\" class=\"elementor elementor-65\" data-elementor-post-type=\"page\">\n\t\t\t\t<div class=\"elementor-element elementor-element-9797c62 e-flex e-con-boxed e-con e-parent\" data-id=\"9797c62\" data-element_type=\"container\" data-e-type=\"container\">\n\t\t\t\t\t<div class=\"e-con-inner\">\n\t\t\t\t<div class=\"elementor-element elementor-element-53fff2a elementor-widget elementor-widget-text-editor\" data-id=\"53fff2a\" data-element_type=\"widget\" data-e-type=\"widget\" data-widget_type=\"text-editor.default\">\n\t\t\t\t<div class=\"elementor-widget-container\">\n\t\t\t\t\t\t\t\t\t<p>Willkommen bei kukirin-scooter-parts.com! Diese Nutzungsbedingungen beschreiben die Bedingungen, die f\u00fcr Ihren Zugang und Ihre Nutzung der Website kukirin-scooter.com gelten. Diese Erkl\u00e4rung ist eine rechtsverbindliche Vereinbarung zwischen Ihnen als Nutzer der Website (im Folgenden als \"Sie\", \"Mitglied\", \"Kunde\" oder \"Nutzer\" bezeichnet) und kukirin-scooter.com (im Folgenden als \"wir\", \"unser\", \"uns\" oder \"KuKirin\", \"Website\" bezeichnet). Bitte lesen Sie diese Bedingungen sorgf\u00e4ltig durch, bevor Sie Produkte von unserer Website bestellen.<\/p><h2><strong><b>Benutzervereinbarung<\/b><\/strong><\/h2><p>Indem Sie auf diese Website zugreifen, sie durchst\u00f6bern oder nutzen, erkl\u00e4ren Sie sich mit den Nutzungsbedingungen dieser Website und allen geltenden Gesetzen und Vorschriften einverstanden und stimmen gleichzeitig zu, dass Sie f\u00fcr die Einhaltung aller geltenden lokalen Gesetze verantwortlich sind. Wenn Sie mit einer dieser Bedingungen nicht einverstanden sind, ist es Ihnen untersagt, diese Website zu nutzen oder darauf zuzugreifen. Die auf dieser Website enthaltenen Materialien sind durch die geltenden Urheberrechts- und Markengesetze gesch\u00fctzt. Unsere Produkte und Dienstleistungen richten sich haupts\u00e4chlich an Erwachsene. Wenn Sie minderj\u00e4hrig sind, versichern Sie bitte, dass Sie die Website unter der Aufsicht eines Elternteils oder Erziehungsberechtigten besuchen.<\/p><h3><strong><b>1. Vereinbarung Bedingung\u00a0<\/b><\/strong><\/h3><p>1.1 Als Bedingung f\u00fcr Ihren Zugriff auf die Website oder die Dienste und deren Nutzung erkl\u00e4ren Sie sich damit einverstanden, dass Sie bei der Nutzung der Website oder der Dienste alle geltenden Gesetze und Vorschriften einhalten.\u00a0<\/p><p>1.2 Sie erkl\u00e4ren sich damit einverstanden, die Website oder die Dienste ausschlie\u00dflich f\u00fcr Ihre eigenen privaten und internen Zwecke zu nutzen. Sie erkl\u00e4ren sich damit einverstanden, dass (a) Sie keine Dienstleistungen oder Informationen, Texte, Bilder, Grafiken, Videoclips, T\u00f6ne, Verzeichnisse, Dateien, Datenbanken oder Listen usw., die auf oder \u00fcber die Website verf\u00fcgbar sind (die \"Website-Inhalte\"), kopieren, reproduzieren, herunterladen, neu ver\u00f6ffentlichen, verkaufen, vertreiben oder weiterverkaufen werden, und (b) Sie keine Website-Inhalte kopieren, reproduzieren, herunterladen, zusammenstellen oder anderweitig verwenden werden, um ein Unternehmen zu betreiben, das mit KuKirin konkurriert, oder um die Website-Inhalte anderweitig kommerziell zu nutzen. Der systematische Abruf von Website-Inhalten von der Website, um direkt oder indirekt eine Sammlung, Zusammenstellung, Datenbank oder ein Verzeichnis zu erstellen (sei es durch Roboter, Spider, automatische Ger\u00e4te oder manuelle Prozesse), ist ohne schriftliche Genehmigung von KuKirin verboten. Die Verwendung von Inhalten oder Materialien auf der Website zu einem Zweck, der nicht ausdr\u00fccklich in den Bedingungen erlaubt ist, ist verboten.<br \/>\u00a0<\/p><p>1.3 Sie m\u00fcssen die Datenschutzrichtlinien von KuKirin lesen, die den Schutz und die Verwendung der pers\u00f6nlichen Daten der Nutzer im Besitz von KuKirin und unseren Partnern regeln. Sie erkl\u00e4ren sich mit der Verwendung Ihrer pers\u00f6nlichen Daten in \u00dcbereinstimmung mit der Datenschutzrichtlinie einverstanden.\u00a0<\/p><p>1.4 KuKirin kann es Nutzern erm\u00f6glichen, \u00fcber Hyperlinks (in Form von Word-Links, Bannern, Kan\u00e4len oder anderweitig), API oder auf andere Weise auf Inhalte, Produkte oder Dienstleistungen zuzugreifen, die von Drittanbietern angeboten werden. Wir weisen Sie darauf hin, dass Sie vor der Nutzung der Website die Allgemeinen Gesch\u00e4ftsbedingungen und\/oder Datenschutzrichtlinien dieser Websites lesen sollten. Sie erkennen an, dass KuKirin keine Kontrolle \u00fcber die Websites dieser Dritten hat, diese nicht \u00fcberwacht und gegen\u00fcber niemandem f\u00fcr diese Websites oder f\u00fcr Inhalte, Produkte oder Dienstleistungen, die auf diesen Websites zur Verf\u00fcgung gestellt werden, verantwortlich oder haftbar ist.<\/p><p>1.5 Sie verpflichten sich, keine Ma\u00dfnahmen zu ergreifen, um die Integrit\u00e4t der Computersysteme oder Netzwerke von KuKirin und\/oder anderen Nutzern zu untergraben oder sich unbefugt Zugang zu diesen Computersystemen oder Netzwerken zu verschaffen.\u00a0<\/p><p>1.6 Sie verpflichten sich, keine Handlungen vorzunehmen, die die Integrit\u00e4t des Feedback-Systems von KuKirin untergraben k\u00f6nnten, wie z.B. das Hinterlassen von positivem Feedback f\u00fcr sich selbst unter Verwendung von sekund\u00e4ren Mitglieds-IDs oder \u00fcber Dritte oder das Hinterlassen von unbegr\u00fcndetem negativen Feedback f\u00fcr einen anderen Nutzer.<\/p><h3><strong><b>2. Verantwortlichkeiten des Benutzers\u00a0<\/b><\/strong><\/h3><p>2.1 Der Benutzer muss auf der Website registriert sein, um einige Dienste nutzen zu k\u00f6nnen. Au\u00dfer mit der Zustimmung von KuKirin darf ein Nutzer nur ein Nutzerkonto auf der Website registrieren. KuKirin kann das Konto eines Benutzers l\u00f6schen oder k\u00fcndigen, wenn KuKirin den begr\u00fcndeten Verdacht hat, dass der Benutzer zwei oder mehr Benutzerkonten gleichzeitig registriert oder kontrolliert hat. Dar\u00fcber hinaus kann KuKirin den Antrag des Benutzers auf Registrierung aus beliebigen Gr\u00fcnden ablehnen.\u00a0<\/p><p>2.2 Bei der Registrierung auf der Website weist KuKirin jedem registrierten Nutzer ein Konto zu und vergibt eine Benutzer-ID und ein Passwort (letzteres wird von einem registrierten Nutzer bei der Registrierung gew\u00e4hlt). Ein Konto kann \u00fcber ein webbasiertes E-Mail-Konto mit begrenztem Speicherplatz verf\u00fcgen, \u00fcber das der Nutzer E-Mails senden oder empfangen kann. Wenn Sie ein KuKirin-Benutzer werden, erkl\u00e4ren Sie sich damit einverstanden, dass KuKirin Ihre Daten in \u00dcbereinstimmung mit der Datenschutzrichtlinie speichert und verwendet.\u00a0<\/p><p>2.3 Eine Benutzer-ID und ein Passwort sind f\u00fcr ein einzelnes Konto einzigartig. Jeder Nutzer ist allein verantwortlich f\u00fcr die Wahrung der Vertraulichkeit und Sicherheit seiner Benutzer-ID und seines Passworts sowie f\u00fcr alle Aktivit\u00e4ten, die unter seinem Konto stattfinden. Kein Benutzer darf sein Benutzerkonto, seine ID oder sein Passwort an eine andere Person au\u00dferhalb seiner eigenen Gesch\u00e4ftseinheit weitergeben, abtreten oder deren Nutzung gestatten. Sie verpflichten sich, KuKirin unverz\u00fcglich zu benachrichtigen, wenn Sie von einer unbefugten Nutzung Ihres Passworts oder Ihres Kontos oder einer anderen Verletzung der Sicherheit Ihres Kontos Kenntnis erlangen.\u00a0<\/p><p>2.4 Der Nutzer erkl\u00e4rt sich damit einverstanden, dass alle Aktivit\u00e4ten, die unter seinem Konto stattfinden (einschlie\u00dflich, aber nicht beschr\u00e4nkt auf das Posten von Unternehmens- oder Produktinformationen, das Anklicken von Zusatzvereinbarungen oder Regeln, das Abonnieren oder Bezahlen von Diensten, das Versenden von E-Mails \u00fcber das E-Mail-Konto), als vom Nutzer autorisiert gelten.\u00a0<\/p><p>2.5 Der Nutzer erkennt an, dass die gemeinsame Nutzung Ihres Kontos mit anderen Personen oder die Erlaubnis zur Nutzung Ihres Kontos durch mehrere Nutzer (zusammenfassend als \"Mehrfachnutzung\" bezeichnet) KuKirin oder anderen Nutzern der Website irreparablen Schaden zuf\u00fcgen kann. Der Nutzer verpflichtet sich, KuKirin, unsere verbundenen Unternehmen, Direktoren, Mitarbeiter, Agenten und Vertreter von jeglichen Verlusten oder Sch\u00e4den (einschlie\u00dflich, aber nicht beschr\u00e4nkt auf entgangene Gewinne) freizustellen, die durch die Mehrfachnutzung Ihres Kontos entstehen. Der Nutzer erkl\u00e4rt sich au\u00dferdem damit einverstanden, dass KuKirin im Falle der Mehrfachnutzung Ihres Kontos oder des Vers\u00e4umnisses des Nutzers, die Sicherheit Ihres Kontos aufrechtzuerhalten, nicht f\u00fcr Verluste oder Sch\u00e4den haftet, die sich aus einem solchen Versto\u00df ergeben, und dass KuKirin das Recht hat, das Konto des Nutzers ohne Haftung gegen\u00fcber dem Nutzer auszusetzen oder zu k\u00fcndigen.\u00a0<\/p><p>2.6 Der Benutzer garantiert, dass die Informationen, die Sie bei der Registrierung Ihres KuKirin-Kontos angegeben haben, korrekt, wahrheitsgem\u00e4\u00df, rechtm\u00e4\u00dfig und g\u00fcltig sind und ausschlie\u00dflich Ihnen geh\u00f6ren. Die Nutzer sind allein f\u00fcr die Richtigkeit der Daten verantwortlich, die sie KuKirin zur Verf\u00fcgung stellen. KuKirin \u00fcbernimmt keine Verantwortung und bietet keine Entsch\u00e4digung f\u00fcr falsche Angaben.\u00a0<\/p><p>2.7 Der Nutzer hat nur die M\u00f6glichkeit, die Bestellung vor dem Versand zu stornieren, indem er sich an unser Support-Center wendet. KuKirin beh\u00e4lt sich das Recht vor, die Bestellung aus betriebsstrategischen Gr\u00fcnden zu stornieren, ohne das Benutzerkonto vorher zu informieren. Sobald die Bestellung jedoch versandt wurde, kann sie nicht mehr storniert, ge\u00e4ndert oder erstattet werden. Nach Erhalt des Pakets tritt unser R\u00fcckgaberecht in Kraft.\u00a0<\/p><p>2.8 Der Nutzer hat bei der Registrierung die M\u00f6glichkeit, den Newsletter zu abonnieren oder abzubestellen.\u00a0<\/p><p>2.9 Der Nutzer nimmt zur Kenntnis und erkl\u00e4rt sich damit einverstanden, dass KuKirin das Recht hat, alle oder einen Teil der Dienste jederzeit nach eigenem Ermessen vor\u00fcbergehend oder dauerhaft einzustellen (einschlie\u00dflich, aber nicht beschr\u00e4nkt auf F\u00e4lle wie die Verletzung der Allgemeinen Gesch\u00e4ftsbedingungen von KuKirin, inakzeptable und unangemessene Kommentare oder Verhaltensweisen gegen\u00fcber dem Markenimage von KuKirin).\u00a0\u00a0<\/p><p>2.10 Wenn Sie Bedenken oder Beschwerden in Bezug auf unseren Service haben, wenden Sie sich bitte per E-Mail direkt an uns unter Kontakt. Sie haben auch das Recht, eine Beschwerde bei offiziellen Stellen einzureichen. Wir w\u00fcrden es jedoch begr\u00fc\u00dfen, wenn wir uns um Ihr Anliegen k\u00fcmmern k\u00f6nnten, bevor Sie sich an Dritte wenden, also nehmen Sie bitte zun\u00e4chst Kontakt mit uns auf.<\/p><h3><strong><b>3. Bedingungen f\u00fcr die Nutzung\u00a0<\/b><\/strong><\/h3><p>3.1 Lizenz<\/p><p>Nutzung Es wird die Erlaubnis erteilt, eine Kopie der Materialien (Informationen oder Software) von der Website kukirin-scooter.com f\u00fcr den pers\u00f6nlichen und nicht-kommerziellen Gebrauch vor\u00fcbergehend herunterzuladen. Im Rahmen dieser Lizenz d\u00fcrfen Sie die Materialien nicht ver\u00e4ndern oder kopieren, die Materialien nicht f\u00fcr kommerzielle Zwecke oder f\u00fcr eine \u00f6ffentliche Darstellung (kommerziell oder nicht kommerziell) verwenden, nicht versuchen, die auf der kukirin-scooter.com-Website enthaltene Software zu dekompilieren oder zur\u00fcckzuentwickeln, keine Urheberrechts- oder sonstigen Eigentumsvermerke aus den Materialien entfernen oder die Materialien an eine andere Person weitergeben oder die Materialien auf einem anderen Server \"spiegeln\". Diese Lizenz erlischt automatisch, wenn Sie eine dieser Einschr\u00e4nkungen verletzen, und kann von kukirin-scooter.com jederzeit gek\u00fcndigt werden. Nach Beendigung der Betrachtung dieser Materialien oder nach Beendigung dieser Lizenz m\u00fcssen Sie alle heruntergeladenen Materialien, die sich in Ihrem Besitz befinden, egal ob in elektronischer oder gedruckter Form, vernichten.\u00a0<\/p><p>3.2 Haftungsausschluss<\/p><p>Die Materialien auf der Website kukirin-scooter.com werden \"wie besehen\" zur Verf\u00fcgung gestellt. kukirin-scooter.com \u00fcbernimmt keine Garantien, weder ausdr\u00fccklich noch stillschweigend, und lehnt hiermit alle anderen Garantien ab, einschlie\u00dflich, aber nicht beschr\u00e4nkt auf, stillschweigende Garantien oder Bedingungen der Marktg\u00e4ngigkeit, der Eignung f\u00fcr einen bestimmten Zweck oder der Nichtverletzung von geistigem Eigentum.\u00a0<\/p><p>3.3 Beschr\u00e4nkungen<\/p><p>In keinem Fall sind kukirin-scooter.com oder seine Lieferanten haftbar f\u00fcr Sch\u00e4den (einschlie\u00dflich, aber nicht beschr\u00e4nkt auf Sch\u00e4den aus dem Verlust von Daten oder Gewinnen oder aus der Unterbrechung des Gesch\u00e4ftsbetriebs), die sich aus der Nutzung oder der Unm\u00f6glichkeit der Nutzung des Materials auf kukirin-scooter.com ergeben, selbst wenn kukirin-scooter.com oder ein von kukirin-scooter.com autorisierter Vertreter m\u00fcndlich oder schriftlich \u00fcber die M\u00f6glichkeit eines solchen Schadens informiert worden ist. Da einige Gerichtsbarkeiten keine Beschr\u00e4nkungen von stillschweigenden Garantien oder Haftungsbeschr\u00e4nkungen f\u00fcr Folgesch\u00e4den oder zuf\u00e4llige Sch\u00e4den zulassen, gelten diese Beschr\u00e4nkungen m\u00f6glicherweise nicht f\u00fcr Sie.<\/p><p>3.4 \u00dcberarbeitungen und Irrt\u00fcmer<\/p><p>Die Materialien auf der Website von kukirin-scooter.com k\u00f6nnen technische, typografische oder fotografische Fehler enthalten. Au\u00dferdem \u00fcbernimmt kukirin-scooter.com keine Garantie f\u00fcr die Richtigkeit, Vollst\u00e4ndigkeit oder Aktualit\u00e4t der Materialien auf seiner Website. Au\u00dferdem kann kukirin-scooter.com jederzeit und ohne Vorank\u00fcndigung \u00c4nderungen an den auf seiner Website enthaltenen Materialien vornehmen. Dar\u00fcber hinaus geht kukirin-scooter.com keine Verpflichtung ein, die Materialien zu aktualisieren.<\/p><p>3.5 Links<\/p><p>Die Website kukirin-scooter.com hat nicht alle mit ihrer Website verlinkten Websites \u00fcberpr\u00fcft und ist nicht f\u00fcr die Inhalte dieser verlinkten Websites verantwortlich. Die Aufnahme eines solchen Links bedeutet nicht, dass kukirin-scooter.com die Website billigt. Die Nutzung einer solchen verlinkten Website erfolgt auf eigenes Risiko des Nutzers.<\/p><p>3.6 \u00c4nderungen der Website-Nutzungsbedingungen<\/p><p>Die Website kukirin-scooter.com kann diese Nutzungsbedingungen f\u00fcr ihre Website jederzeit ohne vorherige Ank\u00fcndigung \u00fcberarbeiten. Durch die Nutzung dieser Website erkl\u00e4ren Sie sich damit einverstanden, an die jeweils aktuelle Version dieser Nutzungsbedingungen oder andere Rechtsverletzungen gebunden zu sein. Dar\u00fcber hinaus \u00fcbernimmt kukirin-scooter.com keine Gew\u00e4hr f\u00fcr die Richtigkeit, die wahrscheinlichen Ergebnisse oder die Zuverl\u00e4ssigkeit der Nutzung der Materialien auf seiner Website oder in Bezug auf diese Materialien oder auf anderen Websites, die mit dieser Website verlinkt sind, und gibt keine Zusicherungen ab.<\/p><h3>\u00a0<\/h3><h3>4. Geltendes Recht<\/h3><p>Diese Nutzungsbedingungen und alle separaten Vereinbarungen, die wir Ihnen zur Verf\u00fcgung stellen, unterliegen den Gesetzen des Vereinigten K\u00f6nigreichs und werden in \u00dcbereinstimmung mit diesen ausgelegt.<\/p>\t\t\t\t\t\t\t\t<\/div>\n\t\t\t\t<\/div>\n\t\t\t\t\t<\/div>\n\t\t\t\t<\/div>\n\t\t\t\t<\/div>","protected":false},"excerpt":{"rendered":"<p>Welcome to kukirin-scooter-parts.com! These Terms of Use describe the terms and conditions applicable to your access and use of the website at kukirin-scooter.com. This statement is a legally binding agreement between you as the user(s) of the Site (referred to as \u201cyou\u201d, \u201cMember\u201d, &#8220;Customer&#8221; or \u201cUser\u201d hereinafter) and the kukirin-scooter.com (referred to as \u201cwe\u201d, \u201cour\u201d, &#8230; <a title=\"Allgemeine Gesch\u00e4ftsbedingungen\" class=\"read-more\" href=\"https:\/\/kukirin-scooter-parts.com\/de\/terms-of-service\/\" aria-label=\"Mehr Informationen \u00fcber Terms of Service\">Weiterlesen<\/a><\/p>","protected":false},"author":1,"featured_media":0,"parent":0,"menu_order":0,"comment_status":"closed","ping_status":"closed","template":"","meta":{"footnotes":""},"class_list":["post-65","page","type-page","status-publish"],"_links":{"self":[{"href":"https:\/\/kukirin-scooter-parts.com\/de\/wp-json\/wp\/v2\/pages\/65","targetHints":{"allow":["GET"]}}],"collection":[{"href":"https:\/\/kukirin-scooter-parts.com\/de\/wp-json\/wp\/v2\/pages"}],"about":[{"href":"https:\/\/kukirin-scooter-parts.com\/de\/wp-json\/wp\/v2\/types\/page"}],"author":[{"embeddable":true,"href":"https:\/\/kukirin-scooter-parts.com\/de\/wp-json\/wp\/v2\/users\/1"}],"replies":[{"embeddable":true,"href":"https:\/\/kukirin-scooter-parts.com\/de\/wp-json\/wp\/v2\/comments?post=65"}],"version-history":[{"count":4,"href":"https:\/\/kukirin-scooter-parts.com\/de\/wp-json\/wp\/v2\/pages\/65\/revisions"}],"predecessor-version":[{"id":95,"href":"https:\/\/kukirin-scooter-parts.com\/de\/wp-json\/wp\/v2\/pages\/65\/revisions\/95"}],"wp:attachment":[{"href":"https:\/\/kukirin-scooter-parts.com\/de\/wp-json\/wp\/v2\/media?parent=65"}],"curies":[{"name":"wp","href":"https:\/\/api.w.org\/{rel}","templated":true}]}}