{"id":61,"date":"2024-09-02T03:53:01","date_gmt":"2024-09-02T03:53:01","guid":{"rendered":"https:\/\/kukirin-scooter-parts.com\/?page_id=61"},"modified":"2024-09-02T07:13:39","modified_gmt":"2024-09-02T07:13:39","slug":"about-us","status":"publish","type":"page","link":"https:\/\/kukirin-scooter-parts.com\/de\/about-us\/","title":{"rendered":"\u00dcber uns"},"content":{"rendered":"<div data-elementor-type=\"wp-page\" data-elementor-id=\"61\" class=\"elementor elementor-61\" data-elementor-post-type=\"page\">\n\t\t\t\t<div class=\"elementor-element elementor-element-7594f32 e-flex e-con-boxed e-con e-parent\" data-id=\"7594f32\" data-element_type=\"container\" data-e-type=\"container\">\n\t\t\t\t\t<div class=\"e-con-inner\">\n\t\t\t\t<div class=\"elementor-element elementor-element-5c8e2ed elementor-widget elementor-widget-text-editor\" data-id=\"5c8e2ed\" data-element_type=\"widget\" data-e-type=\"widget\" data-widget_type=\"text-editor.default\">\n\t\t\t\t<div class=\"elementor-widget-container\">\n\t\t\t\t\t\t\t\t\t<p>kukirin-scooter-parts.com, Ihre vertrauensw\u00fcrdige Quelle f\u00fcr offizielle Kukirin Rollerersatzteile und Zubeh\u00f6r. Wir helfen Ihnen dabei, Ihren Kukirin-Roller mit qualitativ hochwertigen, originalen Komponenten in Schuss zu halten.<\/p>\n<p>Als engagierter Online-Shop wissen wir, wie wichtig es ist, Ihr Fahrzeug mit Teilen zu warten, die speziell daf\u00fcr hergestellt wurden. Deshalb bieten wir nur offizielle Kukirin-Teile an. So stellen wir sicher, dass alles, was Sie bei uns kaufen, genau den Standards entspricht, die der Hersteller Kukirin festgelegt hat.<\/p>\n<p>Unser Ziel ist es, Ihr Einkaufserlebnis so reibungslos wie m\u00f6glich zu gestalten, indem wir Ihnen einen erstklassigen Kundenservice, einen schnellen Versand und eine gro\u00dfe Auswahl an Produkten bieten. Als offizielle Quelle f\u00fcr Kukirin-Rollerteile bieten wir Ihnen alles, was Sie brauchen, um Ihren Kukirin-Roller in Topform zu halten, egal ob Sie ein Teil ersetzen oder aufr\u00fcsten m\u00f6chten.<\/p>\n<p>Danke, dass Sie sich f\u00fcr KuKirin entschieden haben. Wir sind hier, um Sie bei Ihrer Fahrt zu unterst\u00fctzen, wohin auch immer sie Sie f\u00fchrt.<\/p>\t\t\t\t\t\t\t\t<\/div>\n\t\t\t\t<\/div>\n\t\t\t\t\t<\/div>\n\t\t\t\t<\/div>\n\t\t\t\t<\/div>","protected":false},"excerpt":{"rendered":"<p>kukirin-scooter-parts.com, your trusted source for official Kukirin scooter spare parts and accessories. We\u2019re all about helping you keep your Kukirin scooter running at its best with high-quality, original components. As a dedicated online store, we know how important it is to maintain your ride with parts that are made specifically for it. That\u2019s why we &#8230; <a title=\"\u00dcber uns\" class=\"read-more\" href=\"https:\/\/kukirin-scooter-parts.com\/de\/about-us\/\" aria-label=\"Mehr Informationen \u00fcber About Us\">Weiterlesen<\/a><\/p>","protected":false},"author":1,"featured_media":0,"parent":0,"menu_order":0,"comment_status":"closed","ping_status":"closed","template":"","meta":{"footnotes":""},"class_list":["post-61","page","type-page","status-publish"],"_links":{"self":[{"href":"https:\/\/kukirin-scooter-parts.com\/de\/wp-json\/wp\/v2\/pages\/61","targetHints":{"allow":["GET"]}}],"collection":[{"href":"https:\/\/kukirin-scooter-parts.com\/de\/wp-json\/wp\/v2\/pages"}],"about":[{"href":"https:\/\/kukirin-scooter-parts.com\/de\/wp-json\/wp\/v2\/types\/page"}],"author":[{"embeddable":true,"href":"https:\/\/kukirin-scooter-parts.com\/de\/wp-json\/wp\/v2\/users\/1"}],"replies":[{"embeddable":true,"href":"https:\/\/kukirin-scooter-parts.com\/de\/wp-json\/wp\/v2\/comments?post=61"}],"version-history":[{"count":7,"href":"https:\/\/kukirin-scooter-parts.com\/de\/wp-json\/wp\/v2\/pages\/61\/revisions"}],"predecessor-version":[{"id":83,"href":"https:\/\/kukirin-scooter-parts.com\/de\/wp-json\/wp\/v2\/pages\/61\/revisions\/83"}],"wp:attachment":[{"href":"https:\/\/kukirin-scooter-parts.com\/de\/wp-json\/wp\/v2\/media?parent=61"}],"curies":[{"name":"wp","href":"https:\/\/api.w.org\/{rel}","templated":true}]}}