{"id":3,"date":"2024-08-28T09:48:00","date_gmt":"2024-08-28T09:48:00","guid":{"rendered":"http:\/\/kukirin-scooter-parts.com\/?page_id=3"},"modified":"2024-09-02T07:25:46","modified_gmt":"2024-09-02T07:25:46","slug":"privacy-policy","status":"publish","type":"page","link":"https:\/\/kukirin-scooter-parts.com\/de\/privacy-policy\/","title":{"rendered":"Datenschutzbestimmungen"},"content":{"rendered":"<div data-elementor-type=\"wp-page\" data-elementor-id=\"3\" class=\"elementor elementor-3\" data-elementor-post-type=\"page\">\n\t\t\t\t<div class=\"elementor-element elementor-element-250f5984 e-flex e-con-boxed e-con e-parent\" data-id=\"250f5984\" data-element_type=\"container\" data-e-type=\"container\">\n\t\t\t\t\t<div class=\"e-con-inner\">\n\t\t\t\t<div class=\"elementor-element elementor-element-2760fd46 elementor-widget elementor-widget-text-editor\" data-id=\"2760fd46\" data-element_type=\"widget\" data-e-type=\"widget\" data-widget_type=\"text-editor.default\">\n\t\t\t\t<div class=\"elementor-widget-container\">\n\t\t\t\t\t\t\t\t\t<p><\/p>\n<p>Hier ist kukirin-scooter-parts.com (im Folgenden als \"wir\", \"uns\" oder \"KuKirin\", \"Website\" bezeichnet), wir verpflichten uns zum Schutz und zur Achtung der Privatsph\u00e4re Ihrer pers\u00f6nlichen Daten. Diese Datenschutzrichtlinie erl\u00e4utert, wie Ihre Daten von KuKirin erfasst, verwendet, \u00fcbertragen und offengelegt werden. Sie gilt f\u00fcr Daten, die erfasst werden, wenn Sie unsere Websites nutzen, wenn Sie mit uns \u00fcber soziale Medien, E-Mail oder Telefon interagieren oder wenn Sie an unseren Wettbewerben oder Veranstaltungen teilnehmen. Sie umfasst:<\/p>\n<h2 class=\"wp-block-heading\"><strong>1. Unser Engagement f\u00fcr Sie\u00a0<\/strong><br \/><strong>2. Wie wir Ihre Daten sch\u00fctzen\u00a0\u00a0<\/strong><br \/><strong>3. Die pers\u00f6nlichen Daten, die wir sammeln\u00a0<\/strong><br \/><strong>4. Wie wir Ihre Daten sammeln\u00a0<\/strong><br \/><strong>5. Wie wir Ihre Daten verwenden\u00a0<\/strong><br \/><strong>6. \u00dcber Cookies\u00a0<\/strong><br \/><strong>7. Wie wir Ihre Daten weitergeben\u00a0<\/strong><br \/><strong>8. Ihre Rechte in Bezug auf Ihre pers\u00f6nlichen Daten\u00a0<\/strong><br \/><strong>9. \u00c4nderungen an dieser Datenschutzrichtlinie<\/strong><\/h2>\n<h3>1. Unser Engagement f\u00fcr Sie<\/h3>\n<h2 class=\"wp-block-heading\">Wir nehmen den Schutz Ihrer pers\u00f6nlichen Daten ernst und werden Ihre pers\u00f6nlichen Daten fair, rechtm\u00e4\u00dfig und transparent verarbeiten. Diese Datenschutzerkl\u00e4rung beschreibt die personenbezogenen Daten, die wir \u00fcber Sie erheben und wie sie verwendet werden. Wir werden Ihre personenbezogenen Daten nur f\u00fcr die folgenden Zwecke erfassen und verwenden:<\/h2>\n<ul>\n<li>Verbessern Sie unsere Dienstleistungen;<\/li>\n<li>Erf\u00fcllen Sie unsere gesetzlichen Verpflichtungen.<\/li>\n<\/ul>\n<h3>2. Wie wir Ihre Daten sch\u00fctzen<\/h3>\n<p>Wir verf\u00fcgen \u00fcber angemessene organisatorische Schutzma\u00dfnahmen und Sicherheitsvorkehrungen, um Ihre Daten vor unbeabsichtigtem Verlust, unbefugter Nutzung, unbefugtem Zugriff, Ver\u00e4nderung oder Offenlegung zu sch\u00fctzen. Die Kommunikation zwischen Ihrem Browser und unserer Website erfolgt \u00fcber eine sichere, verschl\u00fcsselte Verbindung, wenn es um Ihre pers\u00f6nlichen Daten geht. Wir verschl\u00fcsseln Ihre Daten und speichern sie auf sicheren Servern, die hinter einer Firewall versteckt sind. Wir verlangen von jedem Dritten, der mit der Verarbeitung Ihrer pers\u00f6nlichen Daten in unserem Namen beauftragt ist, dass er Sicherheitsma\u00dfnahmen zum Schutz Ihrer Daten ergreift und diese Daten in \u00dcbereinstimmung mit dem Gesetz behandelt. Im ungl\u00fccklichen Fall einer Verletzung des Schutzes personenbezogener Daten werden wir Sie und alle geltenden Vorschriften benachrichtigen, wenn wir gesetzlich dazu verpflichtet sind.<\/p>\n<h3>3. Die pers\u00f6nlichen Daten, die wir sammeln\u00a0<\/h3>\n<p>3.1 E-Mail-Adresse, einschlie\u00dflich der E-Mail-Adresse, die \u00fcber zugelassene Dritte zur Verf\u00fcgung gestellt wird.<\/p>\n<p>3.2 Versandinformationen, einschlie\u00dflich Name, Land und Telefonnummer. Wenn wir Informationen im Zusammenhang mit einer Bestellung speichern m\u00fcssen, geben wir sie \u00fcber eine SSL-Verschl\u00fcsselung in unsere Datenbank ein. Unsere Website ist zwar f\u00fcr ein allgemeines Publikum konzipiert, aber wir erfassen nicht wissentlich Daten von Kindern, denen es nicht gestattet ist, die Website zu nutzen oder Daten an sie zu \u00fcbermitteln.<\/p>\n<h3>4. Wie wir Ihre Daten sammeln<\/h3>\n<p>Wir k\u00f6nnen personenbezogene Daten \u00fcber Sie auf die folgenden Arten sammeln:\u00a0<\/p>\n<h2 class=\"wp-block-heading\">4.1 Direkte Interaktionen: Sie k\u00f6nnen uns Ihre Identit\u00e4ts-, Kontakt-, Finanz-, Transaktions-, Profil-, Marketing- und Kommunikationsdaten zur Verf\u00fcgung stellen, indem Sie Formulare ausf\u00fcllen, Informationen online eingeben oder mit uns per Post, Telefon, E-Mail oder auf andere Weise korrespondieren. Dazu geh\u00f6ren personenbezogene Daten, die Sie uns zum Beispiel zur Verf\u00fcgung stellen, wenn Sie:<\/h2>\n<ul>\n<li>Erstellen Sie ein Konto auf unserer Website;\u00a0<\/li>\n<li>Abonnieren Sie unseren Newsletter, unsere Diskussionsforen und unsere Websites f\u00fcr soziale Medien;<\/li>\n<li>F\u00fcllen Sie eine freiwillige Marktforschungsumfrage aus;<\/li>\n<li>Nehmen Sie mit uns Kontakt auf, wenn Sie eine Anfrage haben oder ein Problem melden m\u00f6chten (per Telefon, E-Mail, \u00fcber soziale Medien oder einen Nachrichtendienst);<\/li>\n<li>Wenn Sie sich \u00fcber soziale Medien auf unserer Website anmelden.<\/li>\n<\/ul>\n<p>4.2 Indirekte Interaktionen: Wenn Sie mit unserer Website interagieren, k\u00f6nnen wir automatisch technische Daten mit Hilfe von Cookies, Serverprotokollen und anderen \u00e4hnlichen Technologien erfassen. Weitere Einzelheiten finden Sie unter \u00dcber Cookies.<\/p>\n<h2 class=\"wp-block-heading\">4.3 Dritte: Wir k\u00f6nnen personenbezogene Daten \u00fcber Sie von verschiedenen Drittparteien erhalten, darunter:\u00a0<\/h2>\n<ul>\n<li>Verbundene Dritte, einschlie\u00dflich Analytik-Anbieter wie Google;\u00a0<\/li>\n<li>Affiliate-Netzwerke, \u00fcber die Sie auf unsere Website zugegriffen haben;<\/li>\n<li>Soziale Medienplattformen, wenn Sie sich \u00fcber diese Plattformen bei unserer Website anmelden.<\/li>\n<\/ul>\n<h3>5. Wie wir Ihre Daten verwenden<\/h3>\n<p>Wir werden Ihre personenbezogenen Daten nur dann erheben und verarbeiten, wenn wir eine rechtliche Grundlage daf\u00fcr haben. Als f\u00fcr die Datenverarbeitung Verantwortlicher variiert die Rechtsgrundlage f\u00fcr die Erhebung und Verwendung Ihrer personenbezogenen Daten je nach der Art und Weise und dem Zweck, zu dem wir sie erhoben haben. Wir werden Ihre personenbezogenen Daten nur dann erheben und verarbeiten, wenn wir eine rechtliche Grundlage daf\u00fcr haben. Als f\u00fcr die Datenverarbeitung Verantwortlicher ist die Rechtsgrundlage f\u00fcr die Erhebung und Verwendung Ihrer personenbezogenen Daten abh\u00e4ngig von der Art und Weise und dem Zweck, f\u00fcr den wir sie erhoben haben. Wir werden nur dann personenbezogene Daten von Ihnen erheben, wenn:<\/p>\n<p>5.1 Wir haben Ihr Einverst\u00e4ndnis, dies zu tun<\/p>\n<p>5.2 Wir ben\u00f6tigen Ihre pers\u00f6nlichen Daten, um einen Vertrag mit Ihnen zu erf\u00fcllen. Zum Beispiel, um eine Zahlung von Ihnen zu verarbeiten, Ihre Bestellung auszuf\u00fchren oder den Kundendienst im Zusammenhang mit einer Bestellung zu leisten.<\/p>\n<p>5.3 Die Verarbeitung erfolgt in unserem legitimen Interesse und wird nicht durch Ihre Rechte \u00fcberlagert<\/p>\n<p>5.4 Wir sind gesetzlich verpflichtet, personenbezogene Daten von Ihnen zu sammeln oder weiterzugeben. Ihre pers\u00f6nlichen Daten werden von KuKirin zur Unterst\u00fctzung einer Reihe von verschiedenen Aktivit\u00e4ten verwendet. Diese sind in der nachstehenden Tabelle aufgef\u00fchrt, zusammen mit den Arten der verwendeten Daten und den Rechtsgrundlagen, auf die wir uns bei ihrer Verarbeitung st\u00fctzen, gegebenenfalls einschlie\u00dflich unserer berechtigten Interessen. Bitte beachten Sie, dass wir Ihre personenbezogenen Daten je nach der jeweiligen Aktivit\u00e4t auf mehr als einer Rechtsgrundlage verarbeiten k\u00f6nnen. Bitte setzen Sie sich mit uns in Verbindung, wenn Sie Einzelheiten \u00fcber die spezifische Rechtsgrundlage ben\u00f6tigen, auf die wir uns bei der Verarbeitung Ihrer personenbezogenen Daten st\u00fctzen, wenn in der nachstehenden Tabelle mehr als eine Rechtsgrundlage angegeben ist.\u00a0<\/p>\n<p>5.5 Um ein Konto zu erstellen und sich als neuer Kunde zu registrieren (entweder direkt oder \u00fcber soziale Medien).\u00a0<\/p>\n<p>5.6 Um unsere Beziehung zu Ihnen zu verwalten, einschlie\u00dflich der Bereitstellung von Informationen, Produkten und Dienstleistungen, die Sie von uns angefordert haben; um Sie \u00fcber \u00c4nderungen an unseren Dienstleistungen, Gesch\u00e4ftsbedingungen oder Datenschutzrichtlinien zu informieren; um Sie zu bitten, eine Bewertung zu hinterlassen oder an einer Umfrage teilzunehmen.\u00a0<\/p>\n<p>5.7 Um Ihnen die Teilnahme an einem Gewinnspiel, einer Veranstaltung oder einer Umfrage zu erm\u00f6glichen oder um eine Belohnung zu erhalten.\u00a0<\/p>\n<p>5.8 Zur Verwaltung, zum Schutz und zur Verbesserung unseres Unternehmens und unserer Website\/App, einschlie\u00dflich Fehlerbehebung, Datenanalyse, Tests, Systemwartung, Support, Datenanalyse, Berichterstattung und Hosting von Daten; Einstellung von Standardoptionen f\u00fcr Sie, wie Sprache und W\u00e4hrung.\u00a0\u00a0<\/p>\n<p>5.9 Um relevante Website-Inhalte, Online-Werbung und Informationen f\u00fcr Sie bereitzustellen und die Wirksamkeit der bereitgestellten Werbung zu messen.\u00a0<\/p>\n<p>5.10 Zur Verwendung von Datenanalysen, um: unsere Website, Produkte, Dienstleistungen, Marketing, Kundenbeziehungen und Erfahrungen zu verbessern; und f\u00fcr Marktforschungs-, Statistik- und Umfragezwecke.\u00a0<\/p>\n<p>5.11 Um Ihnen Produkte, Dienstleistungen, Rabatte und Angebote zu empfehlen, die f\u00fcr Sie von Interesse sein k\u00f6nnten, einschlie\u00dflich der Zusendung solcher Informationen per E-Mail, Post oder SMS.\u00a0<\/p>\n<p>5.12 Um Sie per E-Mail zu informieren oder daran zu erinnern, wenn eine Aufgabe, die \u00fcber unsere Website ausgef\u00fchrt wurde, unerledigt bleibt, wie z.B. unvollst\u00e4ndige Bestellungen oder verlassene Warenk\u00f6rbe. Wir verwenden Ihre personenbezogenen Daten nur f\u00fcr die Zwecke, f\u00fcr die wir sie erhoben haben, es sei denn, wir sind der Ansicht, dass wir sie f\u00fcr einen anderen Zweck verwenden m\u00fcssen und dieser Grund mit dem urspr\u00fcnglichen Zweck vereinbar ist. Wenn wir Ihre personenbezogenen Daten f\u00fcr einen anderen Zweck verwenden m\u00f6chten, werden wir Sie dar\u00fcber informieren und die Rechtsgrundlage erl\u00e4utern, die uns dies erlaubt. Wir k\u00f6nnen personenbezogene Daten unter Einhaltung der oben genannten Regeln auch ohne Ihre Zustimmung verarbeiten, wenn dies gesetzlich vorgeschrieben oder erlaubt ist. Wir werden Ihre personenbezogenen Daten nicht l\u00e4nger aufbewahren, als es f\u00fcr den\/die Zweck(e), f\u00fcr den\/die sie bereitgestellt wurden, und zur Erf\u00fcllung unserer gesetzlichen Verpflichtungen erforderlich ist. Weitere Einzelheiten zu den Zeitr\u00e4umen, in denen wir Daten aufbewahren, erhalten Sie auf Anfrage.\u00a0<\/p>\n<h3>6. \u00dcber Cookies\u00a0<\/h3>\n<p>Wir verwenden \"Cookies\", um spezifische Informationen \u00fcber Sie zu speichern und Ihre Besuche auf der Website zu verfolgen, entweder \u00fcber einen Computer oder \u00fcber ein mobiles Ger\u00e4t. Es ist nicht un\u00fcblich, dass Websites Cookies verwenden, um die Identifizierung ihrer Besucher zu verbessern. Ein \"Cookie\" ist eine kleine Datenmenge, die an Ihren Browser gesendet und auf der Festplatte Ihres Computers oder mobilen Ger\u00e4ts gespeichert wird. Wenn Sie das Cookie nicht deaktivieren oder l\u00f6schen, werden unsere Webserver jedes Mal, wenn Sie \u00fcber denselben Browser oder dasselbe Mobilger\u00e4t auf die Website zugreifen, \u00fcber Ihren Besuch auf der Website benachrichtigt, so dass wir wiederum Kenntnis von Ihrem Besuch und dem Muster Ihrer Nutzung haben k\u00f6nnen.\u00a0\u00a0<\/p>\n<p>Die Cookies erm\u00f6glichen es uns, Ihre Daten zu speichern, damit Sie sie nicht jedes Mal neu eingeben m\u00fcssen, wenn Sie die Website nutzen. Dar\u00fcber hinaus verwenden wir Cookies, um die Sicherheit unserer Website zu verwalten, Informationen \u00fcber die Nutzung durch die Benutzer zu sammeln, Besuchsmuster zu erforschen und interessenbezogene Werbung zu betreiben; um unseren Partnern zu helfen, die Besuche der Benutzer auf der Website zu verfolgen und den Fortschritt und die Teilnahme an Werbeaktionen zu verfolgen. F\u00fcr diese oben genannten zus\u00e4tzlichen Zwecke k\u00f6nnen Sie bestimmen, ob und wie ein Cookie akzeptiert wird, indem Sie die Datenschutzeinstellungen des Browsers, den Sie f\u00fcr den Zugriff auf die Website verwenden, oder die Datenschutzeinstellungen Ihres mobilen Ger\u00e4ts konfigurieren. Wenn Sie die Datenschutzeinstellungen des Browsers anpassen, wird Ihr mobiles Ger\u00e4t weiterhin Daten sammeln, es sei denn, Sie passen die Datenschutzeinstellungen des Ger\u00e4ts an und umgekehrt. Bestimmte Funktionen der Website sind auf Cookies angewiesen.\u00a0<\/p>\n<p>Bitte beachten Sie, dass Sie sich m\u00f6glicherweise nicht anmelden oder diese Funktionen nicht nutzen k\u00f6nnen, wenn Sie Cookies blockieren, und dass Einstellungen, die von Cookies abh\u00e4ngen, verloren gehen k\u00f6nnen.  Wir verwenden eine Reihe von Analyse- und zielgerichteten Werbetools, um Ihnen relevante Website-Inhalte auf unserer Website und Online-Werbung auf anderen Websites und Apps (wie oben beschrieben) anzuzeigen, Ihnen relevante Inhalte in der Marketingkommunikation zu liefern (wo zutreffend) und die Effektivit\u00e4t der bereitgestellten Werbung zu messen.\u00a0<\/p>\n<p>So verwenden wir beispielsweise Tools wie Google Analytics, um die interessenbasierten Werbedaten von Google und\/oder Daten von Drittanbietern (wie Alter, Familienstand, Lebensereignisse, Geschlecht und Interessen) zu analysieren, um unsere Marketingkampagnen, Marketingstrategien und Website-Inhalte gezielt zu verbessern. Wir k\u00f6nnen auch Tools verwenden, die von anderen Dritten bereitgestellt werden, z. B. von Facebook. Unsere Website kann Links zu und von den Websites unserer Partnernetzwerke, Werbetreibenden und angeschlossenen Unternehmen oder zu Plattformen f\u00fcr soziale Medien enthalten. Wenn Sie einem Link zu einer dieser Websites folgen, beachten Sie bitte, dass diese Websites ihre eigenen Datenschutzrichtlinien haben und dass wir keine Verantwortung oder Haftung f\u00fcr diese Richtlinien \u00fcbernehmen. Bitte \u00fcberpr\u00fcfen Sie diese Richtlinien, bevor Sie pers\u00f6nliche Daten an diese Websites \u00fcbermitteln.\u00a0<\/p>\n<h3>7. Wie wir Ihre Daten weitergeben\u00a0<\/h3>\n<p>Wir verkaufen, vermieten, tauschen, lizenzieren oder geben Ihre pers\u00f6nlichen oder finanziellen Daten nicht an Dritte weiter, au\u00dfer in den folgenden besonderen Situationen:\u00a0\u00a0\u00a0\u00a0\u00a0<\/p>\n<p>7.1 Drittanbieter von Dienstleistungen: Wie die meisten Online-H\u00e4ndler setzen wir manchmal Drittanbieter ein, um bestimmte Funktionen in unserem Namen auszuf\u00fchren. Alle Informationen, die an diese Dienstleister weitergegeben werden, dienen ausschlie\u00dflich dazu, ihnen bei der Erbringung ihrer Dienstleistungen zu helfen. So geben wir beispielsweise Ihren Namen, Ihre Lieferadresse und Ihre Telefonnummer an Partner wie DHL weiter, um die Zustellung Ihrer Bestellungen zu gew\u00e4hrleisten, und wir k\u00f6nnen relevante Kundendaten verwenden, um die Qualit\u00e4t der Dienstleistung des Drittanbieters zu \u00fcberwachen.\u00a0<\/p>\n<p>7.2 Gesetzliche Verpflichtung zur Offenlegung von Informationen: Wir k\u00f6nnen verpflichtet sein, die Informationen offen zu legen, wenn wir vorgeladen werden, eine gerichtliche Anordnung erhalten oder von Strafverfolgungsbeh\u00f6rden aufgefordert werden, Ermittlungen durchzuf\u00fchren, oder wenn wir anderweitig gesetzlich zur Offenlegung dieser Informationen verpflichtet sind. Wir geben auch personenbezogene Daten weiter, wenn dies zum Schutz unserer gesetzlichen Rechte oder zur Durchsetzung unserer Nutzungsbedingungen und anderer Vereinbarungen erforderlich ist. Wir k\u00f6nnen beispielsweise Informationen weitergeben, um das Betrugsrisiko zu verringern oder um Betrug durch Benutzer zu verhindern, die Betrugsversuche oder andere illegale Aktivit\u00e4ten auf unserer Website unternehmen.\u00a0<\/p>\n<p>7.3 Zusammenschluss und\/oder Verkauf von Verm\u00f6genswerten: Normalerweise verkaufen, handeln oder vermieten wir im Rahmen unserer Gesch\u00e4ftst\u00e4tigkeit keine pers\u00f6nlichen Daten an andere Unternehmen. Es ist jedoch m\u00f6glich, dass wir ein anderes Unternehmen \u00fcbernehmen, mit ihm fusionieren oder von ihm \u00fcbernommen werden oder dass wir einige oder alle unsere Verm\u00f6genswerte ver\u00e4u\u00dfern. In diesem Fall k\u00f6nnten Ihre pers\u00f6nlichen Daten unter Einhaltung der geltenden Datenschutzbestimmungen an ein anderes Unternehmen weitergegeben werden.\u00a0<\/p>\n<p>7.4 Nicht pers\u00f6nlich identifizierbare Informationen: Wir k\u00f6nnen Informationen, die weder Sie noch einen anderen Benutzer identifizieren, wie z.B. die Anzahl der t\u00e4glichen Besucher einer bestimmten Seite oder den Umfang einer an einem bestimmten Datum aufgegebenen Bestellung, an Dritte wie z.B. Werbepartner weitergeben.<\/p>\n<h3>8. Ihre Rechte in Bezug auf Ihre pers\u00f6nlichen Daten\u00a0\u00a0<\/h3>\n<p>Im Rahmen der Datenschutzgesetzgebung haben Sie mehrere Rechte. Dazu geh\u00f6rt unter bestimmten Umst\u00e4nden das Recht auf:<\/p>\n<p>8.1 Zugang zu Ihren pers\u00f6nlichen Daten beantragen<\/p>\n<p>8.2 Beantragen Sie die Berichtigung Ihrer pers\u00f6nlichen Daten<\/p>\n<p>8.3 Verlangen Sie die L\u00f6schung Ihrer pers\u00f6nlichen Daten<\/p>\n<p>8.4 Beantragen Sie die Einschr\u00e4nkung der Verarbeitung Ihrer pers\u00f6nlichen Daten<\/p>\n<p>8.5 Beantragen Sie die \u00dcbermittlung Ihrer pers\u00f6nlichen Daten<\/p>\n<p>8.6 Widerspruch gegen die Verarbeitung Ihrer pers\u00f6nlichen Daten<\/p>\n<p>8.7 Widerspruch gegen automatisierte Entscheidungsfindung<\/p>\n<h3>9. \u00c4nderungen an dieser Datenschutzrichtlinie<\/h3>\n<p>Von Zeit zu Zeit k\u00f6nnen wir diese Datenschutzrichtlinie \u00e4ndern. Wenn es wesentliche \u00c4nderungen gibt, werden wir Aktualisierungen auf unserer Website und in unseren Anwendungen ver\u00f6ffentlichen oder Sie per E-Mail dar\u00fcber informieren. Und diese Datenschutzrichtlinie wurde zuletzt am 4. September 2024 aktualisiert.<\/p>\t\t\t\t\t\t\t\t<\/div>\n\t\t\t\t<\/div>\n\t\t\t\t\t<\/div>\n\t\t\t\t<\/div>\n\t\t\t\t<\/div>","protected":false},"excerpt":{"rendered":"<p>Here is kukirin-scooter-parts.com (hereinafter referred to as \u201cwe\u201d, \u201cus\u201d or \u201cKuKirin\u201d, &#8220;Site&#8221;), we are committed to protecting and respecting the privacy of your personal data. This privacy policy explains how your data is collected, used, transferred, and disclosed by KuKirin. It applies to data collected when you use our websites when you interact with us &#8230; <a title=\"Datenschutzbestimmungen\" class=\"read-more\" href=\"https:\/\/kukirin-scooter-parts.com\/de\/privacy-policy\/\" aria-label=\"Mehr Informationen \u00fcber Privacy Policy\">Weiterlesen<\/a><\/p>","protected":false},"author":1,"featured_media":0,"parent":0,"menu_order":0,"comment_status":"closed","ping_status":"open","template":"","meta":{"footnotes":""},"class_list":["post-3","page","type-page","status-publish"],"_links":{"self":[{"href":"https:\/\/kukirin-scooter-parts.com\/de\/wp-json\/wp\/v2\/pages\/3","targetHints":{"allow":["GET"]}}],"collection":[{"href":"https:\/\/kukirin-scooter-parts.com\/de\/wp-json\/wp\/v2\/pages"}],"about":[{"href":"https:\/\/kukirin-scooter-parts.com\/de\/wp-json\/wp\/v2\/types\/page"}],"author":[{"embeddable":true,"href":"https:\/\/kukirin-scooter-parts.com\/de\/wp-json\/wp\/v2\/users\/1"}],"replies":[{"embeddable":true,"href":"https:\/\/kukirin-scooter-parts.com\/de\/wp-json\/wp\/v2\/comments?post=3"}],"version-history":[{"count":4,"href":"https:\/\/kukirin-scooter-parts.com\/de\/wp-json\/wp\/v2\/pages\/3\/revisions"}],"predecessor-version":[{"id":92,"href":"https:\/\/kukirin-scooter-parts.com\/de\/wp-json\/wp\/v2\/pages\/3\/revisions\/92"}],"wp:attachment":[{"href":"https:\/\/kukirin-scooter-parts.com\/de\/wp-json\/wp\/v2\/media?parent=3"}],"curies":[{"name":"wp","href":"https:\/\/api.w.org\/{rel}","templated":true}]}}