{"id":11,"date":"2024-09-02T07:47:47","date_gmt":"2024-09-02T07:47:47","guid":{"rendered":"https:\/\/kukirin-scooter-parts.com\/?page_id=11"},"modified":"2024-09-02T07:47:48","modified_gmt":"2024-09-02T07:47:48","slug":"refund_returns","status":"publish","type":"page","link":"https:\/\/kukirin-scooter-parts.com\/de\/refund_returns\/","title":{"rendered":"R\u00fcckerstattung und R\u00fcckgabebedingungen"},"content":{"rendered":"<div data-elementor-type=\"wp-page\" data-elementor-id=\"11\" class=\"elementor elementor-11\" data-elementor-post-type=\"page\">\n\t\t\t\t<div class=\"elementor-element elementor-element-7db694f0 e-flex e-con-boxed e-con e-parent\" data-id=\"7db694f0\" data-element_type=\"container\" data-e-type=\"container\">\n\t\t\t\t\t<div class=\"e-con-inner\">\n\t\t\t\t<div class=\"elementor-element elementor-element-17ba640e elementor-widget elementor-widget-text-editor\" data-id=\"17ba640e\" data-element_type=\"widget\" data-e-type=\"widget\" data-widget_type=\"text-editor.default\">\n\t\t\t\t<div class=\"elementor-widget-container\">\n\t\t\t\t\t\t\t\t\t\n<p>Wenn Sie nach einer Bestellung eine Erstattung oder R\u00fcckgabe w\u00fcnschen, beachten Sie bitte die folgenden R\u00fcckgabe- und Erstattungsrichtlinien (Geltungsbereich Diese Richtlinien gelten f\u00fcr alle auf unserer Website gekauften Produkte).<\/p>\n<ul>\n<li>R\u00fcckgabe- und Erstattungsbedingungen<\/li>\n<\/ul>\n<p>Besch\u00e4digte oder mangelhafte Produkte: Sollten Sie ein besch\u00e4digtes oder defektes Produkt erhalten, kontaktieren Sie uns bitte innerhalb von 5 Tagen nach Erhalt des Produkts.<br \/>Falsches Produkt: Wenn das Produkt, das Sie erhalten haben, nicht mit Ihrer Bestellung \u00fcbereinstimmt, kontaktieren Sie uns bitte innerhalb von 5 Tagen nach Erhalt des Produkts, um eine R\u00fcckgabe oder einen Ersatz zu vereinbaren.<\/p>\n<ul>\n<li>Situationen, die nicht f\u00fcr eine R\u00fcckgabe oder Erstattung in Frage kommen Die folgenden Situationen sind von einer R\u00fcckgabe oder Erstattung ausgeschlossen:<\/li>\n<\/ul>\n<p>Scooter-Teile geh\u00f6ren zu den besonderen Waren, die R\u00fcckgabe und den Umtausch nicht unterst\u00fctzen, wenn kein Qualit\u00e4tsproblem vorliegt.<\/p>\n<ul>\n<li>R\u00fcckgabe-Prozess<\/li>\n<\/ul>\n<p>Wenn Sie ein Produkt mit einem Qualit\u00e4tsproblem oder ein falsches Produkt erhalten, kontaktieren Sie uns bitte direkt und teilen Sie uns Ihre Bestellnummer mit.<br \/>Geb\u00fchren f\u00fcr die R\u00fccksendung: Wir \u00fcbernehmen die Kosten f\u00fcr die R\u00fccksendung von Produkten, die aufgrund von Qualit\u00e4tsproblemen zur\u00fcckgegeben werden.<\/p>\n<ul>\n<li>Erstattungsprozess<\/li>\n<\/ul>\n<p>Erstattungsmethode: Die R\u00fcckerstattung erfolgt auf Ihre urspr\u00fcngliche Zahlungsmethode und wird innerhalb von 3-5 Tagen abgewickelt.<br \/>Sobald der Erstattungsprozess beginnt, dauert es je nach Bank 5-7 Tage, bis die Erstattung eintrifft.<\/p>\n<ul>\n<li>Stornierung (Produkt wird versandt):<\/li>\n<\/ul>\n<p>Wir unterst\u00fctzen keine Auftragsstornierungen und R\u00fccksendungen f\u00fcr versandte Rollerteile.<\/p>\n<ul>\n<li>Stornierungen von Vorbestellungen:<\/li>\n<\/ul>\n<p>F\u00fcr alle Vorbestellungen gilt: Wenn Sie Ihre Bestellung aus pers\u00f6nlichen Gr\u00fcnden stornieren, bevor sie versandt wird, m\u00fcssen Sie die Transaktionsgeb\u00fchr tragen.<\/p>\n<ul>\n<li>F\u00fcr Produkte, die nicht bei kukirin-escooter.com gekauft wurden:<\/li>\n<\/ul>\n<p>F\u00fcr Produkte, die nicht auf dieser Website gekauft wurden, k\u00f6nnen wir keine L\u00f6sung anbieten. Bitte wenden Sie sich direkt an Ihren Lieferanten.<\/p>\n<ul>\n<li>Brauchen Sie Hilfe?<\/li>\n<\/ul>\n<p>Wenn Sie Fragen haben oder weitere Unterst\u00fctzung ben\u00f6tigen, kontaktieren Sie uns bitte: info@kukirin-scooter-parts.com<\/p>\n<ul>\n<li>Politik-Updates<\/li>\n<\/ul>\n<p>Wir behalten uns das Recht vor, diese Richtlinie jederzeit zu aktualisieren. Bitte pr\u00fcfen Sie die neueste Version der R\u00fcckgabe- und Erstattungsrichtlinien, bevor Sie einen Kauf t\u00e4tigen.<\/p>\n\t\t\t\t\t\t\t\t<\/div>\n\t\t\t\t<\/div>\n\t\t\t\t\t<\/div>\n\t\t\t\t<\/div>\n\t\t\t\t<\/div>","protected":false},"excerpt":{"rendered":"<p>If you request refund or return after placing an order, please refer to the following return and refund policy.(scope of Application This policy applies to all products purchased on our website.) Return and Refund Conditions Damaged or Defective Products: If you receive a product that is damaged or defective, please contact us within 5 days &#8230; <a title=\"R\u00fcckerstattung und R\u00fcckgabebedingungen\" class=\"read-more\" href=\"https:\/\/kukirin-scooter-parts.com\/de\/refund_returns\/\" aria-label=\"Mehr Informationen \u00fcber Refund and Returns Policy\">Weiterlesen<\/a><\/p>","protected":false},"author":1,"featured_media":0,"parent":0,"menu_order":0,"comment_status":"closed","ping_status":"closed","template":"","meta":{"footnotes":""},"class_list":["post-11","page","type-page","status-publish"],"_links":{"self":[{"href":"https:\/\/kukirin-scooter-parts.com\/de\/wp-json\/wp\/v2\/pages\/11","targetHints":{"allow":["GET"]}}],"collection":[{"href":"https:\/\/kukirin-scooter-parts.com\/de\/wp-json\/wp\/v2\/pages"}],"about":[{"href":"https:\/\/kukirin-scooter-parts.com\/de\/wp-json\/wp\/v2\/types\/page"}],"author":[{"embeddable":true,"href":"https:\/\/kukirin-scooter-parts.com\/de\/wp-json\/wp\/v2\/users\/1"}],"replies":[{"embeddable":true,"href":"https:\/\/kukirin-scooter-parts.com\/de\/wp-json\/wp\/v2\/comments?post=11"}],"version-history":[{"count":4,"href":"https:\/\/kukirin-scooter-parts.com\/de\/wp-json\/wp\/v2\/pages\/11\/revisions"}],"predecessor-version":[{"id":99,"href":"https:\/\/kukirin-scooter-parts.com\/de\/wp-json\/wp\/v2\/pages\/11\/revisions\/99"}],"wp:attachment":[{"href":"https:\/\/kukirin-scooter-parts.com\/de\/wp-json\/wp\/v2\/media?parent=11"}],"curies":[{"name":"wp","href":"https:\/\/api.w.org\/{rel}","templated":true}]}}