{"id":69,"date":"2024-09-02T03:59:33","date_gmt":"2024-09-02T03:59:33","guid":{"rendered":"https:\/\/kukirin-scooter-parts.com\/?page_id=69"},"modified":"2024-09-02T08:23:12","modified_gmt":"2024-09-02T08:23:12","slug":"warranty-policy","status":"publish","type":"page","link":"https:\/\/kukirin-scooter-parts.com\/da\/warranty-policy\/","title":{"rendered":"Garantipolitik"},"content":{"rendered":"<div data-elementor-type=\"wp-page\" data-elementor-id=\"69\" class=\"elementor elementor-69\" data-elementor-post-type=\"page\">\n\t\t\t\t<div class=\"elementor-element elementor-element-438fa0d e-flex e-con-boxed e-con e-parent\" data-id=\"438fa0d\" data-element_type=\"container\" data-e-type=\"container\">\n\t\t\t\t\t<div class=\"e-con-inner\">\n\t\t\t\t<div class=\"elementor-element elementor-element-339e41b elementor-widget elementor-widget-text-editor\" data-id=\"339e41b\" data-element_type=\"widget\" data-e-type=\"widget\" data-widget_type=\"text-editor.default\">\n\t\t\t\t<div class=\"elementor-widget-container\">\n\t\t\t\t\t\t\t\t\t<p>Batteri<\/p><p>KuKirin Scooter Parts tilbyder 6 m\u00e5neders garanti med batteri \uff0c hvis det konstateres, at batteriet er defekt, sender vi erstatningen (e) uden beregning.<\/p><p>Alle garantikrav p\u00e5 batterier og batteripakker er underlagt f\u00f8lgende betingelser og begr\u00e6nsninger:<\/p><p>Betingelser og begr\u00e6nsninger<\/p><p>1. Batteriet skal have den rette st\u00f8rrelse, udformning og kapacitet til anvendelsen. Hvis man ikke bruger det rigtige batteri til opgaven, bortfalder alle garantier.<br \/>2. Batteriet skal h\u00e5ndteres, opbevares og installeres korrekt. Den endelige installation skal v\u00e6re afsluttet senest to m\u00e5neder efter modtagelsesdatoen.<br \/>3. Batteriet skal drives sammen med et str\u00f8mbegr\u00e6nset opladningssystem med konstant sp\u00e6nding og ellers drives og vedligeholdes i overensstemmelse med instruktionerne.<br \/>4. Brugeren skal tillade unders\u00f8gelse af batteriet af en repr\u00e6sentant for KuKirin Scooter Parts ved at sende batterierne tilbage til os til unders\u00f8gelse af garantikravet.<br \/>5. Kun den resterende ubrugte del af det originale batteris garanti g\u00e6lder for erstatningsbatteriet.<br \/>6. Denne garanti bortfalder, hvis batteriet uds\u00e6ttes for misbrug eller synlige fysiske skader, eller hvis batteriet bliver ubrugeligt p\u00e5 grund af brand, havari, oversv\u00f8mmelse, frost eller andre naturkatastrofer.<br \/>7. Ovenn\u00e6vnte garantier tr\u00e6der i stedet for alle andre garantier, udtrykkelige eller underforst\u00e5ede, herunder, uden begr\u00e6nsning, enhver underforst\u00e5et garanti for salgbarhed eller egnethed. KuKirin Scooter Parts er under ingen omst\u00e6ndigheder ansvarlig for tilf\u00e6ldige KuKirin Scooter Parts.com er ikke ansvarlig for fejl i eller kontraktbrud i forbindelse med kvaliteten eller ydeevnen af ovenn\u00e6vnte udstyr under nogen form for lovgivning.<br \/>8. Disse begr\u00e6nsede garantier g\u00e6lder for den oprindelige k\u00f8ber (bruger) og kan ikke overdrages.<br \/>9. Brugeren skal straks underrette KuKirin Scooter Parts i tilf\u00e6lde af en p\u00e5st\u00e5et defekt.<\/p><p>For at indgive et garantikrav for et batteri, bedes du sende os en e-mail p\u00e5 info@kukirin-scooter-parts.com med f\u00f8lgende oplysninger:<\/p><p>Navn<br \/>Adresse<br \/>Bestillingsnummer<br \/>Datokode stemplet p\u00e5 batteriet<\/p><p>Andre ting<\/p><p>KuKirin Scooter Parts tilbyder 12 m\u00e5neders garanti p\u00e5 andre varer undtagen batteri.<br \/>Alle garantikrav for andre varer i butikken er underlagt f\u00f8lgende betingelser og begr\u00e6nsninger:<\/p><p>Betingelser og begr\u00e6nsninger<\/p><p>1. Brugeren skal tillade, at en repr\u00e6sentant for KuKirin Scooter Parts unders\u00f8ger varen.<br \/>2. Kun den resterende ubrugte del af den oprindelige artikels garanti g\u00e6lder for erstatningsartiklen.<br \/>3. Denne garanti er ugyldig, hvis varen uds\u00e6ttes for misbrug eller synlige fysiske skader, eller hvis den bliver ubrugelig p\u00e5 grund af brand, vragdele, oversv\u00f8mmelse, frost eller andre naturkatastrofer.<br \/>4. Ovenn\u00e6vnte garantier tr\u00e6der i stedet for alle andre garantier, udtrykkelige eller underforst\u00e5ede, herunder, uden begr\u00e6nsning, enhver underforst\u00e5et garanti for salgbarhed eller egnethed. KuKirin Scooter Parts er under ingen omst\u00e6ndigheder ansvarlig for tilf\u00e6ldige skader eller f\u00f8lgeskader eller tab. Som anf\u00f8rt heri er KuKirin Scooter Parts ikke ansvarlig for eventuelle fejl i eller kontraktbrud vedr\u00f8rende kvaliteten eller ydeevnen af ovenn\u00e6vnte udstyr under nogen form for lovgivning.<br \/>5. Denne begr\u00e6nsede garanti g\u00e6lder for den oprindelige k\u00f8ber (bruger) og kan ikke overdrages.<br \/>6. Brugeren skal straks underrette KuKirin Scooter Parts i tilf\u00e6lde af en p\u00e5st\u00e5et defekt.<br \/>7. Alle andre underforst\u00e5ede garantier for disse dele, herunder, men ikke begr\u00e6nset til, salgbarhed og egnethed til et bestemt form\u00e5l, fraskrives hermed. KuKirin Scooter Parts er under ingen omst\u00e6ndigheder ansvarlig for tilf\u00e6ldige skader eller f\u00f8lgeskader eller tab. Som anf\u00f8rt heri er KuKirin Scooter Parts ikke ansvarlig for eventuelle fejl i eller kontraktbrud vedr\u00f8rende kvaliteten eller ydeevnen af ovenn\u00e6vnte udstyr under nogen form for lovgivning.<\/p><p><b>Procedure<\/b><\/p><p>For at indgive et garantikrav skal du sende os en e-mail p\u00e5 info@kukirin-scooter-parts.com med oplysninger om de problemer, du oplever med din vare.<\/p>\t\t\t\t\t\t\t\t<\/div>\n\t\t\t\t<\/div>\n\t\t\t\t\t<\/div>\n\t\t\t\t<\/div>\n\t\t\t\t<\/div>","protected":false},"excerpt":{"rendered":"<p>Battery KuKirin Scooter Parts offer 6-month warranty with battery\uff0cif determines the battery to be defective, we will ship the replacement(s) without charge. All battery and battery pack warranty claims are subject to the following conditions and limitations: Conditions and Limitations 1. The battery shall be the proper size, design, and capacity for the application. Failure &#8230; <a title=\"Garantipolitik\" class=\"read-more\" href=\"https:\/\/kukirin-scooter-parts.com\/da\/warranty-policy\/\" aria-label=\"Read more about Warranty Policy\">L\u00e6s mere <\/a><\/p>","protected":false},"author":1,"featured_media":0,"parent":0,"menu_order":0,"comment_status":"closed","ping_status":"closed","template":"","meta":{"footnotes":""},"class_list":["post-69","page","type-page","status-publish"],"_links":{"self":[{"href":"https:\/\/kukirin-scooter-parts.com\/da\/wp-json\/wp\/v2\/pages\/69","targetHints":{"allow":["GET"]}}],"collection":[{"href":"https:\/\/kukirin-scooter-parts.com\/da\/wp-json\/wp\/v2\/pages"}],"about":[{"href":"https:\/\/kukirin-scooter-parts.com\/da\/wp-json\/wp\/v2\/types\/page"}],"author":[{"embeddable":true,"href":"https:\/\/kukirin-scooter-parts.com\/da\/wp-json\/wp\/v2\/users\/1"}],"replies":[{"embeddable":true,"href":"https:\/\/kukirin-scooter-parts.com\/da\/wp-json\/wp\/v2\/comments?post=69"}],"version-history":[{"count":4,"href":"https:\/\/kukirin-scooter-parts.com\/da\/wp-json\/wp\/v2\/pages\/69\/revisions"}],"predecessor-version":[{"id":104,"href":"https:\/\/kukirin-scooter-parts.com\/da\/wp-json\/wp\/v2\/pages\/69\/revisions\/104"}],"wp:attachment":[{"href":"https:\/\/kukirin-scooter-parts.com\/da\/wp-json\/wp\/v2\/media?parent=69"}],"curies":[{"name":"wp","href":"https:\/\/api.w.org\/{rel}","templated":true}]}}