{"id":67,"date":"2024-09-02T03:57:53","date_gmt":"2024-09-02T03:57:53","guid":{"rendered":"https:\/\/kukirin-scooter-parts.com\/?page_id=67"},"modified":"2024-09-27T10:18:13","modified_gmt":"2024-09-27T10:18:13","slug":"shipping-delivery","status":"publish","type":"page","link":"https:\/\/kukirin-scooter-parts.com\/da\/shipping-delivery\/","title":{"rendered":"Forsendelse og levering"},"content":{"rendered":"<div data-elementor-type=\"wp-page\" data-elementor-id=\"67\" class=\"elementor elementor-67\" data-elementor-post-type=\"page\">\n\t\t\t\t<div class=\"elementor-element elementor-element-df66abb e-flex e-con-boxed e-con e-parent\" data-id=\"df66abb\" data-element_type=\"container\" data-e-type=\"container\">\n\t\t\t\t\t<div class=\"e-con-inner\">\n\t\t\t\t<div class=\"elementor-element elementor-element-3920418 elementor-widget elementor-widget-text-editor\" data-id=\"3920418\" data-element_type=\"widget\" data-e-type=\"widget\" data-widget_type=\"text-editor.default\">\n\t\t\t\t<div class=\"elementor-widget-container\">\n\t\t\t\t\t\t\t\t\t<p>Forsendelsesmetoder<br \/>Vi samarbejder med DPD, UPS og GLS shippingfirmaer om vores leverancer. Vi sender forsendelsesoplysninger til vores kunder via e-mail, s\u00e5 snart forsendelsen er p\u00e5begyndt, herunder forsendelsesdato, sporingsnummer og sporingssted.<\/p><p>Forsendelse fra<br \/>De lokale lagre i Polen.<\/p><p>Forsendelse til<br \/>Alle EU-lande, undtagen Cypern, Malta og nogle afsidesliggende \u00f8er.<\/p><p>Leveringstid<\/p><p>Fra Polen til \u00d8strig, Belgien, Bulgarien, Kroatien, Tjekkiet, Danmark, Estland, Finland, Frankrig, Tyskland, Gr\u00e6kenland, Ungarn, Irland, Italien, Letland, Litauen, Luxembourg, Holland, Polen, Portugal, Rum\u00e6nien, Slovakiet, Slovenien, Spanien, Sverige vil tage 5-7 arbejdsdage (Denne leveringstid er et sk\u00f8n og kan blive forsinket under europ\u00e6iske helligdage).<\/p><p>Bem\u00e6rk:.<\/p><p>Lagerbeholdningen af scooterdele opdateres ofte, vi har ingen m\u00e5de at opdatere lagerbeholdningen af hvert delprodukt rettidigt, hvis du bekymrer dig alvorligt om ankomsttiden, bedes du kontakte os, f\u00f8r du bestiller, om der er lager, og derefter beslutte, om du vil bestille<\/p><p>Forsendelsesomkostninger<\/p><p>Ordrev\u00e6rdier over \u20ac35 er gratis, mens der opkr\u00e6ves et forsendelsesgebyr p\u00e5 \u20ac10 pr. ordre for ordrev\u00e6rdier under \u20ac35. Importafgifter betales, n\u00e5r varerne sendes til lageret i Polen, og du skal ikke betale told.<\/p>\t\t\t\t\t\t\t\t<\/div>\n\t\t\t\t<\/div>\n\t\t\t\t\t<\/div>\n\t\t\t\t<\/div>\n\t\t\t\t<\/div>","protected":false},"excerpt":{"rendered":"<p>Shipping methodsWe work with DPD, UPS and GLS shipping companies for our deliveries. We\u2019ll send the shipping information to our customers by emails as soon as the shipping is started, including the shipping date, the tracking number and the tracking site. Shipping fromThe local warehouses in Poland. Shipping toAll EU countries, except for Cyprus, Malta &#8230; <a title=\"Shipping &amp; Delivery\" class=\"read-more\" href=\"https:\/\/kukirin-scooter-parts.com\/da\/shipping-delivery\/\" aria-label=\"Read more about Shipping &amp; Delivery\">L\u00e6s mere <\/a><\/p>","protected":false},"author":1,"featured_media":0,"parent":0,"menu_order":0,"comment_status":"closed","ping_status":"closed","template":"","meta":{"footnotes":""},"class_list":["post-67","page","type-page","status-publish"],"_links":{"self":[{"href":"https:\/\/kukirin-scooter-parts.com\/da\/wp-json\/wp\/v2\/pages\/67","targetHints":{"allow":["GET"]}}],"collection":[{"href":"https:\/\/kukirin-scooter-parts.com\/da\/wp-json\/wp\/v2\/pages"}],"about":[{"href":"https:\/\/kukirin-scooter-parts.com\/da\/wp-json\/wp\/v2\/types\/page"}],"author":[{"embeddable":true,"href":"https:\/\/kukirin-scooter-parts.com\/da\/wp-json\/wp\/v2\/users\/1"}],"replies":[{"embeddable":true,"href":"https:\/\/kukirin-scooter-parts.com\/da\/wp-json\/wp\/v2\/comments?post=67"}],"version-history":[{"count":10,"href":"https:\/\/kukirin-scooter-parts.com\/da\/wp-json\/wp\/v2\/pages\/67\/revisions"}],"predecessor-version":[{"id":539,"href":"https:\/\/kukirin-scooter-parts.com\/da\/wp-json\/wp\/v2\/pages\/67\/revisions\/539"}],"wp:attachment":[{"href":"https:\/\/kukirin-scooter-parts.com\/da\/wp-json\/wp\/v2\/media?parent=67"}],"curies":[{"name":"wp","href":"https:\/\/api.w.org\/{rel}","templated":true}]}}