{"id":65,"date":"2024-09-02T03:55:17","date_gmt":"2024-09-02T03:55:17","guid":{"rendered":"https:\/\/kukirin-scooter-parts.com\/?page_id=65"},"modified":"2024-09-02T07:28:52","modified_gmt":"2024-09-02T07:28:52","slug":"terms-of-service","status":"publish","type":"page","link":"https:\/\/kukirin-scooter-parts.com\/da\/terms-of-service\/","title":{"rendered":"Vilk\u00e5r for service"},"content":{"rendered":"<div data-elementor-type=\"wp-page\" data-elementor-id=\"65\" class=\"elementor elementor-65\" data-elementor-post-type=\"page\">\n\t\t\t\t<div class=\"elementor-element elementor-element-9797c62 e-flex e-con-boxed e-con e-parent\" data-id=\"9797c62\" data-element_type=\"container\" data-e-type=\"container\">\n\t\t\t\t\t<div class=\"e-con-inner\">\n\t\t\t\t<div class=\"elementor-element elementor-element-53fff2a elementor-widget elementor-widget-text-editor\" data-id=\"53fff2a\" data-element_type=\"widget\" data-e-type=\"widget\" data-widget_type=\"text-editor.default\">\n\t\t\t\t<div class=\"elementor-widget-container\">\n\t\t\t\t\t\t\t\t\t<p>Velkommen til kukirin-scooter-parts.com! Disse brugsbetingelser beskriver de vilk\u00e5r og betingelser, der g\u00e6lder for din adgang til og brug af webstedet p\u00e5 kukirin-scooter.com. Denne erkl\u00e6ring er en juridisk bindende aftale mellem dig som bruger(e) af webstedet (ben\u00e6vnt \"du\", \"medlem\", \"kunde\" eller \"bruger\" i det f\u00f8lgende) og kukirin-scooter.com (ben\u00e6vnt \"vi\", \"vores\", \"os\" eller \"KuKirin\", \"websted\" i det f\u00f8lgende), L\u00e6s venligst disse vilk\u00e5r og betingelser omhyggeligt, f\u00f8r du bestiller produkter fra vores websted.<\/p><h2><strong><b>Brugeraftale<\/b><\/strong><\/h2><p>Ved at f\u00e5 adgang til, gennemse eller bruge dette websted accepterer du at v\u00e6re bundet af dette websteds vilk\u00e5r og betingelser for brug og alle g\u00e6ldende love og regler, samtidig med at du accepterer, at du er ansvarlig for at overholde g\u00e6ldende lokal lovgivning. Hvis du ikke er enig i nogen af disse vilk\u00e5r, m\u00e5 du ikke bruge eller f\u00e5 adgang til dette websted. Materialerne p\u00e5 dette websted er beskyttet af g\u00e6ldende love om ophavsret og varem\u00e6rker. Vores produkter og tjenester er hovedsageligt rettet mod voksne. Hvis du er mindre\u00e5rig, bedes du garantere, at du bes\u00f8ger webstedet under opsyn af en for\u00e6lder eller v\u00e6rge.<\/p><h3><strong><b>1. Betingelse for aftale\u00a0<\/b><\/strong><\/h3><p>1.1 Som en betingelse for din adgang til og brug af webstedet eller tjenesterne accepterer du, at du vil overholde alle g\u00e6ldende love og regler, n\u00e5r du bruger webstedet eller tjenesterne.\u00a0<\/p><p>1.2 Du accepterer udelukkende at bruge webstedet eller tjenesterne til dine egne private og interne form\u00e5l. Du accepterer, at (a) du ikke vil kopiere, reproducere, downloade, genudgive, s\u00e6lge, distribuere eller videres\u00e6lge nogen tjenester eller oplysninger, tekst, billeder, grafik, videoklip, lyd, mapper, filer, databaser eller lister osv., der er tilg\u00e6ngelige p\u00e5 eller via webstedet (\"webstedsindhold\"), og (b) du ikke vil kopiere, reproducere, downloade, kompilere eller p\u00e5 anden m\u00e5de bruge noget webstedsindhold med henblik p\u00e5 at drive en virksomhed, der konkurrerer med KuKirin, eller p\u00e5 anden m\u00e5de udnytte webstedsindholdet kommercielt. Systematisk hentning af webstedsindhold fra webstedet for at oprette eller kompilere, direkte eller indirekte, en samling, kompilering, database eller mappe (uanset om det er gennem robotter, edderkopper, automatiske enheder eller manuelle processer) uden skriftlig tilladelse fra KuKirin er forbudt. Brug af indhold eller materialer p\u00e5 webstedet til ethvert form\u00e5l, der ikke udtrykkeligt er tilladt i vilk\u00e5rene, er forbudt.<br \/>\u00a0<\/p><p>1.3 Du skal l\u00e6se KuKirins privatlivspolitik, som regulerer beskyttelsen og brugen af personlige oplysninger om brugere, som KuKirin og vores tilknyttede selskaber er i besiddelse af. Du accepterer brugen af dine personlige oplysninger om dig i overensstemmelse med fortrolighedspolitikken.\u00a0<\/p><p>1.4 KuKirin kan give brugerne adgang til indhold, produkter eller tjenester, der tilbydes af tredjeparter via hyperlinks (i form af ordlinks, bannere, kanaler eller andet), API eller andet til s\u00e5danne tredjeparters hjemmesider. Du advares om at l\u00e6se s\u00e5danne hjemmesiders vilk\u00e5r og betingelser og\/eller privatlivspolitikker, f\u00f8r du bruger webstedet. Du anerkender, at KuKirin ikke har nogen kontrol over s\u00e5danne tredjeparters hjemmesider, ikke overv\u00e5ger s\u00e5danne hjemmesider og ikke er ansvarlig eller h\u00e6fter over for nogen for s\u00e5danne hjemmesider eller indhold, produkter eller tjenester, der stilles til r\u00e5dighed p\u00e5 s\u00e5danne hjemmesider.<\/p><p>1.5 Du accepterer ikke at foretage dig noget for at underminere integriteten af KuKirins og\/eller andre brugeres computersystemer eller netv\u00e6rk eller for at f\u00e5 uautoriseret adgang til s\u00e5danne computersystemer eller netv\u00e6rk.\u00a0<\/p><p>1.6 Du accepterer ikke at foretage dig noget, der kan underminere integriteten af KuKirins feedbacksystem, s\u00e5som at give positiv feedback til dig selv ved hj\u00e6lp af sekund\u00e6re medlems-id'er eller gennem tredjeparter eller ved at give ubegrundet negativ feedback til en anden bruger.<\/p><h3><strong><b>2. Brugerens ansvar\u00a0<\/b><\/strong><\/h3><p>2.1 Brugeren skal v\u00e6re registreret p\u00e5 webstedet for at bruge nogle tjenester. Medmindre KuKirin godkender det, m\u00e5 en bruger kun registrere \u00e9n brugerkonto p\u00e5 webstedet. KuKirin kan annullere eller opsige en brugers konto, hvis KuKirin har grund til at mist\u00e6nke, at brugeren samtidig har registreret eller kontrolleret to eller flere brugerkonti. Endvidere kan KuKirin afvise brugerens ans\u00f8gning om registrering uanset \u00e5rsag.\u00a0<\/p><p>2.2 Ved registrering p\u00e5 webstedet tildeler KuKirin en konto og udsteder et bruger-id og en adgangskode (sidstn\u00e6vnte skal v\u00e6lges af en registreret bruger under registreringen) til hver registreret bruger. En konto kan have en webbaseret e-mailkonto med begr\u00e6nset lagerplads, s\u00e5 brugeren kan sende eller modtage e-mails. N\u00e5r du bliver KuKirin-bruger, giver du dit samtykke til, at KuKirin m\u00e5 opbevare og bruge dine oplysninger i overensstemmelse med privatlivspolitikken.\u00a0<\/p><p>2.3 Et s\u00e6t bruger-id og adgangskode er unikt for en enkelt konto. Hver bruger er eneansvarlig for at opretholde fortroligheden og sikkerheden af dit bruger-id og din adgangskode og for alle aktiviteter, der finder sted under din konto. Ingen bruger m\u00e5 dele, tildele eller tillade brug af din brugerkonto, ID eller adgangskode af en anden person uden for brugerens egen forretningsenhed. Brugeren accepterer straks at underrette KuKirin, hvis du bliver opm\u00e6rksom p\u00e5 uautoriseret brug af din adgangskode eller din konto eller andre brud p\u00e5 sikkerheden for din konto.\u00a0<\/p><p>2.4 Brugeren accepterer, at alle aktiviteter, der finder sted under din konto (herunder, men ikke begr\u00e6nset til, at sende virksomheds- eller produktoplysninger, klikke for at acceptere yderligere aftaler eller regler, abonnere p\u00e5 eller foretage betaling for tjenester, sende e-mails ved hj\u00e6lp af e-mailkontoen), anses for at v\u00e6re godkendt af brugeren.\u00a0<\/p><p>2.5 Brugeren anerkender, at deling af din konto med andre personer eller tilladelse af flere brugere til at bruge din konto (samlet kaldet \"flere anvendelser\") kan for\u00e5rsage uoprettelig skade p\u00e5 KuKirin eller andre brugere af webstedet. Brugeren skal holde KuKirin, vores datterselskaber, direkt\u00f8rer, medarbejdere, agenter og repr\u00e6sentanter skadesl\u00f8se for ethvert tab eller enhver skade (herunder, men ikke begr\u00e6nset til, tab af fortjeneste), der er opst\u00e5et som f\u00f8lge af flere anvendelser af din konto. Brugeren accepterer ogs\u00e5, at i tilf\u00e6lde af flere anvendelser af din konto eller brugerens manglende opretholdelse af sikkerheden p\u00e5 din konto, er KuKirin ikke ansvarlig for tab eller skader, der opst\u00e5r som f\u00f8lge af en s\u00e5dan overtr\u00e6delse, og har ret til at suspendere eller opsige brugerens konto uden ansvar over for brugeren.\u00a0<\/p><p>2.6 Brugeren garanterer, at de oplysninger, du har givet, da du registrerede din KuKirin-konto, er n\u00f8jagtige, sandf\u00e6rdige, lovlige og gyldige og udelukkende tilh\u00f8rer dig. Brugere er eneansvarlige for n\u00f8jagtigheden af de data, de giver til KuKirin, og KuKirin vil ikke blive holdt ansvarlig og vil ikke tilbyde nogen kompensation for eventuelle tilf\u00e6lde af ukorrekte oplysninger.\u00a0<\/p><p>2.7 Brugeren har kun mulighed for at annullere ordren inden afsendelse ved at kontakte vores supportcenter. Og KuKirin forbeholder sig ret til at annullere ordren med henblik p\u00e5 driftsstrategi med forudg\u00e5ende varsel til brugerkontoen. N\u00e5r ordren er afsendt, kan den dog ikke annulleres, \u00e6ndres eller refunderes. Ved modtagelse af pakken tr\u00e6der vores returpolitik i kraft.\u00a0<\/p><p>2.8 Brugeren skal respekteres for at have mulighed for at tilmelde sig eller annullere abonnement p\u00e5 nyhedsbrev ved registrering.\u00a0<\/p><p>2.9 Brugeren forst\u00e5r og accepterer, at KuKirin har ret til midlertidigt eller permanent at opsige alle eller dele af tjenesterne til enhver tid i overensstemmelse med sine egne forretningsbehov (herunder, men ikke begr\u00e6nset til, tilf\u00e6lde som overtr\u00e6delse af KuKirins vilk\u00e5r og betingelser, uacceptable og urimelige kommentarer eller adf\u00e6rd over for KuKirins brandimage).\u00a0\u00a0<\/p><p>2.10 Hvis du har bekymringer eller klager vedr\u00f8rende vores service, bedes du sende os en e-mail direkte p\u00e5 Kontakt os. Du har ogs\u00e5 ret til at indgive en klage til de officielle myndigheder. Vi vil dog gerne have mulighed for at h\u00e5ndtere dine bekymringer, f\u00f8r du henvender dig til tredjeparter, s\u00e5 kontakt os venligst i f\u00f8rste omgang.<\/p><h3><strong><b>3. Betingelser for brug\u00a0<\/b><\/strong><\/h3><p>3.1 Licens<\/p><p>Brug Der gives tilladelse til midlertidigt at downloade en kopi af materialerne (information eller software) fra kukirin-scooter.com-webstedet til personlig og ikke-kommerciel forbig\u00e5ende visning. Dette er tildeling af en licens, ikke en overf\u00f8rsel af titel, og under denne licens kan du ikke \u00e6ndre eller kopiere materialerne, bruge materialerne til noget kommercielt form\u00e5l eller til nogen offentlig visning (kommerciel eller ikke-kommerciel) fors\u00f8ge at dekompilere eller reverse engineer nogen software indeholdt p\u00e5 kukirin-scooter.com-webstedet, fjerne copyright eller andre ejendomsretlige noter fra materialerne eller overf\u00f8re materialerne til en anden person eller \"spejle\" materialerne p\u00e5 nogen anden server. Denne licens oph\u00f8rer automatisk, hvis du overtr\u00e6der nogen af disse begr\u00e6nsninger og kan opsiges af kukirin-scooter.com til enhver tid. N\u00e5r du afslutter din visning af disse materialer eller ved opsigelse af denne licens, skal du \u00f8del\u00e6gge alt downloadet materiale i din besiddelse, hvad enten det er i elektronisk eller trykt format.\u00a0<\/p><p>3.2 Ansvarsfraskrivelse<\/p><p>Materialerne p\u00e5 kukirin-scooter.com-webstedet leveres \"som de er\". kukirin-scooter.com giver ingen garantier, udtrykt eller underforst\u00e5et, og fraskriver sig hermed og negerer alle andre garantier, herunder uden begr\u00e6nsning, underforst\u00e5ede garantier eller betingelser for salgbarhed, egnethed til et bestemt form\u00e5l eller ikke-kr\u00e6nkelse af intellektuel ejendom.\u00a0<\/p><p>3.3 Begr\u00e6nsninger<\/p><p>Under ingen omst\u00e6ndigheder skal kukirin-scooter.com eller dets leverand\u00f8rer v\u00e6re ansvarlige for skader (herunder, uden begr\u00e6nsning, skader for tab af data eller fortjeneste eller p\u00e5 grund af forretningsafbrydelse), der opst\u00e5r som f\u00f8lge af brugen eller manglende evne til at bruge materialerne p\u00e5 kukirin-scooter.com, selvom kukirin-scooter.com eller en autoriseret repr\u00e6sentant for kukirin-scooter.com er blevet underrettet mundtligt eller skriftligt om muligheden for en s\u00e5dan skade. Da nogle jurisdiktioner ikke tillader begr\u00e6nsninger af underforst\u00e5ede garantier eller begr\u00e6nsninger af ansvar for f\u00f8lgeskader eller tilf\u00e6ldige skader, g\u00e6lder disse begr\u00e6nsninger muligvis ikke for dig.<\/p><p>3.4 Revisioner og fejlrettelser<\/p><p>Materialet p\u00e5 kukirin-scooter.com's hjemmeside kan indeholde tekniske, typografiske eller fotografiske fejl. Og kukirin-scooter.com garanterer ikke, at noget af materialet p\u00e5 dets websted er n\u00f8jagtigt, komplet eller aktuelt. Kukirin-scooter.com kan ogs\u00e5 foretage \u00e6ndringer i materialerne p\u00e5 sit websted til enhver tid uden varsel. Desuden forpligter kukirin-scooter.com sig ikke til at opdatere materialerne.<\/p><p>3.5 Links<\/p><p>Webstedet kukirin-scooter.com har ikke gennemg\u00e5et alle de websteder, der er knyttet til dets internetwebsted, og er ikke ansvarlig for indholdet af s\u00e5danne linkede websteder. Inkluderingen af s\u00e5danne links indeb\u00e6rer ikke godkendelse af hjemmesiden fra kukirin-scooter.com. Brug af s\u00e5danne linkede hjemmesider sker p\u00e5 brugerens eget ansvar.<\/p><p>3.6 \u00c6ndringer af hjemmesidens brugsbetingelser<\/p><p>Webstedet kukirin-scooter.com kan revidere disse vilk\u00e5r for brug af sit websted til enhver tid uden forudg\u00e5ende varsel. Ved at bruge dette websted accepterer du at v\u00e6re bundet af den aktuelle version af disse vilk\u00e5r og betingelser for brug eller andre kr\u00e6nkelser af rettigheder. Desuden garanterer kukirin-scooter.com ikke eller frems\u00e6tter nogen erkl\u00e6ringer om n\u00f8jagtigheden, sandsynlige resultater eller p\u00e5lideligheden af brugen af materialerne p\u00e5 dets internetwebsted eller p\u00e5 anden m\u00e5de i forbindelse med s\u00e5danne materialer eller p\u00e5 ethvert andet websted, der er knyttet til dette websted.<\/p><h3>\u00a0<\/h3><h3>4. G\u00e6ldende lov<\/h3><p>Disse servicevilk\u00e5r og eventuelle separate aftaler, hvormed vi leverer til dig, skal styres af og fortolkes i overensstemmelse med lovgivningen i Storbritannien.<\/p>\t\t\t\t\t\t\t\t<\/div>\n\t\t\t\t<\/div>\n\t\t\t\t\t<\/div>\n\t\t\t\t<\/div>\n\t\t\t\t<\/div>","protected":false},"excerpt":{"rendered":"<p>Welcome to kukirin-scooter-parts.com! These Terms of Use describe the terms and conditions applicable to your access and use of the website at kukirin-scooter.com. This statement is a legally binding agreement between you as the user(s) of the Site (referred to as \u201cyou\u201d, \u201cMember\u201d, &#8220;Customer&#8221; or \u201cUser\u201d hereinafter) and the kukirin-scooter.com (referred to as \u201cwe\u201d, \u201cour\u201d, &#8230; <a title=\"Vilk\u00e5r for service\" class=\"read-more\" href=\"https:\/\/kukirin-scooter-parts.com\/da\/terms-of-service\/\" aria-label=\"Read more about Terms of Service\">L\u00e6s mere <\/a><\/p>","protected":false},"author":1,"featured_media":0,"parent":0,"menu_order":0,"comment_status":"closed","ping_status":"closed","template":"","meta":{"footnotes":""},"class_list":["post-65","page","type-page","status-publish"],"_links":{"self":[{"href":"https:\/\/kukirin-scooter-parts.com\/da\/wp-json\/wp\/v2\/pages\/65","targetHints":{"allow":["GET"]}}],"collection":[{"href":"https:\/\/kukirin-scooter-parts.com\/da\/wp-json\/wp\/v2\/pages"}],"about":[{"href":"https:\/\/kukirin-scooter-parts.com\/da\/wp-json\/wp\/v2\/types\/page"}],"author":[{"embeddable":true,"href":"https:\/\/kukirin-scooter-parts.com\/da\/wp-json\/wp\/v2\/users\/1"}],"replies":[{"embeddable":true,"href":"https:\/\/kukirin-scooter-parts.com\/da\/wp-json\/wp\/v2\/comments?post=65"}],"version-history":[{"count":4,"href":"https:\/\/kukirin-scooter-parts.com\/da\/wp-json\/wp\/v2\/pages\/65\/revisions"}],"predecessor-version":[{"id":95,"href":"https:\/\/kukirin-scooter-parts.com\/da\/wp-json\/wp\/v2\/pages\/65\/revisions\/95"}],"wp:attachment":[{"href":"https:\/\/kukirin-scooter-parts.com\/da\/wp-json\/wp\/v2\/media?parent=65"}],"curies":[{"name":"wp","href":"https:\/\/api.w.org\/{rel}","templated":true}]}}