{"id":3,"date":"2024-08-28T09:48:00","date_gmt":"2024-08-28T09:48:00","guid":{"rendered":"http:\/\/kukirin-scooter-parts.com\/?page_id=3"},"modified":"2024-09-02T07:25:46","modified_gmt":"2024-09-02T07:25:46","slug":"privacy-policy","status":"publish","type":"page","link":"https:\/\/kukirin-scooter-parts.com\/da\/privacy-policy\/","title":{"rendered":"Politik for beskyttelse af personlige oplysninger"},"content":{"rendered":"<div data-elementor-type=\"wp-page\" data-elementor-id=\"3\" class=\"elementor elementor-3\" data-elementor-post-type=\"page\">\n\t\t\t\t<div class=\"elementor-element elementor-element-250f5984 e-flex e-con-boxed e-con e-parent\" data-id=\"250f5984\" data-element_type=\"container\" data-e-type=\"container\">\n\t\t\t\t\t<div class=\"e-con-inner\">\n\t\t\t\t<div class=\"elementor-element elementor-element-2760fd46 elementor-widget elementor-widget-text-editor\" data-id=\"2760fd46\" data-element_type=\"widget\" data-e-type=\"widget\" data-widget_type=\"text-editor.default\">\n\t\t\t\t<div class=\"elementor-widget-container\">\n\t\t\t\t\t\t\t\t\t<p><\/p>\n<p>Her p\u00e5 kukirin-scooter-parts.com (i det f\u00f8lgende ben\u00e6vnt \"vi\", \"os\" eller \"KuKirin\", \"webstedet\") er vi forpligtet til at beskytte og respektere privatlivets fred for dine personlige data. Denne privatlivspolitik forklarer, hvordan dine data indsamles, bruges, overf\u00f8res og videregives af KuKirin. Den g\u00e6lder for data, der indsamles, n\u00e5r du bruger vores websteder, n\u00e5r du interagerer med os via sociale medier, e-mail eller telefon, eller n\u00e5r du deltager i vores konkurrencer eller arrangementer. Den d\u00e6kker:<\/p>\n<h2 class=\"wp-block-heading\"><strong>1. Vores forpligtelse over for dig\u00a0<\/strong><br \/><strong>2. S\u00e5dan sikrer vi dine data\u00a0\u00a0<\/strong><br \/><strong>3. De personlige data, vi indsamler\u00a0<\/strong><br \/><strong>4. Hvordan vi indsamler dine data\u00a0<\/strong><br \/><strong>5. Hvordan vi bruger dine data\u00a0<\/strong><br \/><strong>6. Om cookies\u00a0<\/strong><br \/><strong>7. Hvordan vi deler dine data\u00a0<\/strong><br \/><strong>8. Dine rettigheder til dine personlige data\u00a0<\/strong><br \/><strong>9. \u00c6ndringer af denne privatlivspolitik<\/strong><\/h2>\n<h3>1. Vores forpligtelse over for dig<\/h3>\n<h2 class=\"wp-block-heading\">Vi tager beskyttelsen af dine persondata alvorligt og behandler dine persondata retf\u00e6rdigt, lovligt og gennemsigtigt. Denne privatlivspolitik beskriver de persondata, vi indsamler om dig, og hvordan de bruges. Vi vil kun indsamle og bruge dine personoplysninger til f\u00f8lgende form\u00e5l:<\/h2>\n<ul>\n<li>Forbedre vores tjenester;<\/li>\n<li>Opfylde vores juridiske ansvar.<\/li>\n<\/ul>\n<h3>2. S\u00e5dan sikrer vi dine data<\/h3>\n<p>Vi har passende organisatoriske garantier og sikkerhedsforanstaltninger p\u00e5 plads for at beskytte dine data mod utilsigtet tab, brug eller adgang p\u00e5 en uautoriseret m\u00e5de, \u00e6ndring eller offentligg\u00f8relse. Kommunikationen mellem din browser og vores hjemmeside bruger en sikker, krypteret forbindelse, uanset hvor dine personlige data er involveret. Vi krypterer dine data og gemmer dem p\u00e5 sikre servere, der er skjult bag en firewall. Vi kr\u00e6ver, at enhver tredjepart, der har kontrakt p\u00e5 at behandle dine personlige data p\u00e5 vores vegne, har sikkerhedsforanstaltninger p\u00e5 plads for at beskytte dine data og for at behandle s\u00e5danne data i overensstemmelse med loven. I det uheldige tilf\u00e6lde af et brud p\u00e5 persondatasikkerheden vil vi underrette dig og alle g\u00e6ldende regler, n\u00e5r vi er juridisk forpligtet til at g\u00f8re det.<\/p>\n<h3>3. De personlige data, vi indsamler\u00a0<\/h3>\n<p>3.1 E-mailadresse, herunder den e-mailadresse, der er angivet via godkendte tilknyttede tredjeparter.<\/p>\n<p>3.2 Forsendelsesoplysninger, herunder navn, land og telefonnummer. N\u00e5r vi har brug for at gemme oplysninger i forbindelse med en ordre, indtaster vi dem i vores database via SSL-kryptering. Mens vores hjemmeside er designet til et generelt publikum, vil vi ikke bevidst indsamle data fra b\u00f8rn, som ikke har tilladelse til at bruge eller indsende data til hjemmesiden.<\/p>\n<h3>4. Hvordan vi indsamler dine data<\/h3>\n<p>Vi kan indsamle personoplysninger om dig p\u00e5 f\u00f8lgende m\u00e5der:\u00a0<\/p>\n<h2 class=\"wp-block-heading\">4.1 Direkte interaktioner: Du kan give os dine identitets-, kontakt-, finans-, transaktions-, profil-, markedsf\u00f8rings- og kommunikationsdata ved at udfylde formularer, indtaste oplysninger online eller korrespondere med os via post, telefon, e-mail, telefon eller p\u00e5 anden m\u00e5de. Dette omfatter personoplysninger, som du f.eks. giver, n\u00e5r du:<\/h2>\n<ul>\n<li>Opret en konto p\u00e5 vores hjemmeside;\u00a0<\/li>\n<li>Tilmeld dig vores nyhedsbrev, diskussionsfora og sociale medier;<\/li>\n<li>Gennemf\u00f8r en frivillig markedsunders\u00f8gelse;<\/li>\n<li>Kontakt os med en foresp\u00f8rgsel eller for at rapportere et problem (via telefon, e-mail, sociale medier eller beskedtjeneste);<\/li>\n<li>N\u00e5r du logger ind p\u00e5 vores hjemmeside via sociale medier.<\/li>\n<\/ul>\n<p>4.2 Indirekte interaktioner: N\u00e5r du interagerer med vores hjemmeside, kan vi automatisk indsamle tekniske data ved hj\u00e6lp af cookies, serverlogs og andre lignende teknologier. Se venligst Om cookies for yderligere oplysninger.<\/p>\n<h2 class=\"wp-block-heading\">4.3 Tredjeparter: Vi kan modtage personoplysninger om dig fra forskellige tredjeparter, herunder:\u00a0<\/h2>\n<ul>\n<li>Tilknyttede tredjeparter, herunder analyseudbydere som Google;\u00a0<\/li>\n<li>Affiliate-netv\u00e6rk, hvorigennem du har f\u00e5et adgang til vores hjemmeside;<\/li>\n<li>Sociale medieplatforme, n\u00e5r du logger ind p\u00e5 vores hjemmeside ved hj\u00e6lp af s\u00e5danne sociale medieplatforme.<\/li>\n<\/ul>\n<h3>5. Hvordan vi bruger dine data<\/h3>\n<p>Vi indsamler og behandler kun dine personoplysninger, hvis vi har et juridisk grundlag for at g\u00f8re det. Som dataansvarlig varierer retsgrundlaget for vores indsamling og brug af dine persondata afh\u00e6ngigt af den m\u00e5de og det form\u00e5l, vi indsamlede dem til. Vi vil kun indsamle og behandle dine personoplysninger, hvis vi har et retsgrundlag for at g\u00f8re det. Som dataansvarlig varierer retsgrundlaget for vores indsamling og brug af dine persondata afh\u00e6ngigt af den m\u00e5de og det form\u00e5l, vi har indsamlet dem til. Vi vil kun indsamle personoplysninger fra dig, n\u00e5r:<\/p>\n<p>5.1 Vi har dit samtykke til at g\u00f8re det<\/p>\n<p>5.2 Vi har brug for dine personoplysninger for at opfylde en kontrakt med dig. For eksempel for at behandle en betaling fra dig, opfylde din ordre eller yde kundesupport i forbindelse med en ordre.<\/p>\n<p>5.3 Behandlingen er i vores legitime interesse og tilsides\u00e6ttes ikke af dine rettigheder<\/p>\n<p>5.4 Vi har en juridisk forpligtelse til at indsamle eller videregive personoplysninger fra dig. Dine persondata bruges af KuKirin til at underst\u00f8tte en r\u00e6kke forskellige aktiviteter. Disse er anf\u00f8rt i tabellen nedenfor sammen med de typer data, der anvendes, og de retsgrundlag, vi baserer os p\u00e5, n\u00e5r vi behandler dem, herunder, hvor det er relevant, vores legitime interesser. V\u00e6r opm\u00e6rksom p\u00e5, at vi kan behandle dine persondata p\u00e5 mere end \u00e9t retsgrundlag, afh\u00e6ngigt af den specifikke aktivitet. Kontakt os, hvis du har brug for oplysninger om det specifikke retsgrundlag, vi anvender til at behandle dine personoplysninger, hvis der er angivet mere end \u00e9t retsgrundlag i tabellen nedenfor.\u00a0<\/p>\n<p>5.5 For at oprette en konto og registrere dig som ny kunde (enten direkte eller via sociale medier).\u00a0<\/p>\n<p>5.6 At administrere vores forhold til dig, herunder at give dig oplysninger, produkter og tjenester, som du anmoder om fra os; at underrette dig om \u00e6ndringer i vores tjenester, vilk\u00e5r og betingelser eller privatlivspolitik; at bede dig om at give en anmeldelse eller deltage i en unders\u00f8gelse.\u00a0<\/p>\n<p>5.7 For at g\u00f8re det muligt for dig at deltage i en konkurrence, et arrangement, en unders\u00f8gelse eller modtage en bel\u00f8nning.\u00a0<\/p>\n<p>5.8 At administrere, beskytte og forbedre vores virksomhed og vores hjemmeside\/app, herunder fejlfinding, dataanalyse, test, systemvedligeholdelse, support, dataanalyse, rapportering og hosting af data; indstilling af standardindstillinger for dig, f.eks. sprog og valuta.\u00a0\u00a0<\/p>\n<p>5.9 At levere relevant webstedsindhold, onlineannoncer og information til dig; og m\u00e5le effektiviteten af den leverede annoncering.\u00a0<\/p>\n<p>5.10 At bruge dataanalyse til at: forbedre vores websted, produkter, tjenester, markedsf\u00f8ring, kunderelationer og oplevelser; og til markedsunders\u00f8gelser, statistiske form\u00e5l og unders\u00f8gelser.\u00a0<\/p>\n<p>5.11 At anbefale produkter, tjenester, rabatter og tilbud, der kan v\u00e6re af interesse for dig, herunder at sende dig s\u00e5danne oplysninger via e-mail, post eller SMS.\u00a0<\/p>\n<p>5.12 For at informere eller minde dig via e-mail om enhver opgave, der er udf\u00f8rt via vores websted, og som ikke er afsluttet, s\u00e5som ufuldst\u00e6ndige ordrer eller forladte kurve, bruger vi kun dine personlige data til de form\u00e5l, som vi indsamlede dem til, medmindre vi med rimelighed mener, at vi skal bruge dem til en anden grund, og at denne grund er forenelig med det oprindelige form\u00e5l. Hvis vi \u00f8nsker at bruge dine personoplysninger til et ikke-relateret form\u00e5l, giver vi dig besked, og vi forklarer det juridiske grundlag, der giver os mulighed for at g\u00f8re det. Vi kan behandle personoplysninger uden dit samtykke i overensstemmelse med ovenst\u00e5ende regler, hvis dette er p\u00e5kr\u00e6vet eller tilladt i henhold til loven. Vi opbevarer ikke dine persondata l\u00e6ngere, end det er n\u00f8dvendigt for det eller de form\u00e5l, de blev givet til, og for at opfylde vores juridiske forpligtelser. Yderligere oplysninger om de perioder, hvor vi opbevarer data, kan f\u00e5s p\u00e5 anmodning.\u00a0<\/p>\n<h3>6. Om cookies\u00a0<\/h3>\n<p>Vi bruger \"cookies\" til at gemme specifikke oplysninger om dig og spore dine bes\u00f8g p\u00e5 webstedet, enten via en computer eller via en mobilenhed. Det er ikke ualmindeligt, at hjemmesider bruger cookies til at forbedre identifikationen af deres bes\u00f8gende - en \"cookie\" er en lille m\u00e6ngde data, der sendes til din browser og gemmes p\u00e5 din computers eller mobilenheds harddisk. Hvis du ikke deaktiverer eller sletter cookien, vil vores webservere f\u00e5 besked om dit bes\u00f8g p\u00e5 webstedet, hver gang du bruger den samme browser eller mobilenhed til at f\u00e5 adgang til webstedet, og til geng\u00e6ld kan vi f\u00e5 kendskab til dit bes\u00f8g og dit brugsm\u00f8nster.\u00a0\u00a0<\/p>\n<p>Cookies g\u00f8r det muligt for os at huske dine oplysninger, s\u00e5 du ikke beh\u00f8ver at indtaste dem igen, hver gang du bruger webstedet. Derudover bruger vi cookies til at administrere sikkerheden p\u00e5 vores websted, indsamle oplysninger om brugernes brug, unders\u00f8ge bes\u00f8gsm\u00f8nstre og udf\u00f8re interessebaseret annoncering; til at hj\u00e6lpe vores partnere med at spore brugerbes\u00f8g p\u00e5 webstedet og spore fremskridt og deltagelse i kampagner. Til disse yderligere form\u00e5l, der er identificeret ovenfor, kan du bestemme, om og hvordan en cookie skal accepteres ved at konfigurere privatlivsindstillingen i den browser, du bruger til at f\u00e5 adgang til webstedet, eller privatlivsindstillingen p\u00e5 din mobile enhed. Hvis du justerer privatlivsindstillingen i browseren, vil din mobile enhed forts\u00e6tte med at indsamle data, medmindre du justerer enhedens privatlivsindstilling og omvendt. Visse funktioner p\u00e5 webstedet er afh\u00e6ngige af cookies.\u00a0<\/p>\n<p>V\u00e6r opm\u00e6rksom p\u00e5, at hvis du v\u00e6lger at blokere cookies, kan du muligvis ikke logge ind eller bruge disse funktioner, og pr\u00e6ferencer, der er afh\u00e6ngige af cookies, kan g\u00e5 tabt.  Vi bruger en r\u00e6kke analyse- og m\u00e5lrettede annonceringsv\u00e6rkt\u00f8jer til at vise dig relevant webstedsindhold p\u00e5 vores websted og onlineannoncer p\u00e5 andre websteder og apps (som beskrevet ovenfor), levere relevant indhold til dig i markedsf\u00f8ringskommunikation (hvor det er relevant) og til at m\u00e5le effektiviteten af den leverede annoncering.\u00a0<\/p>\n<p>For eksempel bruger vi v\u00e6rkt\u00f8jer som Google Analytics til at analysere Googles interessebaserede annonceringsdata og\/eller tredjeparts publikumsdata (s\u00e5som alder, civilstand, livsbegivenhed, k\u00f8n og interesser) for at m\u00e5lrette og forbedre vores marketingkampagner, marketingstrategier og webstedsindhold. Vi kan ogs\u00e5 bruge v\u00e6rkt\u00f8jer, der leveres af andre tredjeparter, s\u00e5som Facebook. Vores hjemmeside kan indeholde links til og fra hjemmesider for vores partnernetv\u00e6rk, annonc\u00f8rer og tilknyttede virksomheder eller til sociale medieplatforme. Hvis du f\u00f8lger et link til en af disse hjemmesider, skal du v\u00e6re opm\u00e6rksom p\u00e5, at disse hjemmesider har deres egne privatlivspolitikker, og at vi ikke p\u00e5tager os noget ansvar for disse politikker. Tjek venligst disse politikker, f\u00f8r du sender personlige data til deres hjemmesider.\u00a0<\/p>\n<h3>7. Hvordan vi deler dine data\u00a0<\/h3>\n<p>Vi s\u00e6lger, udlejer, bytter, licenserer eller p\u00e5 anden m\u00e5de videregiver eller deler dine personlige eller \u00f8konomiske oplysninger til nogen, undtagen i f\u00f8lgende specifikke situationer:\u00a0\u00a0\u00a0\u00a0\u00a0<\/p>\n<p>7.1 Tredjeparts tjenesteudbydere: Som de fleste onlineforhandlere bruger vi nogle gange tredjepartsudbydere til at udf\u00f8re specifikke funktioner p\u00e5 vores vegne. Alle oplysninger, der videregives til dem, er udelukkende for at hj\u00e6lpe med deres levering af tjenester. For eksempel giver vi dit navn, din leveringsadresse og dit telefonnummer til partnere som DHL for at kunne garantere levering af dine ordrer, og vi kan bruge relevante kundeoplysninger til at overv\u00e5ge kvaliteten af tredjepartens service.\u00a0<\/p>\n<p>7.2 Juridisk krav om at videregive oplysninger: Vi kan v\u00e6re forpligtet til at videregive oplysningerne, hvis vi bliver st\u00e6vnet, f\u00e5r en retskendelse eller bliver bedt om det af retsh\u00e5ndh\u00e6vende myndigheder, der foretager unders\u00f8gelser, eller hvis vi p\u00e5 anden m\u00e5de er forpligtet af loven til at videregive s\u00e5danne oplysninger. Vi frigiver ogs\u00e5 personlige oplysninger, n\u00e5r det er n\u00f8dvendigt for at beskytte vores juridiske rettigheder eller h\u00e5ndh\u00e6ve vores brugsbetingelser og andre aftaler. Vi kan f.eks. dele oplysninger for at reducere risikoen for svindel eller for at forhindre svindel fra brugere, der fors\u00f8ger at beg\u00e5 svindel eller anden ulovlig aktivitet p\u00e5 vores websted.\u00a0<\/p>\n<p>7.3 Fusion og\/eller salg af aktiver: Vi s\u00e6lger, bytter eller udlejer normalt ikke personlige oplysninger til andre virksomheder i forbindelse med vores forretning. Det er dog muligt, at vi opk\u00f8ber, fusionerer med eller bliver opk\u00f8bt af en anden virksomhed, eller at vi afh\u00e6nder nogle eller alle vores aktiver, og i s\u00e5 fald kan dine personlige oplysninger blive videregivet til en anden virksomhed i henhold til den g\u00e6ldende fortrolighedspolitik.\u00a0<\/p>\n<p>7.4 Ikke-personligt identificerbare oplysninger: Vi kan dele oplysninger, der ikke identificerer dig eller nogen anden bruger, s\u00e5som antallet af daglige bes\u00f8gende p\u00e5 en bestemt side eller st\u00f8rrelsen p\u00e5 en ordre, der er afgivet p\u00e5 en bestemt dato, med tredjeparter som f.eks. reklamepartnere.<\/p>\n<h3>8. Dine rettigheder til dine personlige data\u00a0\u00a0<\/h3>\n<p>Du har flere rettigheder i henhold til lovgivningen om databeskyttelse. Dette omfatter under visse omst\u00e6ndigheder retten til:<\/p>\n<p>8.1 Anmod om adgang til dine personlige data<\/p>\n<p>8.2 Anmodning om rettelse af dine personlige data<\/p>\n<p>8.3 Anmodning om sletning af dine personlige data<\/p>\n<p>8.4 Anmod om begr\u00e6nsning af behandlingen af dine personoplysninger<\/p>\n<p>8.5 Anmod om overf\u00f8rsel af dine personlige data<\/p>\n<p>8.6 G\u00f8r indsigelse mod behandlingen af dine personoplysninger<\/p>\n<p>8.7 Indsigelse mod automatiseret beslutningstagning<\/p>\n<h3>9. \u00c6ndringer af denne privatlivspolitik<\/h3>\n<p>Fra tid til anden kan vi \u00e6ndre denne privatlivspolitik. Hvis der sker v\u00e6sentlige \u00e6ndringer, vil vi l\u00e6gge opdateringer ud p\u00e5 vores hjemmeside og i vores applikationer eller give dig besked via e-mail. Og denne fortrolighedspolitik blev sidst opdateret den 4. september 2024.<\/p>\t\t\t\t\t\t\t\t<\/div>\n\t\t\t\t<\/div>\n\t\t\t\t\t<\/div>\n\t\t\t\t<\/div>\n\t\t\t\t<\/div>","protected":false},"excerpt":{"rendered":"<p>Here is kukirin-scooter-parts.com (hereinafter referred to as \u201cwe\u201d, \u201cus\u201d or \u201cKuKirin\u201d, &#8220;Site&#8221;), we are committed to protecting and respecting the privacy of your personal data. This privacy policy explains how your data is collected, used, transferred, and disclosed by KuKirin. It applies to data collected when you use our websites when you interact with us &#8230; <a title=\"Politik for beskyttelse af personlige oplysninger\" class=\"read-more\" href=\"https:\/\/kukirin-scooter-parts.com\/da\/privacy-policy\/\" aria-label=\"Read more about Privacy Policy\">L\u00e6s mere <\/a><\/p>","protected":false},"author":1,"featured_media":0,"parent":0,"menu_order":0,"comment_status":"closed","ping_status":"open","template":"","meta":{"footnotes":""},"class_list":["post-3","page","type-page","status-publish"],"_links":{"self":[{"href":"https:\/\/kukirin-scooter-parts.com\/da\/wp-json\/wp\/v2\/pages\/3","targetHints":{"allow":["GET"]}}],"collection":[{"href":"https:\/\/kukirin-scooter-parts.com\/da\/wp-json\/wp\/v2\/pages"}],"about":[{"href":"https:\/\/kukirin-scooter-parts.com\/da\/wp-json\/wp\/v2\/types\/page"}],"author":[{"embeddable":true,"href":"https:\/\/kukirin-scooter-parts.com\/da\/wp-json\/wp\/v2\/users\/1"}],"replies":[{"embeddable":true,"href":"https:\/\/kukirin-scooter-parts.com\/da\/wp-json\/wp\/v2\/comments?post=3"}],"version-history":[{"count":4,"href":"https:\/\/kukirin-scooter-parts.com\/da\/wp-json\/wp\/v2\/pages\/3\/revisions"}],"predecessor-version":[{"id":92,"href":"https:\/\/kukirin-scooter-parts.com\/da\/wp-json\/wp\/v2\/pages\/3\/revisions\/92"}],"wp:attachment":[{"href":"https:\/\/kukirin-scooter-parts.com\/da\/wp-json\/wp\/v2\/media?parent=3"}],"curies":[{"name":"wp","href":"https:\/\/api.w.org\/{rel}","templated":true}]}}