{"id":11,"date":"2024-09-02T07:47:47","date_gmt":"2024-09-02T07:47:47","guid":{"rendered":"https:\/\/kukirin-scooter-parts.com\/?page_id=11"},"modified":"2024-09-02T07:47:48","modified_gmt":"2024-09-02T07:47:48","slug":"refund_returns","status":"publish","type":"page","link":"https:\/\/kukirin-scooter-parts.com\/da\/refund_returns\/","title":{"rendered":"Politik for tilbagebetaling og returnering"},"content":{"rendered":"<div data-elementor-type=\"wp-page\" data-elementor-id=\"11\" class=\"elementor elementor-11\" data-elementor-post-type=\"page\">\n\t\t\t\t<div class=\"elementor-element elementor-element-7db694f0 e-flex e-con-boxed e-con e-parent\" data-id=\"7db694f0\" data-element_type=\"container\" data-e-type=\"container\">\n\t\t\t\t\t<div class=\"e-con-inner\">\n\t\t\t\t<div class=\"elementor-element elementor-element-17ba640e elementor-widget elementor-widget-text-editor\" data-id=\"17ba640e\" data-element_type=\"widget\" data-e-type=\"widget\" data-widget_type=\"text-editor.default\">\n\t\t\t\t<div class=\"elementor-widget-container\">\n\t\t\t\t\t\t\t\t\t\n<p>Hvis du anmoder om tilbagebetaling eller returnering efter at have afgivet en ordre, henvises der til f\u00f8lgende retur- og tilbagebetalingspolitik (anvendelsesomr\u00e5de Denne politik g\u00e6lder for alle produkter, der er k\u00f8bt p\u00e5 vores websted).<\/p>\n<ul>\n<li>Betingelser for returnering og tilbagebetaling<\/li>\n<\/ul>\n<p>Beskadigede eller defekte produkter: Hvis du modtager et produkt, der er beskadiget eller defekt, bedes du kontakte os inden for 5 dage efter modtagelsen af produktet.<br \/>Forkert produkt: Hvis det produkt, du har modtaget, ikke svarer til din bestilling, bedes du kontakte os inden for 5 dage efter modtagelsen af produktet for at arrangere en returnering eller ombytning.<\/p>\n<ul>\n<li>Situationer, der ikke berettiger til returnering eller tilbagebetaling F\u00f8lgende situationer berettiger ikke til returnering eller tilbagebetaling:<\/li>\n<\/ul>\n<p>Scooterdele h\u00f8rer til specialvarer, underst\u00f8tter ikke returnering og ombytning, hvis der ikke er noget kvalitetsproblem<\/p>\n<ul>\n<li>Returproces<\/li>\n<\/ul>\n<p>Hvis du modtager et produkt med et kvalitetsproblem eller et forkert produkt, bedes du kontakte os direkte og oplyse os om dit ordrenummer.<br \/>Gebyrer for returforsendelse: Vi d\u00e6kker returforsendelsesomkostningerne for produkter, der returneres p\u00e5 grund af kvalitetsproblemer.<\/p>\n<ul>\n<li>Proces for tilbagebetaling<\/li>\n<\/ul>\n<p>Tilbagebetalingsmetode: Refusioner vil blive udstedt til din oprindelige betalingsmetode og gennemf\u00f8rt inden for 3-5 dage.<br \/>N\u00e5r tilbagebetalingsprocessen starter, vil det tage 5-7 dage, f\u00f8r den er fremme, afh\u00e6ngigt af din bank.<\/p>\n<ul>\n<li>Afbestilling (produktet er afsendt):<\/li>\n<\/ul>\n<p>Vi underst\u00f8tter ikke annullering af ordrer og returnering af afsendte scooterdele.<\/p>\n<ul>\n<li>Annullering af forudbestillinger:<\/li>\n<\/ul>\n<p>For alle forudbestillinger g\u00e6lder det, at hvis du af personlige \u00e5rsager annullerer din ordre, f\u00f8r den er afsendt, er du ansvarlig for transaktionsgebyret.<\/p>\n<ul>\n<li>For produkter, der ikke er k\u00f8bt hos kukirin-escooter.com:<\/li>\n<\/ul>\n<p>For produkter, der ikke er k\u00f8bt p\u00e5 dette websted, kan vi ikke tilbyde en l\u00f8sning, s\u00e5 kontakt venligst din leverand\u00f8r direkte.<\/p>\n<ul>\n<li>Har du brug for hj\u00e6lp?<\/li>\n<\/ul>\n<p>Hvis du har sp\u00f8rgsm\u00e5l eller brug for yderligere hj\u00e6lp, bedes du kontakte os: info@kukirin-scooter-parts.com<\/p>\n<ul>\n<li>Politiske opdateringer<\/li>\n<\/ul>\n<p>Vi forbeholder os ret til at opdatere denne politik til enhver tid. Tjek venligst den seneste version af retur- og tilbagebetalingspolitikken, f\u00f8r du foretager et k\u00f8b.<\/p>\n\t\t\t\t\t\t\t\t<\/div>\n\t\t\t\t<\/div>\n\t\t\t\t\t<\/div>\n\t\t\t\t<\/div>\n\t\t\t\t<\/div>","protected":false},"excerpt":{"rendered":"<p>If you request refund or return after placing an order, please refer to the following return and refund policy.(scope of Application This policy applies to all products purchased on our website.) Return and Refund Conditions Damaged or Defective Products: If you receive a product that is damaged or defective, please contact us within 5 days &#8230; <a title=\"Politik for tilbagebetaling og returnering\" class=\"read-more\" href=\"https:\/\/kukirin-scooter-parts.com\/da\/refund_returns\/\" aria-label=\"Read more about Refund and Returns Policy\">L\u00e6s mere <\/a><\/p>","protected":false},"author":1,"featured_media":0,"parent":0,"menu_order":0,"comment_status":"closed","ping_status":"closed","template":"","meta":{"footnotes":""},"class_list":["post-11","page","type-page","status-publish"],"_links":{"self":[{"href":"https:\/\/kukirin-scooter-parts.com\/da\/wp-json\/wp\/v2\/pages\/11","targetHints":{"allow":["GET"]}}],"collection":[{"href":"https:\/\/kukirin-scooter-parts.com\/da\/wp-json\/wp\/v2\/pages"}],"about":[{"href":"https:\/\/kukirin-scooter-parts.com\/da\/wp-json\/wp\/v2\/types\/page"}],"author":[{"embeddable":true,"href":"https:\/\/kukirin-scooter-parts.com\/da\/wp-json\/wp\/v2\/users\/1"}],"replies":[{"embeddable":true,"href":"https:\/\/kukirin-scooter-parts.com\/da\/wp-json\/wp\/v2\/comments?post=11"}],"version-history":[{"count":4,"href":"https:\/\/kukirin-scooter-parts.com\/da\/wp-json\/wp\/v2\/pages\/11\/revisions"}],"predecessor-version":[{"id":99,"href":"https:\/\/kukirin-scooter-parts.com\/da\/wp-json\/wp\/v2\/pages\/11\/revisions\/99"}],"wp:attachment":[{"href":"https:\/\/kukirin-scooter-parts.com\/da\/wp-json\/wp\/v2\/media?parent=11"}],"curies":[{"name":"wp","href":"https:\/\/api.w.org\/{rel}","templated":true}]}}