{"id":801,"date":"2024-11-21T07:54:46","date_gmt":"2024-11-21T07:54:46","guid":{"rendered":"https:\/\/kukirin-scooter-parts.com\/?post_type=product&#038;p=801"},"modified":"2025-04-03T03:46:10","modified_gmt":"2025-04-03T03:46:10","slug":"kukirin-g4-front-rear-suspension","status":"publish","type":"product","link":"https:\/\/kukirin-scooter-parts.com\/cs\/produkt\/kukirin-g4-front-rear-suspension\/","title":{"rendered":"KuKirin G4 P\u0159edn\u00ed a zadn\u00ed odpru\u017een\u00ed"},"content":{"rendered":"","protected":false},"excerpt":{"rendered":"<p>Pro potvrzen\u00ed verze tlumi\u010de je nutn\u00e9 zadat s\u00e9riov\u00e9 \u010d\u00edslo r\u00e1mu.<\/p>","protected":false},"featured_media":747,"comment_status":"open","ping_status":"closed","template":"","meta":[],"product_brand":[],"product_cat":[30],"product_tag":[42],"class_list":{"0":"post-801","1":"product","2":"type-product","3":"status-publish","4":"has-post-thumbnail","6":"product_cat-g4-parts","7":"product_tag-g4-parts","9":"first","10":"instock","11":"shipping-taxable","12":"purchasable","13":"product-type-variable"},"_links":{"self":[{"href":"https:\/\/kukirin-scooter-parts.com\/cs\/wp-json\/wp\/v2\/product\/801","targetHints":{"allow":["GET"]}}],"collection":[{"href":"https:\/\/kukirin-scooter-parts.com\/cs\/wp-json\/wp\/v2\/product"}],"about":[{"href":"https:\/\/kukirin-scooter-parts.com\/cs\/wp-json\/wp\/v2\/types\/product"}],"replies":[{"embeddable":true,"href":"https:\/\/kukirin-scooter-parts.com\/cs\/wp-json\/wp\/v2\/comments?post=801"}],"wp:featuredmedia":[{"embeddable":true,"href":"https:\/\/kukirin-scooter-parts.com\/cs\/wp-json\/wp\/v2\/media\/747"}],"wp:attachment":[{"href":"https:\/\/kukirin-scooter-parts.com\/cs\/wp-json\/wp\/v2\/media?parent=801"}],"wp:term":[{"taxonomy":"product_brand","embeddable":true,"href":"https:\/\/kukirin-scooter-parts.com\/cs\/wp-json\/wp\/v2\/product_brand?post=801"},{"taxonomy":"product_cat","embeddable":true,"href":"https:\/\/kukirin-scooter-parts.com\/cs\/wp-json\/wp\/v2\/product_cat?post=801"},{"taxonomy":"product_tag","embeddable":true,"href":"https:\/\/kukirin-scooter-parts.com\/cs\/wp-json\/wp\/v2\/product_tag?post=801"}],"curies":[{"name":"wp","href":"https:\/\/api.w.org\/{rel}","templated":true}]}}