{"id":69,"date":"2024-09-02T03:59:33","date_gmt":"2024-09-02T03:59:33","guid":{"rendered":"https:\/\/kukirin-scooter-parts.com\/?page_id=69"},"modified":"2024-09-02T08:23:12","modified_gmt":"2024-09-02T08:23:12","slug":"warranty-policy","status":"publish","type":"page","link":"https:\/\/kukirin-scooter-parts.com\/cs\/warranty-policy\/","title":{"rendered":"Z\u00e1ru\u010dn\u00ed podm\u00ednky"},"content":{"rendered":"<div data-elementor-type=\"wp-page\" data-elementor-id=\"69\" class=\"elementor elementor-69\" data-elementor-post-type=\"page\">\n\t\t\t\t<div class=\"elementor-element elementor-element-438fa0d e-flex e-con-boxed e-con e-parent\" data-id=\"438fa0d\" data-element_type=\"container\" data-e-type=\"container\">\n\t\t\t\t\t<div class=\"e-con-inner\">\n\t\t\t\t<div class=\"elementor-element elementor-element-339e41b elementor-widget elementor-widget-text-editor\" data-id=\"339e41b\" data-element_type=\"widget\" data-e-type=\"widget\" data-widget_type=\"text-editor.default\">\n\t\t\t\t<div class=\"elementor-widget-container\">\n\t\t\t\t\t\t\t\t\t<p>Baterie<\/p><p>KuKirin Scooter Parts nab\u00edzej\u00ed 6m\u011bs\u00ed\u010dn\u00ed z\u00e1ruku na baterii, pokud zjist\u00ed, \u017ee baterie je vadn\u00e1, za\u0161leme n\u00e1hradn\u00ed baterii bez poplatku.<\/p><p>V\u0161echny reklamace bateri\u00ed a bateriov\u00fdch blok\u016f podl\u00e9haj\u00ed n\u00e1sleduj\u00edc\u00edm podm\u00ednk\u00e1m a omezen\u00edm:<\/p><p>Podm\u00ednky a omezen\u00ed<\/p><p>1. Baterie mus\u00ed m\u00edt spr\u00e1vnou velikost, konstrukci a kapacitu pro danou aplikaci. Nepou\u017eit\u00ed spr\u00e1vn\u00e9 baterie pro danou aplikaci vede ke ztr\u00e1t\u011b platnosti v\u0161ech z\u00e1ruk.<br \/>2. S bateri\u00ed mus\u00ed b\u00fdt spr\u00e1vn\u011b manipulov\u00e1no, mus\u00ed b\u00fdt spr\u00e1vn\u011b skladov\u00e1na a instalov\u00e1na. Kone\u010dn\u00e1 instalace mus\u00ed b\u00fdt dokon\u010dena nejpozd\u011bji do dvou m\u011bs\u00edc\u016f od data p\u0159evzet\u00ed.<br \/>3. Baterie mus\u00ed b\u00fdt provozov\u00e1na ve spojen\u00ed s proudov\u011b omezen\u00fdm nab\u00edjec\u00edm syst\u00e9mem s konstantn\u00edm nap\u011bt\u00edm a jinak mus\u00ed b\u00fdt provozov\u00e1na a udr\u017eov\u00e1na v souladu s pokyny.<br \/>4. U\u017eivatel mus\u00ed umo\u017enit prohl\u00eddku baterie z\u00e1stupci spole\u010dnosti KuKirin Scooter Parts t\u00edm, \u017ee n\u00e1m baterie za\u0161le zp\u011bt k prov\u011b\u0159en\u00ed z\u00e1ru\u010dn\u00ed reklamace.<br \/>5. Na n\u00e1hradn\u00ed baterii se vztahuje pouze zb\u00fdvaj\u00edc\u00ed nevyu\u017eit\u00e1 \u010d\u00e1st z\u00e1ruky p\u016fvodn\u00ed baterie.<br \/>6. Tato z\u00e1ruka zanik\u00e1, pokud je baterie p\u0159edm\u011btem nespr\u00e1vn\u00e9ho pou\u017eit\u00ed, zneu\u017eit\u00ed nebo viditeln\u00e9ho fyzick\u00e9ho po\u0161kozen\u00ed, nebo pokud se baterie stane nepou\u017eitelnou v d\u016fsledku po\u017e\u00e1ru, ztroskot\u00e1n\u00ed, povodn\u00ed, mrazu nebo jin\u00fdch z\u00e1sah\u016f vy\u0161\u0161\u00ed moci.<br \/>7. V\u00fd\u0161e uveden\u00e9 z\u00e1ruky nahrazuj\u00ed v\u0161echny ostatn\u00ed z\u00e1ruky, a\u0165 u\u017e v\u00fdslovn\u00e9 nebo p\u0159edpokl\u00e1dan\u00e9, v\u010detn\u011b, ale bez omezen\u00ed, jak\u00e9koli p\u0159edpokl\u00e1dan\u00e9 z\u00e1ruky prodejnosti nebo vhodnosti. Spole\u010dnost KuKirin Scooter Parts.com v \u017e\u00e1dn\u00e9m p\u0159\u00edpad\u011b neodpov\u00edd\u00e1 za jak\u00e9koli n\u00e1hodn\u00e9 KuKirin Scooter Parts.com neodpov\u00edd\u00e1 za jak\u00e9koli vady nebo poru\u0161en\u00ed smluv t\u00fdkaj\u00edc\u00edch se kvality nebo v\u00fdkonu v\u00fd\u0161e uveden\u00e9ho vybaven\u00ed podle jak\u00e9koli pr\u00e1vn\u00ed teorie.<br \/>8. Tyto omezen\u00e9 z\u00e1ruky se vztahuj\u00ed na p\u016fvodn\u00edho kupuj\u00edc\u00edho (u\u017eivatele) a jsou nep\u0159enosn\u00e9.<br \/>9. U\u017eivatel je povinen neprodlen\u011b informovat spole\u010dnost KuKirin Scooter Parts o \u00fadajn\u00e9 z\u00e1vad\u011b.<\/p><p>Chcete-li reklamovat jakoukoli baterii, za\u0161lete n\u00e1m e-mail na adresu info@kukirin-scooter-parts.com a uve\u010fte n\u00e1sleduj\u00edc\u00ed informace:<\/p><p>N\u00e1zev<br \/>Adresa<br \/>Objednac\u00ed \u010d\u00edslo<br \/>K\u00f3d data vyra\u017een\u00fd na baterii<\/p><p>Ostatn\u00ed polo\u017eky<\/p><p>KuKirin Scooter Parts nab\u00edz\u00ed 12m\u011bs\u00ed\u010dn\u00ed z\u00e1ruku na ostatn\u00ed polo\u017eky krom\u011b baterie.<br \/>Na v\u0161echny reklamace ostatn\u00edch polo\u017eek v obchod\u011b se vztahuj\u00ed n\u00e1sleduj\u00edc\u00ed podm\u00ednky a omezen\u00ed:<\/p><p>Podm\u00ednky a omezen\u00ed<\/p><p>1. U\u017eivatel mus\u00ed umo\u017enit prohl\u00eddku polo\u017eky z\u00e1stupci spole\u010dnosti KuKirin Scooter Parts.<br \/>2. Na n\u00e1hradn\u00ed polo\u017eku se vztahuje pouze zb\u00fdvaj\u00edc\u00ed nevyu\u017eit\u00e1 \u010d\u00e1st z\u00e1ruky na p\u016fvodn\u00ed polo\u017eku.<br \/>3. Tato z\u00e1ruka zanik\u00e1, pokud je v\u00fdrobek p\u0159edm\u011btem nespr\u00e1vn\u00e9ho pou\u017eit\u00ed, zneu\u017eit\u00ed nebo viditeln\u00e9ho fyzick\u00e9ho po\u0161kozen\u00ed nebo pokud se stane nepou\u017eiteln\u00fdm v d\u016fsledku po\u017e\u00e1ru, ztroskot\u00e1n\u00ed, povodn\u00ed, mrazu nebo jin\u00fdch z\u00e1sah\u016f vy\u0161\u0161\u00ed moci.<br \/>4. V\u00fd\u0161e uveden\u00e9 z\u00e1ruky nahrazuj\u00ed v\u0161echny ostatn\u00ed z\u00e1ruky, a\u0165 u\u017e v\u00fdslovn\u00e9 nebo p\u0159edpokl\u00e1dan\u00e9, v\u010detn\u011b, ale bez omezen\u00ed, jak\u00e9koli p\u0159edpokl\u00e1dan\u00e9 z\u00e1ruky prodejnosti nebo vhodnosti. Spole\u010dnost KuKirin Scooter Parts v \u017e\u00e1dn\u00e9m p\u0159\u00edpad\u011b nenese odpov\u011bdnost za jak\u00e9koli n\u00e1hodn\u00e9 nebo n\u00e1sledn\u00e9 \u0161kody nebo ztr\u00e1ty. Jak je uvedeno v tomto dokumentu, spole\u010dnost KuKirin Scooter Parts neodpov\u00edd\u00e1 za \u017e\u00e1dn\u00e9 vady nebo poru\u0161en\u00ed smluv t\u00fdkaj\u00edc\u00edch se kvality nebo v\u00fdkonu v\u00fd\u0161e uveden\u00e9ho vybaven\u00ed podle \u017e\u00e1dn\u00e9 pr\u00e1vn\u00ed teorie.<br \/>5. Tato omezen\u00e1 z\u00e1ruka se vztahuje na p\u016fvodn\u00edho kupuj\u00edc\u00edho (u\u017eivatele) a je nep\u0159enosn\u00e1.<br \/>6. U\u017eivatel je povinen neprodlen\u011b informovat spole\u010dnost KuKirin Scooter Parts o \u00fadajn\u00e9 z\u00e1vad\u011b.<br \/>7. Jak\u00e9koli jin\u00e9 p\u0159edpokl\u00e1dan\u00e9 z\u00e1ruky na tyto d\u00edly, v\u010detn\u011b, ale nikoli v\u00fdlu\u010dn\u011b, prodejnosti a vhodnosti pro ur\u010dit\u00fd \u00fa\u010del, se t\u00edmto odm\u00edtaj\u00ed. Spole\u010dnost KuKirin Scooter Parts v \u017e\u00e1dn\u00e9m p\u0159\u00edpad\u011b nenese odpov\u011bdnost za jak\u00e9koli n\u00e1hodn\u00e9 nebo n\u00e1sledn\u00e9 \u0161kody nebo ztr\u00e1ty. Jak je uvedeno v tomto dokumentu, spole\u010dnost KuKirin Scooter Parts nenese odpov\u011bdnost za jak\u00e9koli vady nebo poru\u0161en\u00ed smluv t\u00fdkaj\u00edc\u00edch se kvality nebo v\u00fdkonu v\u00fd\u0161e uveden\u00e9ho vybaven\u00ed podle jak\u00e9koli pr\u00e1vn\u00ed teorie.<\/p><p><b>Postup<\/b><\/p><p>Chcete-li podat z\u00e1ru\u010dn\u00ed reklamaci, po\u0161lete n\u00e1m e-mail na adresu info@kukirin-scooter-parts.com a uve\u010fte podrobnosti o probl\u00e9mech, kter\u00e9 se u v\u00e1s vyskytly.<\/p>\t\t\t\t\t\t\t\t<\/div>\n\t\t\t\t<\/div>\n\t\t\t\t\t<\/div>\n\t\t\t\t<\/div>\n\t\t\t\t<\/div>","protected":false},"excerpt":{"rendered":"<p>Baterie KuKirin Scooter Parts nab\u00edz\u00ed 6m\u011bs\u00ed\u010dn\u00ed z\u00e1ruku na baterii, pokud zjist\u00ed, \u017ee baterie je vadn\u00e1, za\u0161leme n\u00e1hradn\u00ed baterii bez poplatku. V\u0161echny reklamace bateri\u00ed a bateriov\u00fdch sad podl\u00e9haj\u00ed n\u00e1sleduj\u00edc\u00edm podm\u00ednk\u00e1m a omezen\u00edm: Podm\u00ednky a omezen\u00ed 1. Baterie mus\u00ed m\u00edt spr\u00e1vnou velikost, konstrukci a kapacitu pro dan\u00e9 pou\u017eit\u00ed. P\u0159i poru\u0161e ... <a title=\"Z\u00e1ru\u010dn\u00ed podm\u00ednky\" class=\"read-more\" href=\"https:\/\/kukirin-scooter-parts.com\/cs\/warranty-policy\/\" aria-label=\"Read more about Warranty Policy\">\u010c\u00edst d\u00e1l<\/a><\/p>","protected":false},"author":1,"featured_media":0,"parent":0,"menu_order":0,"comment_status":"closed","ping_status":"closed","template":"","meta":{"footnotes":""},"class_list":["post-69","page","type-page","status-publish"],"_links":{"self":[{"href":"https:\/\/kukirin-scooter-parts.com\/cs\/wp-json\/wp\/v2\/pages\/69","targetHints":{"allow":["GET"]}}],"collection":[{"href":"https:\/\/kukirin-scooter-parts.com\/cs\/wp-json\/wp\/v2\/pages"}],"about":[{"href":"https:\/\/kukirin-scooter-parts.com\/cs\/wp-json\/wp\/v2\/types\/page"}],"author":[{"embeddable":true,"href":"https:\/\/kukirin-scooter-parts.com\/cs\/wp-json\/wp\/v2\/users\/1"}],"replies":[{"embeddable":true,"href":"https:\/\/kukirin-scooter-parts.com\/cs\/wp-json\/wp\/v2\/comments?post=69"}],"version-history":[{"count":4,"href":"https:\/\/kukirin-scooter-parts.com\/cs\/wp-json\/wp\/v2\/pages\/69\/revisions"}],"predecessor-version":[{"id":104,"href":"https:\/\/kukirin-scooter-parts.com\/cs\/wp-json\/wp\/v2\/pages\/69\/revisions\/104"}],"wp:attachment":[{"href":"https:\/\/kukirin-scooter-parts.com\/cs\/wp-json\/wp\/v2\/media?parent=69"}],"curies":[{"name":"wp","href":"https:\/\/api.w.org\/{rel}","templated":true}]}}