{"id":67,"date":"2024-09-02T03:57:53","date_gmt":"2024-09-02T03:57:53","guid":{"rendered":"https:\/\/kukirin-scooter-parts.com\/?page_id=67"},"modified":"2024-09-27T10:18:13","modified_gmt":"2024-09-27T10:18:13","slug":"shipping-delivery","status":"publish","type":"page","link":"https:\/\/kukirin-scooter-parts.com\/cs\/shipping-delivery\/","title":{"rendered":"P\u0159eprava a dod\u00e1n\u00ed"},"content":{"rendered":"<div data-elementor-type=\"wp-page\" data-elementor-id=\"67\" class=\"elementor elementor-67\" data-elementor-post-type=\"page\">\n\t\t\t\t<div class=\"elementor-element elementor-element-df66abb e-flex e-con-boxed e-con e-parent\" data-id=\"df66abb\" data-element_type=\"container\" data-e-type=\"container\">\n\t\t\t\t\t<div class=\"e-con-inner\">\n\t\t\t\t<div class=\"elementor-element elementor-element-3920418 elementor-widget elementor-widget-text-editor\" data-id=\"3920418\" data-element_type=\"widget\" data-e-type=\"widget\" data-widget_type=\"text-editor.default\">\n\t\t\t\t<div class=\"elementor-widget-container\">\n\t\t\t\t\t\t\t\t\t<p>Zp\u016fsoby p\u0159epravy<br \/>P\u0159i doru\u010dov\u00e1n\u00ed spolupracujeme s p\u0159epravn\u00edmi spole\u010dnostmi DPD, UPS a GLS. Informace o p\u0159eprav\u011b za\u0161leme na\u0161im z\u00e1kazn\u00edk\u016fm e-mailem, jakmile je p\u0159eprava zah\u00e1jena, v\u010detn\u011b data p\u0159epravy, \u010d\u00edsla z\u00e1silky a str\u00e1nky pro sledov\u00e1n\u00ed.<\/p><p>P\u0159eprava od<br \/>M\u00edstn\u00ed sklady v Polsku.<\/p><p>Doprava do<br \/>V\u0161echny zem\u011b EU s v\u00fdjimkou Kypru, Malty a n\u011bkter\u00fdch vzd\u00e1len\u00fdch ostrov\u016f.<\/p><p>Doba p\u0159epravy<\/p><p>Z Polska do Belgie, Bulharska, \u010ceska, D\u00e1nska, Estonska, Finska, Francie, Chorvatska, Irska, It\u00e1lie, Litvy, Loty\u0161ska, Lucemburska, Ma\u010farska, N\u011bmecka, Nizozemska, Polska, Portugalska, Rakouska, Rumunska, \u0158ecka, Slovenska, Slovinska, \u0160pan\u011blska, \u0160v\u00e9dska bude trvat 5-7 pracovn\u00edch dn\u00ed\uff08Tato doba dod\u00e1n\u00ed je odhad a m\u016f\u017ee se zpozdit b\u011bhem evropsk\u00fdch sv\u00e1tk\u016f).<\/p><p>Pozn\u00e1mka\uff1a<\/p><p>Skladov\u00e9 z\u00e1soby d\u00edl\u016f pro sk\u00fatry jsou \u010dasto aktualizov\u00e1ny, nem\u00e1me mo\u017enost v\u010das aktualizovat skladov\u00e9 z\u00e1soby jednotliv\u00fdch d\u00edl\u016f, pokud v\u00e1m z\u00e1le\u017e\u00ed na v\u00e1\u017en\u00e9m \u010dase p\u0159\u00edjezdu, kontaktujte n\u00e1s pros\u00edm p\u0159ed zad\u00e1n\u00edm objedn\u00e1vky, zda je sklad, a pak se rozhodn\u011bte, zda si objednat.<\/p><p>N\u00e1klady na dopravu<\/p><p>Hodnoty objedn\u00e1vek nad 35 EUR jsou zdarma.Za objedn\u00e1vku v hodnot\u011b ni\u017e\u0161\u00ed ne\u017e 35 EUR se \u00fa\u010dtuje p\u0159epravn\u00e9 ve v\u00fd\u0161i 10 EUR za objedn\u00e1vku. Dovozn\u00ed dan\u011b se plat\u00ed p\u0159i odesl\u00e1n\u00ed zbo\u017e\u00ed do polsk\u00e9ho skladu, clo platit nemus\u00edte.<\/p>\t\t\t\t\t\t\t\t<\/div>\n\t\t\t\t<\/div>\n\t\t\t\t\t<\/div>\n\t\t\t\t<\/div>\n\t\t\t\t<\/div>","protected":false},"excerpt":{"rendered":"<p>Zp\u016fsoby p\u0159epravyP\u0159i doru\u010dov\u00e1n\u00ed spolupracujeme s p\u0159epravn\u00edmi spole\u010dnostmi DPD, UPS a GLS. Informace o p\u0159eprav\u011b za\u0161leme na\u0161im z\u00e1kazn\u00edk\u016fm e-mailem, jakmile je p\u0159eprava zah\u00e1jena, v\u010detn\u011b data odesl\u00e1n\u00ed, \u010d\u00edsla z\u00e1silky a m\u00edsta sledov\u00e1n\u00ed. Doprava zM\u00edstn\u00ed sklady v Polsku. Doprava doV\u0161ech zem\u00ed EU krom\u011b Kypru, Malty ... <a title=\"Shipping &amp; Delivery\" class=\"read-more\" href=\"https:\/\/kukirin-scooter-parts.com\/cs\/shipping-delivery\/\" aria-label=\"Read more about Shipping &amp; Delivery\">\u010c\u00edst d\u00e1l<\/a><\/p>","protected":false},"author":1,"featured_media":0,"parent":0,"menu_order":0,"comment_status":"closed","ping_status":"closed","template":"","meta":{"footnotes":""},"class_list":["post-67","page","type-page","status-publish"],"_links":{"self":[{"href":"https:\/\/kukirin-scooter-parts.com\/cs\/wp-json\/wp\/v2\/pages\/67","targetHints":{"allow":["GET"]}}],"collection":[{"href":"https:\/\/kukirin-scooter-parts.com\/cs\/wp-json\/wp\/v2\/pages"}],"about":[{"href":"https:\/\/kukirin-scooter-parts.com\/cs\/wp-json\/wp\/v2\/types\/page"}],"author":[{"embeddable":true,"href":"https:\/\/kukirin-scooter-parts.com\/cs\/wp-json\/wp\/v2\/users\/1"}],"replies":[{"embeddable":true,"href":"https:\/\/kukirin-scooter-parts.com\/cs\/wp-json\/wp\/v2\/comments?post=67"}],"version-history":[{"count":10,"href":"https:\/\/kukirin-scooter-parts.com\/cs\/wp-json\/wp\/v2\/pages\/67\/revisions"}],"predecessor-version":[{"id":539,"href":"https:\/\/kukirin-scooter-parts.com\/cs\/wp-json\/wp\/v2\/pages\/67\/revisions\/539"}],"wp:attachment":[{"href":"https:\/\/kukirin-scooter-parts.com\/cs\/wp-json\/wp\/v2\/media?parent=67"}],"curies":[{"name":"wp","href":"https:\/\/api.w.org\/{rel}","templated":true}]}}