{"id":65,"date":"2024-09-02T03:55:17","date_gmt":"2024-09-02T03:55:17","guid":{"rendered":"https:\/\/kukirin-scooter-parts.com\/?page_id=65"},"modified":"2024-09-02T07:28:52","modified_gmt":"2024-09-02T07:28:52","slug":"terms-of-service","status":"publish","type":"page","link":"https:\/\/kukirin-scooter-parts.com\/cs\/terms-of-service\/","title":{"rendered":"Podm\u00ednky slu\u017eby"},"content":{"rendered":"<div data-elementor-type=\"wp-page\" data-elementor-id=\"65\" class=\"elementor elementor-65\" data-elementor-post-type=\"page\">\n\t\t\t\t<div class=\"elementor-element elementor-element-9797c62 e-flex e-con-boxed e-con e-parent\" data-id=\"9797c62\" data-element_type=\"container\" data-e-type=\"container\">\n\t\t\t\t\t<div class=\"e-con-inner\">\n\t\t\t\t<div class=\"elementor-element elementor-element-53fff2a elementor-widget elementor-widget-text-editor\" data-id=\"53fff2a\" data-element_type=\"widget\" data-e-type=\"widget\" data-widget_type=\"text-editor.default\">\n\t\t\t\t<div class=\"elementor-widget-container\">\n\t\t\t\t\t\t\t\t\t<p>V\u00edtejte na str\u00e1nk\u00e1ch kukirin-scooter-parts.com! Tyto Podm\u00ednky pou\u017e\u00edv\u00e1n\u00ed popisuj\u00ed podm\u00ednky, kter\u00e9 se vztahuj\u00ed na v\u00e1\u0161 p\u0159\u00edstup a pou\u017e\u00edv\u00e1n\u00ed webov\u00fdch str\u00e1nek kukirin-scooter.com. Toto prohl\u00e1\u0161en\u00ed je pr\u00e1vn\u011b z\u00e1vaznou dohodou mezi v\u00e1mi jako u\u017eivatelem (u\u017eivateli) str\u00e1nek (d\u00e1le jen \"vy\", \"\u010dlen\", \"z\u00e1kazn\u00edk\" nebo \"u\u017eivatel\") a spole\u010dnost\u00ed kukirin-scooter.com (d\u00e1le jen \"my\", \"n\u00e1\u0161\", \"n\u00e1s\" nebo \"KuKirin\", \"str\u00e1nky\"), P\u0159ed objedn\u00e1n\u00edm jak\u00fdchkoli produkt\u016f z na\u0161ich str\u00e1nek si pros\u00edm tyto podm\u00ednky pe\u010dliv\u011b p\u0159e\u010dt\u011bte.<\/p><h2><strong><b>U\u017eivatelsk\u00e1 smlouva<\/b><\/strong><\/h2><p>P\u0159\u00edstupem na tyto webov\u00e9 str\u00e1nky, jejich prohl\u00ed\u017een\u00edm nebo pou\u017e\u00edv\u00e1n\u00edm souhlas\u00edte s t\u00edm, \u017ee se budete \u0159\u00eddit podm\u00ednkami pou\u017e\u00edv\u00e1n\u00ed t\u011bchto webov\u00fdch str\u00e1nek a v\u0161emi platn\u00fdmi z\u00e1kony a p\u0159edpisy, a z\u00e1rove\u0148 souhlas\u00edte s t\u00edm, \u017ee jste odpov\u011bdn\u00ed za dodr\u017eov\u00e1n\u00ed v\u0161ech platn\u00fdch m\u00edstn\u00edch z\u00e1kon\u016f. Pokud s n\u011bkter\u00fdmi z t\u011bchto podm\u00ednek nesouhlas\u00edte, je v\u00e1m zak\u00e1z\u00e1no pou\u017e\u00edvat tyto webov\u00e9 str\u00e1nky nebo na n\u011b p\u0159istupovat. Materi\u00e1ly obsa\u017een\u00e9 na t\u011bchto webov\u00fdch str\u00e1nk\u00e1ch jsou chr\u00e1n\u011bny platn\u00fdmi z\u00e1kony o autorsk\u00fdch pr\u00e1vech a ochrann\u00fdch zn\u00e1mk\u00e1ch. Na\u0161e produkty a slu\u017eby jsou ur\u010deny p\u0159edev\u0161\u00edm dosp\u011bl\u00fdm. Pokud jste nezletil\u00ed, zaru\u010dte se, \u017ee str\u00e1nky nav\u0161t\u011bvujete pod dohledem rodi\u010d\u016f nebo z\u00e1konn\u00fdch z\u00e1stupc\u016f.<\/p><h3><strong><b>1. Podm\u00ednka dohody\u00a0<\/b><\/strong><\/h3><p>1.1 Podm\u00ednkou va\u0161eho p\u0159\u00edstupu na Str\u00e1nky nebo Slu\u017eby a jejich pou\u017e\u00edv\u00e1n\u00ed je, \u017ee souhlas\u00edte s t\u00edm, \u017ee p\u0159i pou\u017e\u00edv\u00e1n\u00ed Str\u00e1nek nebo Slu\u017eeb budete dodr\u017eovat v\u0161echny platn\u00e9 z\u00e1kony a p\u0159edpisy.\u00a0<\/p><p>1.2 Souhlas\u00edte s t\u00edm, \u017ee budete Str\u00e1nky nebo Slu\u017eby pou\u017e\u00edvat v\u00fdhradn\u011b pro sv\u00e9 soukrom\u00e9 a intern\u00ed \u00fa\u010dely. Souhlas\u00edte s t\u00edm, \u017ee (a) nebudete kop\u00edrovat, reprodukovat, stahovat, znovu publikovat, prod\u00e1vat, distribuovat nebo p\u0159eprod\u00e1vat \u017e\u00e1dn\u00e9 Slu\u017eby ani \u017e\u00e1dn\u00e9 informace, texty, obr\u00e1zky, grafiku, videoklipy, zvuky, adres\u00e1\u0159e, soubory, datab\u00e1ze nebo seznamy atd. dostupn\u00e9 na Str\u00e1nk\u00e1ch nebo jejich prost\u0159ednictv\u00edm (d\u00e1le jen \"Obsah Str\u00e1nek\") a (b) nebudete kop\u00edrovat, reprodukovat, stahovat, sestavovat ani jinak pou\u017e\u00edvat \u017e\u00e1dn\u00fd Obsah Str\u00e1nek pro \u00fa\u010dely provozov\u00e1n\u00ed podniku, kter\u00fd konkuruje spole\u010dnosti KuKirin, ani jinak komer\u010dn\u011b vyu\u017e\u00edvat Obsah Str\u00e1nek. Systematick\u00e9 z\u00edsk\u00e1v\u00e1n\u00ed Obsahu str\u00e1nek ze Str\u00e1nek za \u00fa\u010delem vytvo\u0159en\u00ed nebo sestaven\u00ed, p\u0159\u00edmo \u010di nep\u0159\u00edmo, sb\u00edrky, kompilace, datab\u00e1ze nebo adres\u00e1\u0159e (a\u0165 u\u017e prost\u0159ednictv\u00edm robot\u016f, pavouk\u016f, automatick\u00fdch za\u0159\u00edzen\u00ed nebo ru\u010dn\u00edch proces\u016f) je bez p\u00edsemn\u00e9ho souhlasu spole\u010dnosti KuKirin zak\u00e1z\u00e1no. Pou\u017eit\u00ed jak\u00e9hokoli obsahu nebo materi\u00e1l\u016f na Str\u00e1nk\u00e1ch k jak\u00e9mukoli \u00fa\u010delu, kter\u00fd nen\u00ed v\u00fdslovn\u011b povolen v Podm\u00ednk\u00e1ch, je zak\u00e1z\u00e1no.<br \/>\u00a0<\/p><p>1.3 Mus\u00edte se sezn\u00e1mit se Z\u00e1sadami ochrany osobn\u00edch \u00fadaj\u016f spole\u010dnosti KuKirin, kter\u00e9 upravuj\u00ed ochranu a pou\u017e\u00edv\u00e1n\u00ed osobn\u00edch \u00fadaj\u016f o u\u017eivatel\u00edch v dr\u017een\u00ed spole\u010dnosti KuKirin a na\u0161ich p\u0159idru\u017een\u00fdch spole\u010dnost\u00ed. Souhlas\u00edte s pou\u017e\u00edv\u00e1n\u00edm osobn\u00edch \u00fadaj\u016f o v\u00e1s v souladu se Z\u00e1sadami ochrany osobn\u00edch \u00fadaj\u016f.\u00a0<\/p><p>1.4 Spole\u010dnost KuKirin m\u016f\u017ee u\u017eivatel\u016fm umo\u017enit p\u0159\u00edstup k obsahu, produkt\u016fm nebo slu\u017eb\u00e1m nab\u00edzen\u00fdm t\u0159et\u00edmi stranami prost\u0159ednictv\u00edm hypertextov\u00fdch odkaz\u016f (ve form\u011b slovn\u00edch odkaz\u016f, banner\u016f, kan\u00e1l\u016f nebo jinak), API nebo jin\u00fdm zp\u016fsobem na webov\u00e9 str\u00e1nky t\u011bchto t\u0159et\u00edch stran. Upozor\u0148ujeme v\u00e1s, abyste si p\u0159ed pou\u017eit\u00edm t\u011bchto str\u00e1nek p\u0159e\u010detli jejich podm\u00ednky a\/nebo z\u00e1sady ochrany osobn\u00edch \u00fadaj\u016f. Berete na v\u011bdom\u00ed, \u017ee spole\u010dnost KuKirin nem\u00e1 nad webov\u00fdmi str\u00e1nkami takov\u00fdch t\u0159et\u00edch stran \u017e\u00e1dnou kontrolu, nesleduje takov\u00e9 webov\u00e9 str\u00e1nky a nenese v\u016f\u010di nikomu odpov\u011bdnost za takov\u00e9 webov\u00e9 str\u00e1nky ani za jak\u00fdkoli obsah, produkty nebo slu\u017eby, kter\u00e9 jsou na takov\u00fdch webov\u00fdch str\u00e1nk\u00e1ch k dispozici.<\/p><p>1.5 Souhlas\u00edte s t\u00edm, \u017ee nebudete podnikat \u017e\u00e1dn\u00e9 kroky k naru\u0161en\u00ed integrity po\u010d\u00edta\u010dov\u00fdch syst\u00e9m\u016f nebo s\u00edt\u00ed spole\u010dnosti KuKirin a\/nebo jak\u00e9hokoli jin\u00e9ho u\u017eivatele ani k z\u00edsk\u00e1n\u00ed neopr\u00e1vn\u011bn\u00e9ho p\u0159\u00edstupu do t\u011bchto po\u010d\u00edta\u010dov\u00fdch syst\u00e9m\u016f nebo s\u00edt\u00ed.\u00a0<\/p><p>1.6 Souhlas\u00edte s t\u00edm, \u017ee nebudete podnikat \u017e\u00e1dn\u00e9 kroky, kter\u00e9 by mohly naru\u0161it integritu syst\u00e9mu zp\u011btn\u00e9 vazby spole\u010dnosti KuKirin, nap\u0159\u00edklad zanech\u00e1vat pozitivn\u00ed zp\u011btnou vazbu pro sebe pomoc\u00ed sekund\u00e1rn\u00edch \u010dlensk\u00fdch ID nebo prost\u0159ednictv\u00edm t\u0159et\u00edch stran nebo zanech\u00e1vat nepodlo\u017eenou negativn\u00ed zp\u011btnou vazbu pro jin\u00e9ho u\u017eivatele.<\/p><h3><strong><b>2. Povinnosti u\u017eivatele\u00a0<\/b><\/strong><\/h3><p>2.1 U\u017eivatel mus\u00ed b\u00fdt na Str\u00e1nk\u00e1ch registrov\u00e1n, aby mohl vyu\u017e\u00edvat n\u011bkter\u00e9 Slu\u017eby. S v\u00fdjimkou p\u0159\u00edpad\u016f, kdy to spole\u010dnost KuKirin schv\u00e1l\u00ed, m\u016f\u017ee jeden U\u017eivatel na Str\u00e1nk\u00e1ch zaregistrovat pouze jeden u\u017eivatelsk\u00fd \u00fa\u010det. Spole\u010dnost KuKirin m\u016f\u017ee zru\u0161it nebo zru\u0161it \u00fa\u010det U\u017eivatele, pokud m\u00e1 d\u016fvodn\u00e9 podez\u0159en\u00ed, \u017ee U\u017eivatel sou\u010dasn\u011b zaregistroval nebo ovl\u00e1dal dva nebo v\u00edce u\u017eivatelsk\u00fdch \u00fa\u010dt\u016f. Spole\u010dnost KuKirin m\u016f\u017ee d\u00e1le \u017e\u00e1dost U\u017eivatele o registraci z jak\u00e9hokoli d\u016fvodu zam\u00edtnout.\u00a0<\/p><p>2.2 P\u0159i registraci na Str\u00e1nk\u00e1ch p\u0159id\u011bl\u00ed spole\u010dnost KuKirin ka\u017ed\u00e9mu registrovan\u00e9mu u\u017eivateli \u00fa\u010det a vyd\u00e1 mu u\u017eivatelsk\u00e9 jm\u00e9no a heslo (toto si registrovan\u00fd u\u017eivatel zvol\u00ed p\u0159i registraci). \u00da\u010det m\u016f\u017ee m\u00edt webov\u00fd e-mailov\u00fd \u00fa\u010det s omezen\u00fdm \u00falo\u017en\u00fdm prostorem pro odes\u00edl\u00e1n\u00ed nebo p\u0159ij\u00edm\u00e1n\u00ed e-mail\u016f u\u017eivatelem. T\u00edm, \u017ee se stanete U\u017eivatelem spole\u010dnosti KuKirin, souhlas\u00edte s t\u00edm, \u017ee spole\u010dnosti KuKirin povolujete uchov\u00e1vat a pou\u017e\u00edvat va\u0161e \u00fadaje v souladu se Z\u00e1sadami ochrany osobn\u00edch \u00fadaj\u016f.\u00a0<\/p><p>2.3 Sada ID u\u017eivatele a hesla je jedine\u010dn\u00e1 pro jeden \u00fa\u010det. Ka\u017ed\u00fd u\u017eivatel je v\u00fdhradn\u011b odpov\u011bdn\u00fd za zachov\u00e1n\u00ed d\u016fv\u011brnosti a bezpe\u010dnosti sv\u00e9ho u\u017eivatelsk\u00e9ho ID a hesla a za v\u0161echny \u010dinnosti, kter\u00e9 se pod jeho \u00fa\u010dtem prov\u00e1d\u011bj\u00ed. \u017d\u00e1dn\u00fd u\u017eivatel nesm\u00ed sd\u00edlet, p\u0159id\u011blovat ani povolovat pou\u017e\u00edv\u00e1n\u00ed sv\u00e9ho u\u017eivatelsk\u00e9ho \u00fa\u010dtu, ID nebo hesla jin\u00e9 osob\u011b mimo vlastn\u00ed podnikatelsk\u00fd subjekt. U\u017eivatel se zavazuje neprodlen\u011b informovat spole\u010dnost KuKirin, pokud se dozv\u00ed o jak\u00e9mkoli neopr\u00e1vn\u011bn\u00e9m pou\u017eit\u00ed sv\u00e9ho hesla nebo sv\u00e9ho \u00fa\u010dtu nebo o jak\u00e9mkoli jin\u00e9m poru\u0161en\u00ed bezpe\u010dnosti sv\u00e9ho \u00fa\u010dtu.\u00a0<\/p><p>2.4 U\u017eivatel souhlas\u00ed s t\u00edm, \u017ee ve\u0161ker\u00e9 \u010dinnosti, kter\u00e9 se odehr\u00e1vaj\u00ed pod jeho \u00fa\u010dtem (mimo jin\u00e9 v\u010detn\u011b zve\u0159ej\u0148ov\u00e1n\u00ed jak\u00fdchkoli informac\u00ed o spole\u010dnosti nebo produktech, kliknut\u00ed na p\u0159ijet\u00ed jak\u00fdchkoli dodate\u010dn\u00fdch smluv nebo pravidel, p\u0159ihl\u00e1\u0161en\u00ed se k odb\u011bru jak\u00fdchkoli slu\u017eeb nebo proveden\u00ed jak\u00e9koli platby za n\u011b, odes\u00edl\u00e1n\u00ed e-mail\u016f pomoc\u00ed e-mailov\u00e9ho \u00fa\u010dtu), budou pova\u017eov\u00e1ny za schv\u00e1len\u00e9 u\u017eivatelem.\u00a0<\/p><p>2.5 U\u017eivatel bere na v\u011bdom\u00ed, \u017ee sd\u00edlen\u00ed jeho \u00fa\u010dtu s jin\u00fdmi osobami nebo umo\u017en\u011bn\u00ed pou\u017e\u00edv\u00e1n\u00ed \u00fa\u010dtu v\u00edce u\u017eivateli (d\u00e1le jen \"v\u00edcen\u00e1sobn\u00e9 pou\u017eit\u00ed\") m\u016f\u017ee zp\u016fsobit spole\u010dnosti KuKirin nebo jin\u00fdm u\u017eivatel\u016fm str\u00e1nek nenapravitelnou \u0161kodu. U\u017eivatel je povinen od\u0161kodnit spole\u010dnost KuKirin, na\u0161e p\u0159idru\u017een\u00e9 spole\u010dnosti, \u0159editele, zam\u011bstnance, z\u00e1stupce a reprezentanty za jakoukoli ztr\u00e1tu nebo \u0161kodu (mimo jin\u00e9 v\u010detn\u011b u\u0161l\u00e9ho zisku), kterou utrp\u00ed v d\u016fsledku v\u00edcen\u00e1sobn\u00e9ho pou\u017eit\u00ed va\u0161eho \u00fa\u010dtu. U\u017eivatel rovn\u011b\u017e souhlas\u00ed s t\u00edm, \u017ee v p\u0159\u00edpad\u011b v\u00edcen\u00e1sobn\u00e9ho pou\u017eit\u00ed \u00fa\u010dtu nebo nezaji\u0161t\u011bn\u00ed bezpe\u010dnosti \u00fa\u010dtu ze strany u\u017eivatele nenese spole\u010dnost KuKirin odpov\u011bdnost za jak\u00e9koli ztr\u00e1ty nebo \u0161kody vznikl\u00e9 v d\u016fsledku takov\u00e9ho poru\u0161en\u00ed a m\u00e1 pr\u00e1vo pozastavit nebo zru\u0161it \u00fa\u010det u\u017eivatele, ani\u017e by za to nesla odpov\u011bdnost v\u016f\u010di u\u017eivateli.\u00a0<\/p><p>2.6 U\u017eivatel zaru\u010duje, \u017ee informace, kter\u00e9 poskytl p\u0159i registraci sv\u00e9ho \u00fa\u010dtu KuKirin, jsou p\u0159esn\u00e9, pravdiv\u00e9, leg\u00e1ln\u00ed a platn\u00e9 a pat\u0159\u00ed v\u00fdhradn\u011b jemu. U\u017eivatel\u00e9 nesou v\u00fdhradn\u00ed odpov\u011bdnost za spr\u00e1vnost \u00fadaj\u016f, kter\u00e9 spole\u010dnosti KuKirin poskytli, a spole\u010dnost KuKirin nenese odpov\u011bdnost a nenab\u00edz\u00ed \u017e\u00e1dnou kompenzaci za p\u0159\u00edpady nespr\u00e1vn\u00fdch informac\u00ed\u00a0<\/p><p>2.7 U\u017eivatel m\u00e1 mo\u017enost zru\u0161it objedn\u00e1vku pouze p\u0159ed odesl\u00e1n\u00edm zbo\u017e\u00ed, a to kontaktov\u00e1n\u00edm na\u0161eho centra podpory. A spole\u010dnost KuKirin si vyhrazuje pr\u00e1vo zru\u0161it objedn\u00e1vku pro provozn\u00ed strategii s p\u0159edchoz\u00edm upozorn\u011bn\u00edm na u\u017eivatelsk\u00fd \u00fa\u010det. Jakmile v\u0161ak byla objedn\u00e1vka odesl\u00e1na, nelze ji zru\u0161it, zm\u011bnit ani vr\u00e1tit pen\u00edze. Po obdr\u017een\u00ed z\u00e1silky vstupuj\u00ed v platnost na\u0161e z\u00e1sady pro vracen\u00ed zbo\u017e\u00ed.\u00a0<\/p><p>2.8 U\u017eivatel m\u00e1 p\u0159i registraci mo\u017enost p\u0159ihl\u00e1sit se k odb\u011bru newsletteru nebo jej zru\u0161it.\u00a0<\/p><p>2.9 U\u017eivatel bere na v\u011bdom\u00ed a souhlas\u00ed s t\u00edm, \u017ee spole\u010dnost KuKirin m\u00e1 pr\u00e1vo kdykoli do\u010dasn\u011b nebo trvale ukon\u010dit poskytov\u00e1n\u00ed v\u0161ech nebo \u010d\u00e1sti slu\u017eeb v souladu se sv\u00fdmi obchodn\u00edmi pot\u0159ebami (mimo jin\u00e9 v p\u0159\u00edpadech, jako je poru\u0161ov\u00e1n\u00ed podm\u00ednek spole\u010dnosti KuKirin, nep\u0159ijateln\u00e9 a nep\u0159im\u011b\u0159en\u00e9 koment\u00e1\u0159e nebo chov\u00e1n\u00ed v\u016f\u010di image zna\u010dky KuKirin).\u00a0\u00a0<\/p><p>2.10 Pokud m\u00e1te jak\u00e9koli obavy nebo st\u00ed\u017enosti t\u00fdkaj\u00edc\u00ed se na\u0161ich slu\u017eeb, napi\u0161te n\u00e1m pros\u00edm p\u0159\u00edmo na adresu Kontakt. M\u00e1te tak\u00e9 pr\u00e1vo podat st\u00ed\u017enost ofici\u00e1ln\u00edm org\u00e1n\u016fm. Ocenili bychom v\u0161ak, kdybychom m\u011bli mo\u017enost vy\u0159e\u0161it va\u0161e obavy d\u0159\u00edve, ne\u017e se obr\u00e1t\u00edte na t\u0159et\u00ed strany, proto se v prvn\u00ed \u0159ad\u011b obra\u0165te na n\u00e1s.<\/p><h3><strong><b>3. Podm\u00ednky pou\u017eit\u00ed\u00a0<\/b><\/strong><\/h3><p>3.1 Licence<\/p><p>Pou\u017eit\u00ed Povolen\u00ed je ud\u011bleno k do\u010dasn\u00e9mu sta\u017een\u00ed jedn\u00e9 kopie materi\u00e1l\u016f (informac\u00ed nebo softwaru) z webov\u00fdch str\u00e1nek kukirin-scooter.com pouze pro osobn\u00ed a nekomer\u010dn\u00ed p\u0159echodn\u00e9 prohl\u00ed\u017een\u00ed. Jedn\u00e1 se o ud\u011blen\u00ed licence, nikoli o p\u0159evod vlastnick\u00e9ho pr\u00e1va, a v r\u00e1mci t\u00e9to licence nesm\u00edte materi\u00e1ly upravovat ani kop\u00edrovat, pou\u017e\u00edvat materi\u00e1ly pro komer\u010dn\u00ed \u00fa\u010dely nebo pro jak\u00e9koli ve\u0159ejn\u00e9 vystavov\u00e1n\u00ed (komer\u010dn\u00ed nebo nekomer\u010dn\u00ed), pokou\u0161et se dekompilovat nebo zp\u011btn\u011b analyzovat jak\u00fdkoli software obsa\u017een\u00fd na webov\u00fdch str\u00e1nk\u00e1ch kukirin-scooter.com, odstra\u0148ovat z materi\u00e1l\u016f jak\u00e9koli pozn\u00e1mky o autorsk\u00fdch pr\u00e1vech nebo jin\u00fdch vlastnick\u00fdch pr\u00e1vech, ani p\u0159en\u00e1\u0161et materi\u00e1ly na jinou osobu nebo \"zrcadlit\" materi\u00e1ly na jin\u00e9m serveru. Tato licence automaticky zanik\u00e1, pokud poru\u0161\u00edte kter\u00e9koli z t\u011bchto omezen\u00ed, a m\u016f\u017ee b\u00fdt kdykoli ukon\u010dena spole\u010dnost\u00ed kukirin-scooter.com. Po ukon\u010den\u00ed prohl\u00ed\u017een\u00ed t\u011bchto materi\u00e1l\u016f nebo po ukon\u010den\u00ed platnosti t\u00e9to licence mus\u00edte zni\u010dit v\u0161echny sta\u017een\u00e9 materi\u00e1ly, kter\u00e9 m\u00e1te v dr\u017een\u00ed, a\u0165 u\u017e v elektronick\u00e9 nebo ti\u0161t\u011bn\u00e9 podob\u011b.\u00a0<\/p><p>3.2 Odm\u00edtnut\u00ed odpov\u011bdnosti<\/p><p>Materi\u00e1ly na webov\u00fdch str\u00e1nk\u00e1ch kukirin-scooter.com jsou poskytov\u00e1ny \"tak, jak jsou\". kukirin-scooter.com neposkytuje \u017e\u00e1dn\u00e9 z\u00e1ruky, v\u00fdslovn\u00e9 ani p\u0159edpokl\u00e1dan\u00e9, a t\u00edmto se z\u0159\u00edk\u00e1 a pop\u00edr\u00e1 v\u0161echny ostatn\u00ed z\u00e1ruky, v\u010detn\u011b, ale bez omezen\u00ed, p\u0159edpokl\u00e1dan\u00fdch z\u00e1ruk nebo podm\u00ednek prodejnosti, vhodnosti pro ur\u010dit\u00fd \u00fa\u010del nebo neporu\u0161ov\u00e1n\u00ed du\u0161evn\u00edho vlastnictv\u00ed.\u00a0<\/p><p>3.3 Omezen\u00ed<\/p><p>Spole\u010dnost kukirin-scooter.com ani jej\u00ed dodavatel\u00e9 v \u017e\u00e1dn\u00e9m p\u0159\u00edpad\u011b nenesou odpov\u011bdnost za jak\u00e9koli \u0161kody (mimo jin\u00e9 v\u010detn\u011b \u0161kod za ztr\u00e1tu dat nebo zisku nebo v d\u016fsledku p\u0159eru\u0161en\u00ed provozu) vznikl\u00e9 v d\u016fsledku pou\u017e\u00edv\u00e1n\u00ed nebo nemo\u017enosti pou\u017e\u00edvat materi\u00e1ly na str\u00e1nk\u00e1ch kukirin-scooter.com, a to ani v p\u0159\u00edpad\u011b, \u017ee spole\u010dnost kukirin-scooter.com nebo autorizovan\u00fd z\u00e1stupce spole\u010dnosti kukirin-scooter.com byli \u00fastn\u011b nebo p\u00edsemn\u011b informov\u00e1ni o mo\u017enosti vzniku takov\u00e9 \u0161kody. Vzhledem k tomu, \u017ee n\u011bkter\u00e9 jurisdikce nepovoluj\u00ed omezen\u00ed p\u0159edpokl\u00e1dan\u00fdch z\u00e1ruk nebo omezen\u00ed odpov\u011bdnosti za n\u00e1sledn\u00e9 nebo n\u00e1hodn\u00e9 \u0161kody, nemus\u00ed se na v\u00e1s tato omezen\u00ed vztahovat.<\/p><p>3.4 Revize a chyby<\/p><p>Materi\u00e1ly na webov\u00fdch str\u00e1nk\u00e1ch kukirin-scooter.com mohou obsahovat technick\u00e9, typografick\u00e9 nebo fotografick\u00e9 chyby. A kukirin-scooter.com nezaru\u010duje, \u017ee jak\u00fdkoli materi\u00e1l na jeho webov\u00fdch str\u00e1nk\u00e1ch je p\u0159esn\u00fd, \u00fapln\u00fd nebo aktu\u00e1ln\u00ed. Spole\u010dnost kukirin-scooter.com tak\u00e9 m\u016f\u017ee kdykoli a bez p\u0159edchoz\u00edho upozorn\u011bn\u00ed prov\u00e1d\u011bt zm\u011bny v materi\u00e1lech obsa\u017een\u00fdch na sv\u00fdch webov\u00fdch str\u00e1nk\u00e1ch. Krom\u011b toho se kukirin-scooter.com nezavazuje k aktualizaci materi\u00e1l\u016f.<\/p><p>3.5 Odkazy<\/p><p>Webov\u00e9 str\u00e1nky kukirin-scooter.com nezkontrolovaly v\u0161echny webov\u00e9 str\u00e1nky, na kter\u00e9 odkazuj\u00ed jejich internetov\u00e9 str\u00e1nky, a neodpov\u00eddaj\u00ed za obsah takov\u00fdch odkazovan\u00fdch webov\u00fdch str\u00e1nek. Zahrnut\u00ed jak\u00e9hokoli takov\u00e9ho odkazu neznamen\u00e1, \u017ee by spole\u010dnost kukirin-scooter.com tyto webov\u00e9 str\u00e1nky podporovala. Pou\u017e\u00edv\u00e1n\u00ed jak\u00fdchkoli takov\u00fdch odkazovan\u00fdch webov\u00fdch str\u00e1nek je na vlastn\u00ed riziko u\u017eivatele.<\/p><p>3.6 Zm\u011bny podm\u00ednek pou\u017e\u00edv\u00e1n\u00ed webov\u00fdch str\u00e1nek<\/p><p>Webov\u00e9 str\u00e1nky kukirin-scooter.com mohou tyto podm\u00ednky pou\u017e\u00edv\u00e1n\u00ed sv\u00fdch webov\u00fdch str\u00e1nek kdykoli zm\u011bnit bez p\u0159edchoz\u00edho upozorn\u011bn\u00ed. Pou\u017e\u00edv\u00e1n\u00edm t\u011bchto webov\u00fdch str\u00e1nek souhlas\u00edte s t\u00edm, \u017ee se budete \u0159\u00eddit aktu\u00e1ln\u011b platnou verz\u00ed t\u011bchto podm\u00ednek pou\u017e\u00edv\u00e1n\u00ed, p\u0159\u00edpadn\u011b dal\u0161\u00edmi poru\u0161en\u00edmi pr\u00e1v. Spole\u010dnost kukirin-scooter.com d\u00e1le nezaru\u010duje ani neprohla\u0161uje \u017e\u00e1dnou p\u0159esnost, pravd\u011bpodobn\u00e9 v\u00fdsledky nebo spolehlivost pou\u017e\u00edv\u00e1n\u00ed materi\u00e1l\u016f na sv\u00fdch internetov\u00fdch str\u00e1nk\u00e1ch nebo jinak souvisej\u00edc\u00edch s t\u011bmito materi\u00e1ly nebo na jak\u00fdchkoli jin\u00fdch internetov\u00fdch str\u00e1nk\u00e1ch, na kter\u00e9 jsou odkazy na tyto str\u00e1nky.<\/p><h3>\u00a0<\/h3><h3>4. Rozhodn\u00e9 pr\u00e1vo<\/h3><p>Tyto Podm\u00ednky slu\u017eby a v\u0161echny samostatn\u00e9 smlouvy, na jejich\u017e z\u00e1klad\u011b v\u00e1m poskytujeme slu\u017eby, se \u0159\u00edd\u00ed a vykl\u00e1daj\u00ed v souladu se z\u00e1kony Spojen\u00e9ho kr\u00e1lovstv\u00ed.<\/p>\t\t\t\t\t\t\t\t<\/div>\n\t\t\t\t<\/div>\n\t\t\t\t\t<\/div>\n\t\t\t\t<\/div>\n\t\t\t\t<\/div>","protected":false},"excerpt":{"rendered":"<p>V\u00edtejte na str\u00e1nk\u00e1ch kukirin-scooter-parts.com! Tyto Podm\u00ednky pou\u017e\u00edv\u00e1n\u00ed popisuj\u00ed podm\u00ednky, kter\u00e9 se vztahuj\u00ed na v\u00e1\u0161 p\u0159\u00edstup a pou\u017e\u00edv\u00e1n\u00ed webov\u00fdch str\u00e1nek kukirin-scooter.com. Toto prohl\u00e1\u0161en\u00ed je pr\u00e1vn\u011b z\u00e1vaznou dohodou mezi v\u00e1mi jako u\u017eivatelem (u\u017eivateli) str\u00e1nek (d\u00e1le jen \"vy\", \"\u010dlen\", \"z\u00e1kazn\u00edk\" nebo \"u\u017eivatel\") a spole\u010dnost\u00ed kukirin-scooter.com (d\u00e1le jen \"my\", \"na\u0161e\", ... <a title=\"Podm\u00ednky slu\u017eby\" class=\"read-more\" href=\"https:\/\/kukirin-scooter-parts.com\/cs\/terms-of-service\/\" aria-label=\"Read more about Terms of Service\">\u010c\u00edst d\u00e1l<\/a><\/p>","protected":false},"author":1,"featured_media":0,"parent":0,"menu_order":0,"comment_status":"closed","ping_status":"closed","template":"","meta":{"footnotes":""},"class_list":["post-65","page","type-page","status-publish"],"_links":{"self":[{"href":"https:\/\/kukirin-scooter-parts.com\/cs\/wp-json\/wp\/v2\/pages\/65","targetHints":{"allow":["GET"]}}],"collection":[{"href":"https:\/\/kukirin-scooter-parts.com\/cs\/wp-json\/wp\/v2\/pages"}],"about":[{"href":"https:\/\/kukirin-scooter-parts.com\/cs\/wp-json\/wp\/v2\/types\/page"}],"author":[{"embeddable":true,"href":"https:\/\/kukirin-scooter-parts.com\/cs\/wp-json\/wp\/v2\/users\/1"}],"replies":[{"embeddable":true,"href":"https:\/\/kukirin-scooter-parts.com\/cs\/wp-json\/wp\/v2\/comments?post=65"}],"version-history":[{"count":4,"href":"https:\/\/kukirin-scooter-parts.com\/cs\/wp-json\/wp\/v2\/pages\/65\/revisions"}],"predecessor-version":[{"id":95,"href":"https:\/\/kukirin-scooter-parts.com\/cs\/wp-json\/wp\/v2\/pages\/65\/revisions\/95"}],"wp:attachment":[{"href":"https:\/\/kukirin-scooter-parts.com\/cs\/wp-json\/wp\/v2\/media?parent=65"}],"curies":[{"name":"wp","href":"https:\/\/api.w.org\/{rel}","templated":true}]}}