{"id":61,"date":"2024-09-02T03:53:01","date_gmt":"2024-09-02T03:53:01","guid":{"rendered":"https:\/\/kukirin-scooter-parts.com\/?page_id=61"},"modified":"2024-09-02T07:13:39","modified_gmt":"2024-09-02T07:13:39","slug":"about-us","status":"publish","type":"page","link":"https:\/\/kukirin-scooter-parts.com\/cs\/about-us\/","title":{"rendered":"O n\u00e1s"},"content":{"rendered":"<div data-elementor-type=\"wp-page\" data-elementor-id=\"61\" class=\"elementor elementor-61\" data-elementor-post-type=\"page\">\n\t\t\t\t<div class=\"elementor-element elementor-element-7594f32 e-flex e-con-boxed e-con e-parent\" data-id=\"7594f32\" data-element_type=\"container\" data-e-type=\"container\">\n\t\t\t\t\t<div class=\"e-con-inner\">\n\t\t\t\t<div class=\"elementor-element elementor-element-5c8e2ed elementor-widget elementor-widget-text-editor\" data-id=\"5c8e2ed\" data-element_type=\"widget\" data-e-type=\"widget\" data-widget_type=\"text-editor.default\">\n\t\t\t\t<div class=\"elementor-widget-container\">\n\t\t\t\t\t\t\t\t\t<p>kukirin-scooter-parts.com, v\u00e1\u0161 d\u016fv\u011bryhodn\u00fd zdroj ofici\u00e1ln\u00edch n\u00e1hradn\u00edch d\u00edl\u016f a p\u0159\u00edslu\u0161enstv\u00ed pro sk\u00fatry Kukirin. Jde n\u00e1m o to, abychom v\u00e1m pomohli udr\u017eet v\u00e1\u0161 sk\u00fatr Kukirin v co nejlep\u0161\u00edm stavu d\u00edky kvalitn\u00edm a origin\u00e1ln\u00edm sou\u010d\u00e1stk\u00e1m.<\/p>\n<p>Jako specializovan\u00fd internetov\u00fd obchod v\u00edme, jak d\u016fle\u017eit\u00e9 je udr\u017eovat va\u0161i j\u00edzdu pomoc\u00ed d\u00edl\u016f, kter\u00e9 jsou pro ni speci\u00e1ln\u011b vyrobeny. Proto nab\u00edz\u00edme pouze ofici\u00e1ln\u00ed d\u00edly Kukirin a zaji\u0161\u0165ujeme, \u017ee v\u0161e, co u n\u00e1s zakoup\u00edte, spl\u0148uje p\u0159esn\u00e9 standardy stanoven\u00e9 v\u00fdrobcem - tov\u00e1rnou Kukirin.<\/p>\n<p>Na\u0161\u00edm c\u00edlem je zajistit, aby va\u0161e nakupov\u00e1n\u00ed prob\u011bhlo co nejplynuleji, a nab\u00edz\u00edme \u0161pi\u010dkov\u00fd z\u00e1kaznick\u00fd servis, rychlou dopravu a \u0161irok\u00fd sortiment v\u00fdrobk\u016f. Jako ofici\u00e1ln\u00ed zdroj d\u00edl\u016f pro sk\u00fatry Kukirin, a\u0165 u\u017e chcete vym\u011bnit d\u00edl nebo prov\u00e9st modernizaci, m\u00e1me pro v\u00e1s v\u0161e, co pot\u0159ebujete, aby byl v\u00e1\u0161 sk\u00fatr Kukirin ve \u0161pi\u010dkov\u00e9 kondici.<\/p>\n<p>D\u011bkujeme, \u017ee jste si vybrali spole\u010dnost KuKirin. Jsme tu, abychom podpo\u0159ili va\u0161i j\u00edzdu, a\u0165 u\u017e v\u00e1s zavede kamkoli.<\/p>\t\t\t\t\t\t\t\t<\/div>\n\t\t\t\t<\/div>\n\t\t\t\t\t<\/div>\n\t\t\t\t<\/div>\n\t\t\t\t<\/div>","protected":false},"excerpt":{"rendered":"<p>kukirin-scooter-parts.com, your trusted source for official Kukirin scooter spare parts and accessories. We\u2019re all about helping you keep your Kukirin scooter running at its best with high-quality, original components. As a dedicated online store, we know how important it is to maintain your ride with parts that are made specifically for it. That\u2019s why we &#8230; <a title=\"O n\u00e1s\" class=\"read-more\" href=\"https:\/\/kukirin-scooter-parts.com\/cs\/about-us\/\" aria-label=\"Read more about About Us\">\u010c\u00edst d\u00e1l<\/a><\/p>","protected":false},"author":1,"featured_media":0,"parent":0,"menu_order":0,"comment_status":"closed","ping_status":"closed","template":"","meta":{"footnotes":""},"class_list":["post-61","page","type-page","status-publish"],"_links":{"self":[{"href":"https:\/\/kukirin-scooter-parts.com\/cs\/wp-json\/wp\/v2\/pages\/61","targetHints":{"allow":["GET"]}}],"collection":[{"href":"https:\/\/kukirin-scooter-parts.com\/cs\/wp-json\/wp\/v2\/pages"}],"about":[{"href":"https:\/\/kukirin-scooter-parts.com\/cs\/wp-json\/wp\/v2\/types\/page"}],"author":[{"embeddable":true,"href":"https:\/\/kukirin-scooter-parts.com\/cs\/wp-json\/wp\/v2\/users\/1"}],"replies":[{"embeddable":true,"href":"https:\/\/kukirin-scooter-parts.com\/cs\/wp-json\/wp\/v2\/comments?post=61"}],"version-history":[{"count":7,"href":"https:\/\/kukirin-scooter-parts.com\/cs\/wp-json\/wp\/v2\/pages\/61\/revisions"}],"predecessor-version":[{"id":83,"href":"https:\/\/kukirin-scooter-parts.com\/cs\/wp-json\/wp\/v2\/pages\/61\/revisions\/83"}],"wp:attachment":[{"href":"https:\/\/kukirin-scooter-parts.com\/cs\/wp-json\/wp\/v2\/media?parent=61"}],"curies":[{"name":"wp","href":"https:\/\/api.w.org\/{rel}","templated":true}]}}