{"id":3,"date":"2024-08-28T09:48:00","date_gmt":"2024-08-28T09:48:00","guid":{"rendered":"http:\/\/kukirin-scooter-parts.com\/?page_id=3"},"modified":"2024-09-02T07:25:46","modified_gmt":"2024-09-02T07:25:46","slug":"privacy-policy","status":"publish","type":"page","link":"https:\/\/kukirin-scooter-parts.com\/cs\/privacy-policy\/","title":{"rendered":"Z\u00e1sady ochrany osobn\u00edch \u00fadaj\u016f"},"content":{"rendered":"<div data-elementor-type=\"wp-page\" data-elementor-id=\"3\" class=\"elementor elementor-3\" data-elementor-post-type=\"page\">\n\t\t\t\t<div class=\"elementor-element elementor-element-250f5984 e-flex e-con-boxed e-con e-parent\" data-id=\"250f5984\" data-element_type=\"container\" data-e-type=\"container\">\n\t\t\t\t\t<div class=\"e-con-inner\">\n\t\t\t\t<div class=\"elementor-element elementor-element-2760fd46 elementor-widget elementor-widget-text-editor\" data-id=\"2760fd46\" data-element_type=\"widget\" data-e-type=\"widget\" data-widget_type=\"text-editor.default\">\n\t\t\t\t<div class=\"elementor-widget-container\">\n\t\t\t\t\t\t\t\t\t<p><\/p>\n<p>Zde je kukirin-scooter-parts.com (d\u00e1le jen \"my\", \"n\u00e1s\" nebo \"KuKirin\", \"str\u00e1nky\"), jsme se zav\u00e1zali chr\u00e1nit a respektovat soukrom\u00ed va\u0161ich osobn\u00edch \u00fadaj\u016f. Tyto z\u00e1sady ochrany osobn\u00edch \u00fadaj\u016f vysv\u011btluj\u00ed, jak spole\u010dnost KuKirin shroma\u017e\u010fuje, pou\u017e\u00edv\u00e1, p\u0159en\u00e1\u0161\u00ed a zve\u0159ej\u0148uje va\u0161e \u00fadaje. Vztahuj\u00ed se na \u00fadaje shrom\u00e1\u017ed\u011bn\u00e9 p\u0159i pou\u017e\u00edv\u00e1n\u00ed na\u0161ich webov\u00fdch str\u00e1nek, kdy\u017e s n\u00e1mi komunikujete prost\u0159ednictv\u00edm soci\u00e1ln\u00edch m\u00e9di\u00ed, e-mailu nebo telefonu, nebo kdy\u017e se \u00fa\u010dastn\u00edte na\u0161ich sout\u011b\u017e\u00ed nebo akc\u00ed. Vztahuje se na:<\/p>\n<h2 class=\"wp-block-heading\"><strong>1. N\u00e1\u0161 z\u00e1vazek v\u016f\u010di v\u00e1m\u00a0<\/strong><br \/><strong>2. Jak zabezpe\u010dujeme va\u0161e \u00fadaje\u00a0\u00a0<\/strong><br \/><strong>3. Osobn\u00ed \u00fadaje, kter\u00e9 shroma\u017e\u010fujeme\u00a0<\/strong><br \/><strong>4. Jak shroma\u017e\u010fujeme va\u0161e \u00fadaje\u00a0<\/strong><br \/><strong>5. Jak pou\u017e\u00edv\u00e1me va\u0161e \u00fadaje\u00a0<\/strong><br \/><strong>6. O souborech cookie\u00a0<\/strong><br \/><strong>7. Jak sd\u00edl\u00edme va\u0161e \u00fadaje\u00a0<\/strong><br \/><strong>8. Va\u0161e pr\u00e1va na va\u0161e osobn\u00ed \u00fadaje\u00a0<\/strong><br \/><strong>9. Zm\u011bny t\u011bchto z\u00e1sad ochrany osobn\u00edch \u00fadaj\u016f<\/strong><\/h2>\n<h3>1. N\u00e1\u0161 z\u00e1vazek v\u016f\u010di v\u00e1m<\/h3>\n<h2 class=\"wp-block-heading\">Ochranu va\u0161ich osobn\u00edch \u00fadaj\u016f bereme v\u00e1\u017en\u011b a va\u0161e osobn\u00ed \u00fadaje zpracov\u00e1v\u00e1me spravedliv\u011b, z\u00e1konn\u011b a transparentn\u011b. Tyto z\u00e1sady ochrany osobn\u00edch \u00fadaj\u016f popisuj\u00ed osobn\u00ed \u00fadaje, kter\u00e9 o v\u00e1s shroma\u017e\u010fujeme, a zp\u016fsob jejich pou\u017eit\u00ed. Va\u0161e osobn\u00ed \u00fadaje budeme shroma\u017e\u010fovat a pou\u017e\u00edvat pouze pro n\u00e1sleduj\u00edc\u00ed \u00fa\u010dely:<\/h2>\n<ul>\n<li>Zlep\u0161en\u00ed na\u0161ich slu\u017eeb;<\/li>\n<li>Splnit na\u0161e z\u00e1konn\u00e9 povinnosti.<\/li>\n<\/ul>\n<h3>2. Jak zabezpe\u010dujeme va\u0161e \u00fadaje<\/h3>\n<p>M\u00e1me zavedena vhodn\u00e1 organiza\u010dn\u00ed ochrann\u00e1 a bezpe\u010dnostn\u00ed opat\u0159en\u00ed, kter\u00e1 chr\u00e1n\u00ed va\u0161e \u00fadaje p\u0159ed n\u00e1hodnou ztr\u00e1tou, pou\u017eit\u00edm nebo neopr\u00e1vn\u011bn\u00fdm p\u0159\u00edstupem, zm\u011bnou nebo zve\u0159ejn\u011bn\u00edm. Komunikace mezi va\u0161\u00edm prohl\u00ed\u017ee\u010dem a na\u0161imi webov\u00fdmi str\u00e1nkami vyu\u017e\u00edv\u00e1 zabezpe\u010den\u00e9 \u0161ifrovan\u00e9 spojen\u00ed v\u0161ude tam, kde se jedn\u00e1 o va\u0161e osobn\u00ed \u00fadaje. Va\u0161e \u00fadaje \u0161ifrujeme a ukl\u00e1d\u00e1me je na zabezpe\u010den\u00fdch serverech skryt\u00fdch za firewallem. Po\u017eadujeme, aby ka\u017ed\u00e1 t\u0159et\u00ed strana, kter\u00e1 je smluvn\u011b pov\u011b\u0159ena zpracov\u00e1n\u00edm va\u0161ich osobn\u00edch \u00fadaj\u016f na\u0161\u00edm jm\u00e9nem, m\u011bla zavedena bezpe\u010dnostn\u00ed opat\u0159en\u00ed na ochranu va\u0161ich \u00fadaj\u016f a nakl\u00e1dala s nimi v souladu se z\u00e1konem. V ne\u0161\u0165astn\u00e9m p\u0159\u00edpad\u011b poru\u0161en\u00ed ochrany osobn\u00edch \u00fadaj\u016f v\u00e1s budeme informovat a ozn\u00e1m\u00edme to v\u0161em p\u0159\u00edslu\u0161n\u00fdm p\u0159edpis\u016fm, jakmile to bude ze z\u00e1kona nutn\u00e9.<\/p>\n<h3>3. Osobn\u00ed \u00fadaje, kter\u00e9 shroma\u017e\u010fujeme\u00a0<\/h3>\n<p>3.1 E-mailov\u00e1 adresa, v\u010detn\u011b e-mailov\u00e9 adresy poskytnut\u00e9 prost\u0159ednictv\u00edm schv\u00e1len\u00fdch p\u0159idru\u017een\u00fdch t\u0159et\u00edch stran.<\/p>\n<p>3.2 Informace o p\u0159eprav\u011b, v\u010detn\u011b jm\u00e9na, zem\u011b a telefonn\u00edho \u010d\u00edsla. Pokud pot\u0159ebujeme ulo\u017eit informace souvisej\u00edc\u00ed s objedn\u00e1vkou, zad\u00e1v\u00e1me je do na\u0161\u00ed datab\u00e1ze prost\u0159ednictv\u00edm \u0161ifrov\u00e1n\u00ed SSL. A\u010dkoli jsou na\u0161e webov\u00e9 str\u00e1nky ur\u010deny pro \u0161irokou ve\u0159ejnost, v\u011bdom\u011b neshroma\u017e\u010fujeme \u017e\u00e1dn\u00e9 \u00fadaje od d\u011bt\u00ed, kter\u00e9 je nesm\u011bj\u00ed pou\u017e\u00edvat ani na n\u011b zad\u00e1vat.<\/p>\n<h3>4. Jak shroma\u017e\u010fujeme va\u0161e \u00fadaje<\/h3>\n<p>Va\u0161e osobn\u00ed \u00fadaje m\u016f\u017eeme shroma\u017e\u010fovat n\u00e1sleduj\u00edc\u00edmi zp\u016fsoby:\u00a0<\/p>\n<h2 class=\"wp-block-heading\">4.1 P\u0159\u00edm\u00e9 interakce: M\u016f\u017eete n\u00e1m poskytnout sv\u00e9 identifika\u010dn\u00ed, kontaktn\u00ed, finan\u010dn\u00ed, transak\u010dn\u00ed, profilov\u00e9, marketingov\u00e9 a komunika\u010dn\u00ed \u00fadaje vypln\u011bn\u00edm formul\u00e1\u0159\u016f, zad\u00e1n\u00edm informac\u00ed online nebo korespondenc\u00ed s n\u00e1mi po\u0161tou, telefonicky, e-mailem, telefonicky nebo jinak. To zahrnuje osobn\u00ed \u00fadaje, kter\u00e9 poskytnete nap\u0159. kdy\u017e:<\/h2>\n<ul>\n<li>Vytvo\u0159te si \u00fa\u010det na na\u0161ich webov\u00fdch str\u00e1nk\u00e1ch;\u00a0<\/li>\n<li>P\u0159ihlaste se k odb\u011bru na\u0161eho newsletteru, diskusn\u00edch f\u00f3r a soci\u00e1ln\u00edch m\u00e9di\u00ed;<\/li>\n<li>Vypl\u0148te dobrovoln\u00fd pr\u016fzkum trhu;<\/li>\n<li>Obra\u0165te se na n\u00e1s s dotazem nebo nahl\u00e1\u0161en\u00edm probl\u00e9mu (telefonicky, e-mailem, prost\u0159ednictv\u00edm soci\u00e1ln\u00edch m\u00e9di\u00ed nebo slu\u017eby zas\u00edl\u00e1n\u00ed zpr\u00e1v);<\/li>\n<li>Kdy\u017e se p\u0159ihl\u00e1s\u00edte na na\u0161e webov\u00e9 str\u00e1nky prost\u0159ednictv\u00edm soci\u00e1ln\u00edch m\u00e9di\u00ed.<\/li>\n<\/ul>\n<p>4.2 Nep\u0159\u00edm\u00e9 interakce: P\u0159i interakci s na\u0161imi webov\u00fdmi str\u00e1nkami m\u016f\u017eeme automaticky shroma\u017e\u010fovat technick\u00e9 \u00fadaje pomoc\u00ed soubor\u016f cookie, protokol\u016f serveru a dal\u0161\u00edch podobn\u00fdch technologi\u00ed. Dal\u0161\u00ed podrobnosti naleznete v \u010d\u00e1sti O souborech cookie.<\/p>\n<h2 class=\"wp-block-heading\">4.3 T\u0159et\u00ed strany: Va\u0161e osobn\u00ed \u00fadaje m\u016f\u017eeme z\u00edskat od r\u016fzn\u00fdch t\u0159et\u00edch stran, v\u010detn\u011b:\u00a0<\/h2>\n<ul>\n<li>p\u0159idru\u017een\u00e9 t\u0159et\u00ed strany, v\u010detn\u011b poskytovatel\u016f analytick\u00fdch slu\u017eeb, jako je Google;\u00a0<\/li>\n<li>partnersk\u00e9 s\u00edt\u011b, p\u0159es kter\u00e9 jste vstoupili na na\u0161e webov\u00e9 str\u00e1nky;<\/li>\n<li>platformy soci\u00e1ln\u00edch m\u00e9di\u00ed, kdy\u017e se p\u0159ihl\u00e1s\u00edte na na\u0161e webov\u00e9 str\u00e1nky pomoc\u00ed t\u011bchto platforem soci\u00e1ln\u00edch m\u00e9di\u00ed.<\/li>\n<\/ul>\n<h3>5. Jak pou\u017e\u00edv\u00e1me va\u0161e \u00fadaje<\/h3>\n<p>Va\u0161e osobn\u00ed \u00fadaje budeme shroma\u017e\u010fovat a zpracov\u00e1vat pouze v p\u0159\u00edpadech, kdy k tomu budeme m\u00edt pr\u00e1vn\u00ed z\u00e1klad. Pr\u00e1vn\u00ed z\u00e1klad pro shroma\u017e\u010fov\u00e1n\u00ed a pou\u017e\u00edv\u00e1n\u00ed va\u0161ich osobn\u00edch \u00fadaj\u016f se u n\u00e1s jako spr\u00e1vce \u00fadaj\u016f li\u0161\u00ed v z\u00e1vislosti na zp\u016fsobu a \u00fa\u010delu, pro kter\u00fd jsme je shrom\u00e1\u017edili. Va\u0161e osobn\u00ed \u00fadaje budeme shroma\u017e\u010fovat a zpracov\u00e1vat pouze v p\u0159\u00edpad\u011b, \u017ee k tomu m\u00e1me pr\u00e1vn\u00ed z\u00e1klad. Pr\u00e1vn\u00ed z\u00e1klad pro na\u0161e shroma\u017e\u010fov\u00e1n\u00ed a pou\u017e\u00edv\u00e1n\u00ed va\u0161ich osobn\u00edch \u00fadaj\u016f se jako u spr\u00e1vce \u00fadaj\u016f li\u0161\u00ed v z\u00e1vislosti na zp\u016fsobu a \u00fa\u010delu, pro kter\u00fd jsme je shrom\u00e1\u017edili. Osobn\u00ed \u00fadaje od v\u00e1s budeme shroma\u017e\u010fovat pouze tehdy, kdy\u017e:<\/p>\n<p>5.1 M\u00e1me k tomu v\u00e1\u0161 souhlas.<\/p>\n<p>5.2 Va\u0161e osobn\u00ed \u00fadaje pot\u0159ebujeme k pln\u011bn\u00ed smlouvy s v\u00e1mi. Nap\u0159\u00edklad ke zpracov\u00e1n\u00ed va\u0161\u00ed platby, vy\u0159\u00edzen\u00ed va\u0161\u00ed objedn\u00e1vky nebo poskytnut\u00ed z\u00e1kaznick\u00e9 podpory souvisej\u00edc\u00ed s objedn\u00e1vkou.<\/p>\n<p>5.3 Zpracov\u00e1n\u00ed je v na\u0161em opr\u00e1vn\u011bn\u00e9m z\u00e1jmu a nem\u00e1 p\u0159ednost p\u0159ed va\u0161imi pr\u00e1vy.<\/p>\n<p>5.4 M\u00e1me z\u00e1konnou povinnost shroma\u017e\u010fovat nebo zve\u0159ej\u0148ovat va\u0161e osobn\u00ed \u00fadaje. Va\u0161e osobn\u00ed \u00fadaje pou\u017e\u00edv\u00e1 spole\u010dnost KuKirin k podpo\u0159e \u0159ady r\u016fzn\u00fdch \u010dinnost\u00ed. Ty jsou uvedeny v n\u00e1sleduj\u00edc\u00ed tabulce spolu s typy pou\u017e\u00edvan\u00fdch \u00fadaj\u016f a pr\u00e1vn\u00edmi z\u00e1klady, o kter\u00e9 se p\u0159i jejich zpracov\u00e1n\u00ed op\u00edr\u00e1me, p\u0159\u00edpadn\u011b v\u010detn\u011b na\u0161ich opr\u00e1vn\u011bn\u00fdch z\u00e1jm\u016f. Upozor\u0148ujeme, \u017ee va\u0161e osobn\u00ed \u00fadaje m\u016f\u017eeme zpracov\u00e1vat na v\u00edce ne\u017e jednom pr\u00e1vn\u00edm z\u00e1klad\u011b v z\u00e1vislosti na konkr\u00e9tn\u00ed \u010dinnosti. Pokud pot\u0159ebujete podrobnosti o konkr\u00e9tn\u00edm pr\u00e1vn\u00edm z\u00e1kladu, na kter\u00fd se p\u0159i zpracov\u00e1n\u00ed va\u0161ich osobn\u00edch \u00fadaj\u016f spol\u00e9h\u00e1me, kontaktujte n\u00e1s pros\u00edm v p\u0159\u00edpad\u011b, \u017ee je v n\u00ed\u017ee uveden\u00e9 tabulce uvedeno v\u00edce ne\u017e jeden d\u016fvod.\u00a0<\/p>\n<p>5.5 Vytvo\u0159it si \u00fa\u010det a zaregistrovat se jako nov\u00fd z\u00e1kazn\u00edk (bu\u010f p\u0159\u00edmo, nebo prost\u0159ednictv\u00edm soci\u00e1ln\u00edch m\u00e9di\u00ed).\u00a0<\/p>\n<p>5.6 Spravovat n\u00e1\u0161 vztah s v\u00e1mi, v\u010detn\u011b poskytov\u00e1n\u00ed informac\u00ed, produkt\u016f a slu\u017eeb, kter\u00e9 od n\u00e1s po\u017eadujete; informovat v\u00e1s o zm\u011bn\u00e1ch na\u0161ich slu\u017eeb, podm\u00ednek nebo z\u00e1sad ochrany osobn\u00edch \u00fadaj\u016f; po\u017e\u00e1dat v\u00e1s o zanech\u00e1n\u00ed recenze nebo vypln\u011bn\u00ed dotazn\u00edku.\u00a0<\/p>\n<p>5.7 Abyste se mohli z\u00fa\u010dastnit sout\u011b\u017ee, akce, pr\u016fzkumu nebo z\u00edskat odm\u011bnu.\u00a0<\/p>\n<p>5.8 Spr\u00e1va, ochrana a zlep\u0161ov\u00e1n\u00ed na\u0161eho podnik\u00e1n\u00ed a na\u0161ich webov\u00fdch str\u00e1nek\/aplikac\u00ed, v\u010detn\u011b \u0159e\u0161en\u00ed probl\u00e9m\u016f, anal\u00fdzy dat, testov\u00e1n\u00ed, \u00fadr\u017eby syst\u00e9mu, podpory, anal\u00fdzy dat, reportov\u00e1n\u00ed a hostov\u00e1n\u00ed dat; nastaven\u00ed v\u00fdchoz\u00edch mo\u017enost\u00ed pro v\u00e1s, jako je jazyk a m\u011bna.\u00a0\u00a0<\/p>\n<p>5.9 Poskytovat v\u00e1m relevantn\u00ed obsah webov\u00fdch str\u00e1nek, online reklamy a informace a m\u011b\u0159it \u00fa\u010dinnost poskytovan\u00e9 reklamy.\u00a0<\/p>\n<p>5.10 K vyu\u017eit\u00ed anal\u00fdzy dat pro: zlep\u0161ov\u00e1n\u00ed na\u0161ich webov\u00fdch str\u00e1nek, produkt\u016f, slu\u017eeb, marketingu, vztah\u016f se z\u00e1kazn\u00edky a zku\u0161enost\u00ed a pro \u00fa\u010dely pr\u016fzkumu trhu, statistiky a pr\u016fzkumu.\u00a0<\/p>\n<p>5.11 Doporu\u010dov\u00e1n\u00ed produkt\u016f, slev na slu\u017eby a nab\u00eddek, kter\u00e9 by v\u00e1s mohly zaj\u00edmat, v\u010detn\u011b zas\u00edl\u00e1n\u00ed takov\u00fdch informac\u00ed e-mailem, po\u0161tou nebo SMS.\u00a0<\/p>\n<p>5.12 Abychom v\u00e1s informovali nebo v\u00e1m e-mailem p\u0159ipomn\u011bli jak\u00fdkoli \u00fakol proveden\u00fd prost\u0159ednictv\u00edm na\u0161ich webov\u00fdch str\u00e1nek, kter\u00fd z\u016fstal nedokon\u010den, jako jsou nedokon\u010den\u00e9 objedn\u00e1vky nebo opu\u0161t\u011bn\u00e9 ko\u0161\u00edky, pou\u017eijeme va\u0161e osobn\u00ed \u00fadaje pouze pro \u00fa\u010dely, pro kter\u00e9 jsme je shrom\u00e1\u017edili, pokud se d\u016fvodn\u011b nedomn\u00edv\u00e1me, \u017ee je mus\u00edme pou\u017e\u00edt z jin\u00e9ho d\u016fvodu a tento d\u016fvod je slu\u010diteln\u00fd s p\u016fvodn\u00edm \u00fa\u010delem. Pokud budeme cht\u00edt va\u0161e osobn\u00ed \u00fadaje pou\u017e\u00edt k nesouvisej\u00edc\u00edmu \u00fa\u010delu, ozn\u00e1m\u00edme v\u00e1m to a vysv\u011btl\u00edme pr\u00e1vn\u00ed z\u00e1klad, kter\u00fd n\u00e1m to umo\u017e\u0148uje. Osobn\u00ed \u00fadaje m\u016f\u017eeme v souladu s v\u00fd\u0161e uveden\u00fdmi pravidly zpracov\u00e1vat i bez va\u0161eho souhlasu, pokud to vy\u017eaduje nebo povoluje z\u00e1kon. Va\u0161e osobn\u00ed \u00fadaje nebudeme uchov\u00e1vat d\u00e9le, ne\u017e je nezbytn\u00e9 pro \u00fa\u010dely, pro kter\u00e9 byly poskytnuty, a pro spln\u011bn\u00ed na\u0161ich z\u00e1konn\u00fdch povinnost\u00ed. Dal\u0161\u00ed podrobnosti o dob\u00e1ch, po kter\u00e9 \u00fadaje uchov\u00e1v\u00e1me, jsou k dispozici na vy\u017e\u00e1d\u00e1n\u00ed.\u00a0<\/p>\n<h3>6. O souborech cookie\u00a0<\/h3>\n<p>K ukl\u00e1d\u00e1n\u00ed konkr\u00e9tn\u00edch informac\u00ed o v\u00e1s a sledov\u00e1n\u00ed va\u0161ich n\u00e1v\u0161t\u011bv na Str\u00e1nk\u00e1ch, a\u0165 u\u017e prost\u0159ednictv\u00edm po\u010d\u00edta\u010de nebo mobiln\u00edho za\u0159\u00edzen\u00ed, pou\u017e\u00edv\u00e1me soubory cookie. Nen\u00ed neobvykl\u00e9, \u017ee webov\u00e9 str\u00e1nky pou\u017e\u00edvaj\u00ed soubory cookie ke zlep\u0161en\u00ed identifikace sv\u00fdch n\u00e1v\u0161t\u011bvn\u00edk\u016f \"cookie\" je mal\u00e9 mno\u017estv\u00ed dat, kter\u00e9 je odesl\u00e1no do va\u0161eho prohl\u00ed\u017ee\u010de a ulo\u017eeno na pevn\u00e9m disku va\u0161eho po\u010d\u00edta\u010de nebo mobiln\u00edho za\u0159\u00edzen\u00ed. Pokud soubor cookie nedeaktivujete nebo nevyma\u017eete, poka\u017ed\u00e9, kdy\u017e pou\u017eijete stejn\u00fd prohl\u00ed\u017ee\u010d nebo mobiln\u00ed za\u0159\u00edzen\u00ed k p\u0159\u00edstupu na Str\u00e1nky, budou na\u0161e webov\u00e9 servery informov\u00e1ny o va\u0161\u00ed n\u00e1v\u0161t\u011bv\u011b na Str\u00e1nk\u00e1ch a my zase m\u016f\u017eeme m\u00edt pov\u011bdom\u00ed o va\u0161\u00ed n\u00e1v\u0161t\u011bv\u011b a zp\u016fsobu va\u0161eho pou\u017e\u00edv\u00e1n\u00ed.\u00a0\u00a0<\/p>\n<p>Soubory cookie n\u00e1m umo\u017e\u0148uj\u00ed zapamatovat si va\u0161e \u00fadaje, tak\u017ee je nemus\u00edte znovu zad\u00e1vat p\u0159i ka\u017ed\u00e9m pou\u017eit\u00ed str\u00e1nek. Krom\u011b toho pou\u017e\u00edv\u00e1me soubory cookie ke spr\u00e1v\u011b zabezpe\u010den\u00ed na\u0161ich Str\u00e1nek, shroma\u017e\u010fov\u00e1n\u00ed informac\u00ed o jejich pou\u017e\u00edv\u00e1n\u00ed u\u017eivateli; k v\u00fdzkumu vzorc\u016f n\u00e1v\u0161t\u011bvnosti a k prov\u00e1d\u011bn\u00ed z\u00e1jmov\u00e9 reklamy; k pomoci na\u0161im partner\u016fm p\u0159i sledov\u00e1n\u00ed n\u00e1v\u0161t\u011bvnosti Str\u00e1nek u\u017eivateli a p\u0159i sledov\u00e1n\u00ed pr\u016fb\u011bhu a \u00fa\u010dasti na propaga\u010dn\u00edch akc\u00edch. Pro tyto dal\u0161\u00ed v\u00fd\u0161e uveden\u00e9 \u00fa\u010dely m\u016f\u017eete ur\u010dit, zda a jak bude soubor cookie p\u0159ijat, konfigurac\u00ed nastaven\u00ed ochrany osobn\u00edch \u00fadaj\u016f v prohl\u00ed\u017ee\u010di, kter\u00fd pou\u017e\u00edv\u00e1te k p\u0159\u00edstupu na Str\u00e1nky, nebo nastaven\u00ed ochrany osobn\u00edch \u00fadaj\u016f ve va\u0161em mobiln\u00edm za\u0159\u00edzen\u00ed. Pokud uprav\u00edte nastaven\u00ed ochrany osobn\u00edch \u00fadaj\u016f v prohl\u00ed\u017ee\u010di, bude va\u0161e mobiln\u00ed za\u0159\u00edzen\u00ed pokra\u010dovat ve shroma\u017e\u010fov\u00e1n\u00ed \u00fadaj\u016f, pokud neuprav\u00edte nastaven\u00ed ochrany osobn\u00edch \u00fadaj\u016f za\u0159\u00edzen\u00ed a naopak. N\u011bkter\u00e9 funkce Str\u00e1nek jsou z\u00e1visl\u00e9 na souborech cookie.\u00a0<\/p>\n<p>Upozor\u0148ujeme, \u017ee pokud se rozhodnete soubory cookie zablokovat, je mo\u017en\u00e9, \u017ee se nebudete moci p\u0159ihl\u00e1sit nebo pou\u017e\u00edvat tyto funkce a p\u0159edvolby, kter\u00e9 jsou z\u00e1visl\u00e9 na souborech cookie, mohou b\u00fdt ztraceny.  Pou\u017e\u00edv\u00e1me \u0159adu analytick\u00fdch a c\u00edlen\u00fdch reklamn\u00edch n\u00e1stroj\u016f, abychom v\u00e1m mohli zobrazovat relevantn\u00ed obsah webov\u00fdch str\u00e1nek na na\u0161ich webov\u00fdch str\u00e1nk\u00e1ch a online reklamy na jin\u00fdch webov\u00fdch str\u00e1nk\u00e1ch a v aplikac\u00edch (jak je pops\u00e1no v\u00fd\u0161e), poskytovat v\u00e1m relevantn\u00ed obsah v marketingov\u00fdch sd\u011blen\u00edch (v p\u0159\u00edslu\u0161n\u00fdch p\u0159\u00edpadech) a m\u011b\u0159it \u00fa\u010dinnost poskytovan\u00e9 reklamy.\u00a0<\/p>\n<p>Pou\u017e\u00edv\u00e1me nap\u0159\u00edklad n\u00e1stroje, jako je Google Analytics, k anal\u00fdze reklamn\u00edch \u00fadaj\u016f spole\u010dnosti Google zalo\u017een\u00fdch na z\u00e1jmech a\/nebo \u00fadaj\u016f o publiku t\u0159et\u00edch stran (jako je v\u011bk, rodinn\u00fd stav, \u017eivotn\u00ed ud\u00e1losti, pohlav\u00ed a z\u00e1jmy), abychom mohli c\u00edlit a zlep\u0161ovat na\u0161e marketingov\u00e9 kampan\u011b, marketingov\u00e9 strategie a obsah webov\u00fdch str\u00e1nek. M\u016f\u017eeme tak\u00e9 pou\u017e\u00edvat n\u00e1stroje poskytovan\u00e9 jin\u00fdmi t\u0159et\u00edmi stranami, nap\u0159\u00edklad spole\u010dnost\u00ed Facebook. Na\u0161e webov\u00e9 str\u00e1nky mohou obsahovat odkazy na webov\u00e9 str\u00e1nky a z webov\u00fdch str\u00e1nek na\u0161ich partnersk\u00fdch s\u00edt\u00ed, inzerent\u016f a p\u0159idru\u017een\u00fdch spole\u010dnost\u00ed nebo na platformy soci\u00e1ln\u00edch m\u00e9di\u00ed. Pokud p\u0159ejdete na odkaz na n\u011bkterou z t\u011bchto webov\u00fdch str\u00e1nek, upozor\u0148ujeme, \u017ee tyto webov\u00e9 str\u00e1nky maj\u00ed vlastn\u00ed z\u00e1sady ochrany osobn\u00edch \u00fadaj\u016f a \u017ee za tyto z\u00e1sady neneseme \u017e\u00e1dnou odpov\u011bdnost. Ne\u017e na jejich webov\u00e9 str\u00e1nky ode\u0161lete jak\u00e9koli osobn\u00ed \u00fadaje, zkontrolujte si pros\u00edm tyto z\u00e1sady.\u00a0<\/p>\n<h3>7. Jak sd\u00edl\u00edme va\u0161e \u00fadaje\u00a0<\/h3>\n<p>Va\u0161e osobn\u00ed nebo finan\u010dn\u00ed \u00fadaje nikomu neprod\u00e1v\u00e1me, nepronaj\u00edm\u00e1me, neobchodujeme s nimi, neposkytujeme licence ani je jinak nesd\u011blujeme, s v\u00fdjimkou n\u00e1sleduj\u00edc\u00edch specifick\u00fdch situac\u00ed:\u00a0\u00a0\u00a0\u00a0\u00a0<\/p>\n<p>7.1 Poskytovatel\u00e9 slu\u017eeb t\u0159et\u00edch stran: Stejn\u011b jako v\u011bt\u0161ina online obchodn\u00edk\u016f n\u011bkdy vyu\u017e\u00edv\u00e1me slu\u017eeb t\u0159et\u00edch stran, kter\u00e9 na\u0161\u00edm jm\u00e9nem vykon\u00e1vaj\u00ed ur\u010dit\u00e9 funkce. Ve\u0161ker\u00e9 informace, kter\u00e9 jim sd\u011blujeme, slou\u017e\u00ed v\u00fdhradn\u011b k tomu, aby jim pomohly p\u0159i poskytov\u00e1n\u00ed slu\u017eeb. Partner\u016fm, jako je spole\u010dnost DHL, nap\u0159\u00edklad poskytujeme va\u0161e jm\u00e9no, doru\u010dovac\u00ed adresu a telefonn\u00ed \u010d\u00edslo, abychom mohli zaru\u010dit doru\u010den\u00ed va\u0161ich objedn\u00e1vek, a p\u0159\u00edslu\u0161n\u00e9 informace o z\u00e1kazn\u00edc\u00edch m\u016f\u017eeme pou\u017e\u00edt ke sledov\u00e1n\u00ed kvality slu\u017eeb t\u0159et\u00ed strany.\u00a0<\/p>\n<p>7.2 Z\u00e1konn\u00e1 povinnost zve\u0159ej\u0148ovat informace: M\u016f\u017eeme b\u00fdt po\u017e\u00e1d\u00e1ni o zve\u0159ejn\u011bn\u00ed informac\u00ed, pokud jsme p\u0159edvol\u00e1ni k soudu, pokud n\u00e1m byl doru\u010den soudn\u00ed p\u0159\u00edkaz nebo pokud o to po\u017e\u00e1daj\u00ed org\u00e1ny \u010dinn\u00e9 v trestn\u00edm \u0159\u00edzen\u00ed, kter\u00e9 prov\u00e1d\u011bj\u00ed vy\u0161et\u0159ov\u00e1n\u00ed, nebo pokud jsme jinak povinni takov\u00e9 informace zve\u0159ejnit ze z\u00e1kona. Osobn\u00ed \u00fadaje zve\u0159ejn\u00edme tak\u00e9 v p\u0159\u00edpad\u011b, \u017ee je to nezbytn\u00e9 k ochran\u011b na\u0161ich z\u00e1konn\u00fdch pr\u00e1v nebo k vym\u00e1h\u00e1n\u00ed na\u0161ich podm\u00ednek pou\u017e\u00edv\u00e1n\u00ed a dal\u0161\u00edch smluv. M\u016f\u017eeme nap\u0159\u00edklad sd\u00edlet informace, abychom sn\u00ed\u017eili riziko podvodu nebo zabr\u00e1nili podvod\u016fm ze strany u\u017eivatel\u016f, kte\u0159\u00ed se na na\u0161ich str\u00e1nk\u00e1ch pokou\u0161ej\u00ed o podvod nebo jinou nez\u00e1konnou \u010dinnost.\u00a0<\/p>\n<p>7.3 F\u00faze a\/nebo prodej majetku: V r\u00e1mci na\u0161\u00ed \u010dinnosti obvykle neprod\u00e1v\u00e1me, neobchodujeme ani nepronaj\u00edm\u00e1me osobn\u00ed \u00fadaje jin\u00fdm spole\u010dnostem. Je v\u0161ak mo\u017en\u00e9, \u017ee n\u00e1s z\u00edsk\u00e1, spoj\u00ed se s n\u00e1mi nebo n\u00e1s z\u00edsk\u00e1 jin\u00e1 spole\u010dnost, nebo \u017ee se zbav\u00edme n\u011bkter\u00fdch nebo v\u0161ech na\u0161ich aktiv, a v takov\u00e9m p\u0159\u00edpad\u011b mohou b\u00fdt va\u0161e osobn\u00ed \u00fadaje zp\u0159\u00edstupn\u011bny jin\u00e9 spole\u010dnosti v souladu s platn\u00fdmi Z\u00e1sadami ochrany osobn\u00edch \u00fadaj\u016f.\u00a0<\/p>\n<p>7.4 Informace, kter\u00e9 nelze identifikovat: Informace, kter\u00e9 neidentifikuj\u00ed v\u00e1s ani \u017e\u00e1dn\u00e9ho u\u017eivatele, nap\u0159\u00edklad po\u010det denn\u00edch n\u00e1v\u0161t\u011bvn\u00edk\u016f ur\u010dit\u00e9 str\u00e1nky nebo velikost objedn\u00e1vky zadan\u00e9 v ur\u010dit\u00fd den, m\u016f\u017eeme sd\u00edlet s t\u0159et\u00edmi stranami, nap\u0159\u00edklad s reklamn\u00edmi partnery.<\/p>\n<h3>8. Va\u0161e pr\u00e1va na va\u0161e osobn\u00ed \u00fadaje\u00a0\u00a0<\/h3>\n<p>Podle pr\u00e1vn\u00edch p\u0159edpis\u016f o ochran\u011b osobn\u00edch \u00fadaj\u016f m\u00e1te n\u011bkolik pr\u00e1v. Mezi n\u011b pat\u0159\u00ed za ur\u010dit\u00fdch okolnost\u00ed pr\u00e1vo na:<\/p>\n<p>8.1 \u017d\u00e1dost o p\u0159\u00edstup k va\u0161im osobn\u00edm \u00fadaj\u016fm<\/p>\n<p>8.2 \u017d\u00e1dost o opravu va\u0161ich osobn\u00edch \u00fadaj\u016f<\/p>\n<p>8.3 \u017d\u00e1dost o vymaz\u00e1n\u00ed va\u0161ich osobn\u00edch \u00fadaj\u016f<\/p>\n<p>8.4 Po\u017e\u00e1dat o omezen\u00ed zpracov\u00e1n\u00ed va\u0161ich osobn\u00edch \u00fadaj\u016f<\/p>\n<p>8.5 \u017d\u00e1dost o p\u0159ed\u00e1n\u00ed va\u0161ich osobn\u00edch \u00fadaj\u016f<\/p>\n<p>8.6 Vzn\u00e9st n\u00e1mitku proti zpracov\u00e1n\u00ed va\u0161ich osobn\u00edch \u00fadaj\u016f<\/p>\n<p>8.7 N\u00e1mitka proti automatizovan\u00e9mu rozhodov\u00e1n\u00ed<\/p>\n<h3>9. Zm\u011bny t\u011bchto z\u00e1sad ochrany osobn\u00edch \u00fadaj\u016f<\/h3>\n<p>\u010cas od \u010dasu m\u016f\u017eeme tyto z\u00e1sady ochrany osobn\u00edch \u00fadaj\u016f zm\u011bnit. Pokud dojde k v\u00fdznamn\u00fdm zm\u011bn\u00e1m, zve\u0159ejn\u00edme aktualizace na na\u0161ich webov\u00fdch str\u00e1nk\u00e1ch a v aplikac\u00edch nebo v\u00e1s o nich budeme informovat e-mailem. A tyto z\u00e1sady ochrany osobn\u00edch \u00fadaj\u016f byly naposledy aktualizov\u00e1ny 4. z\u00e1\u0159\u00ed 2024.<\/p>\t\t\t\t\t\t\t\t<\/div>\n\t\t\t\t<\/div>\n\t\t\t\t\t<\/div>\n\t\t\t\t<\/div>\n\t\t\t\t<\/div>","protected":false},"excerpt":{"rendered":"<p>Zde je kukirin-scooter-parts.com (d\u00e1le jen \"my\", \"n\u00e1s\" nebo \"KuKirin\", \"str\u00e1nky\"), jsme se zav\u00e1zali chr\u00e1nit a respektovat soukrom\u00ed va\u0161ich osobn\u00edch \u00fadaj\u016f. Tyto z\u00e1sady ochrany osobn\u00edch \u00fadaj\u016f vysv\u011btluj\u00ed, jak spole\u010dnost KuKirin shroma\u017e\u010fuje, pou\u017e\u00edv\u00e1, p\u0159en\u00e1\u0161\u00ed a zve\u0159ej\u0148uje va\u0161e \u00fadaje. Vztahuj\u00ed se na \u00fadaje shrom\u00e1\u017ed\u011bn\u00e9 p\u0159i pou\u017e\u00edv\u00e1n\u00ed na\u0161ich webov\u00fdch str\u00e1nek, kdy\u017e s n\u00e1mi komunikujete ... <a title=\"Z\u00e1sady ochrany osobn\u00edch \u00fadaj\u016f\" class=\"read-more\" href=\"https:\/\/kukirin-scooter-parts.com\/cs\/privacy-policy\/\" aria-label=\"Read more about Privacy Policy\">\u010c\u00edst d\u00e1l<\/a><\/p>","protected":false},"author":1,"featured_media":0,"parent":0,"menu_order":0,"comment_status":"closed","ping_status":"open","template":"","meta":{"footnotes":""},"class_list":["post-3","page","type-page","status-publish"],"_links":{"self":[{"href":"https:\/\/kukirin-scooter-parts.com\/cs\/wp-json\/wp\/v2\/pages\/3","targetHints":{"allow":["GET"]}}],"collection":[{"href":"https:\/\/kukirin-scooter-parts.com\/cs\/wp-json\/wp\/v2\/pages"}],"about":[{"href":"https:\/\/kukirin-scooter-parts.com\/cs\/wp-json\/wp\/v2\/types\/page"}],"author":[{"embeddable":true,"href":"https:\/\/kukirin-scooter-parts.com\/cs\/wp-json\/wp\/v2\/users\/1"}],"replies":[{"embeddable":true,"href":"https:\/\/kukirin-scooter-parts.com\/cs\/wp-json\/wp\/v2\/comments?post=3"}],"version-history":[{"count":4,"href":"https:\/\/kukirin-scooter-parts.com\/cs\/wp-json\/wp\/v2\/pages\/3\/revisions"}],"predecessor-version":[{"id":92,"href":"https:\/\/kukirin-scooter-parts.com\/cs\/wp-json\/wp\/v2\/pages\/3\/revisions\/92"}],"wp:attachment":[{"href":"https:\/\/kukirin-scooter-parts.com\/cs\/wp-json\/wp\/v2\/media?parent=3"}],"curies":[{"name":"wp","href":"https:\/\/api.w.org\/{rel}","templated":true}]}}