{"id":11,"date":"2024-09-02T07:47:47","date_gmt":"2024-09-02T07:47:47","guid":{"rendered":"https:\/\/kukirin-scooter-parts.com\/?page_id=11"},"modified":"2024-09-02T07:47:48","modified_gmt":"2024-09-02T07:47:48","slug":"refund_returns","status":"publish","type":"page","link":"https:\/\/kukirin-scooter-parts.com\/cs\/refund_returns\/","title":{"rendered":"Z\u00e1sady vracen\u00ed pen\u011bz a vr\u00e1cen\u00ed zbo\u017e\u00ed"},"content":{"rendered":"<div data-elementor-type=\"wp-page\" data-elementor-id=\"11\" class=\"elementor elementor-11\" data-elementor-post-type=\"page\">\n\t\t\t\t<div class=\"elementor-element elementor-element-7db694f0 e-flex e-con-boxed e-con e-parent\" data-id=\"7db694f0\" data-element_type=\"container\" data-e-type=\"container\">\n\t\t\t\t\t<div class=\"e-con-inner\">\n\t\t\t\t<div class=\"elementor-element elementor-element-17ba640e elementor-widget elementor-widget-text-editor\" data-id=\"17ba640e\" data-element_type=\"widget\" data-e-type=\"widget\" data-widget_type=\"text-editor.default\">\n\t\t\t\t<div class=\"elementor-widget-container\">\n\t\t\t\t\t\t\t\t\t\n<p>Pokud po zad\u00e1n\u00ed objedn\u00e1vky po\u017eadujete vr\u00e1cen\u00ed pen\u011bz nebo vr\u00e1cen\u00ed zbo\u017e\u00ed, \u0159i\u010fte se pros\u00edm n\u00e1sleduj\u00edc\u00edmi z\u00e1sadami pro vr\u00e1cen\u00ed pen\u011bz (oblast p\u016fsobnosti Tyto z\u00e1sady se vztahuj\u00ed na v\u0161echny produkty zakoupen\u00e9 na na\u0161ich webov\u00fdch str\u00e1nk\u00e1ch).<\/p>\n<ul>\n<li>Podm\u00ednky vr\u00e1cen\u00ed a refundace<\/li>\n<\/ul>\n<p>Po\u0161kozen\u00e9 nebo vadn\u00e9 v\u00fdrobky: Pokud obdr\u017e\u00edte po\u0161kozen\u00fd nebo vadn\u00fd v\u00fdrobek, kontaktujte n\u00e1s pros\u00edm do 5 dn\u016f od obdr\u017een\u00ed v\u00fdrobku.<br \/>Nespr\u00e1vn\u00fd produkt: Pokud v\u00fdrobek, kter\u00fd jste obdr\u017eeli, neodpov\u00edd\u00e1 va\u0161\u00ed objedn\u00e1vce, kontaktujte n\u00e1s pros\u00edm do 5 dn\u016f od obdr\u017een\u00ed v\u00fdrobku, abychom zajistili jeho vr\u00e1cen\u00ed nebo v\u00fdm\u011bnu.<\/p>\n<ul>\n<li>N\u00e1sleduj\u00edc\u00ed situace nejsou zp\u016fsobil\u00e9 k vr\u00e1cen\u00ed nebo refundaci:<\/li>\n<\/ul>\n<p>D\u00edly kolob\u011b\u017eek pat\u0159\u00ed mezi speci\u00e1ln\u00ed zbo\u017e\u00ed, nepodporuj\u00ed vr\u00e1cen\u00ed a v\u00fdm\u011bnu, pokud nen\u00ed probl\u00e9m s kvalitou.<\/p>\n<ul>\n<li>Proces vr\u00e1cen\u00ed<\/li>\n<\/ul>\n<p>Pokud obdr\u017e\u00edte v\u00fdrobek s probl\u00e9mem s kvalitou nebo nespr\u00e1vn\u00fd v\u00fdrobek, kontaktujte n\u00e1s pros\u00edm p\u0159\u00edmo a sd\u011blte n\u00e1m \u010d\u00edslo sv\u00e9 objedn\u00e1vky.<br \/>Poplatky za zp\u011btnou p\u0159epravu: U produkt\u016f vr\u00e1cen\u00fdch z d\u016fvodu probl\u00e9m\u016f s kvalitou uhrad\u00edme n\u00e1klady na zp\u011btnou dopravu.<\/p>\n<ul>\n<li>Proces vr\u00e1cen\u00ed pen\u011bz<\/li>\n<\/ul>\n<p>Zp\u016fsob vr\u00e1cen\u00ed pen\u011bz: Vr\u00e1cen\u00ed pen\u011bz bude provedeno na v\u00e1\u0161 p\u016fvodn\u00ed zp\u016fsob platby a bude dokon\u010deno do 3-5 dn\u016f.<br \/>Po zah\u00e1jen\u00ed procesu vr\u00e1cen\u00ed pen\u011bz bude trvat 5-7 dn\u00ed v z\u00e1vislosti na va\u0161\u00ed bance.<\/p>\n<ul>\n<li>Storno (v\u00fdrobek je odesl\u00e1n):<\/li>\n<\/ul>\n<p>Nepodporujeme zru\u0161en\u00ed objedn\u00e1vky a vr\u00e1cen\u00ed dodan\u00fdch d\u00edl\u016f pro sk\u00fatry.<\/p>\n<ul>\n<li>Zru\u0161en\u00ed p\u0159edb\u011b\u017en\u00fdch objedn\u00e1vek:<\/li>\n<\/ul>\n<p>U v\u0161ech p\u0159edb\u011b\u017en\u00fdch objedn\u00e1vek plat\u00ed, \u017ee pokud objedn\u00e1vku zru\u0161\u00edte z osobn\u00edch d\u016fvod\u016f p\u0159ed jej\u00edm odesl\u00e1n\u00edm, budete muset uhradit transak\u010dn\u00ed poplatek.<\/p>\n<ul>\n<li>Pro v\u00fdrobek zakoupen\u00fd mimo kukirin-escooter.com:<\/li>\n<\/ul>\n<p>U produkt\u016f, kter\u00e9 nebyly zakoupeny na t\u011bchto str\u00e1nk\u00e1ch, nem\u016f\u017eeme poskytnout \u0159e\u0161en\u00ed, obra\u0165te se pros\u00edm p\u0159\u00edmo na sv\u00e9ho dodavatele.<\/p>\n<ul>\n<li>Pot\u0159ebujete pomoc?<\/li>\n<\/ul>\n<p>Pokud m\u00e1te jak\u00e9koli dotazy nebo pot\u0159ebujete dal\u0161\u00ed pomoc, kontaktujte n\u00e1s : info@kukirin-scooter-parts.com<\/p>\n<ul>\n<li>Aktualizace z\u00e1sad<\/li>\n<\/ul>\n<p>Vyhrazujeme si pr\u00e1vo tyto z\u00e1sady kdykoli aktualizovat. P\u0159ed n\u00e1kupem se pros\u00edm seznamte s nejnov\u011bj\u0161\u00ed verz\u00ed z\u00e1sad pro vracen\u00ed zbo\u017e\u00ed a vr\u00e1cen\u00ed pen\u011bz.<\/p>\n\t\t\t\t\t\t\t\t<\/div>\n\t\t\t\t<\/div>\n\t\t\t\t\t<\/div>\n\t\t\t\t<\/div>\n\t\t\t\t<\/div>","protected":false},"excerpt":{"rendered":"<p>If you request refund or return after placing an order, please refer to the following return and refund policy.(scope of Application This policy applies to all products purchased on our website.) Return and Refund Conditions Damaged or Defective Products: If you receive a product that is damaged or defective, please contact us within 5 days &#8230; <a title=\"Z\u00e1sady vracen\u00ed pen\u011bz a vr\u00e1cen\u00ed zbo\u017e\u00ed\" class=\"read-more\" href=\"https:\/\/kukirin-scooter-parts.com\/cs\/refund_returns\/\" aria-label=\"Read more about Refund and Returns Policy\">\u010c\u00edst d\u00e1l<\/a><\/p>","protected":false},"author":1,"featured_media":0,"parent":0,"menu_order":0,"comment_status":"closed","ping_status":"closed","template":"","meta":{"footnotes":""},"class_list":["post-11","page","type-page","status-publish"],"_links":{"self":[{"href":"https:\/\/kukirin-scooter-parts.com\/cs\/wp-json\/wp\/v2\/pages\/11","targetHints":{"allow":["GET"]}}],"collection":[{"href":"https:\/\/kukirin-scooter-parts.com\/cs\/wp-json\/wp\/v2\/pages"}],"about":[{"href":"https:\/\/kukirin-scooter-parts.com\/cs\/wp-json\/wp\/v2\/types\/page"}],"author":[{"embeddable":true,"href":"https:\/\/kukirin-scooter-parts.com\/cs\/wp-json\/wp\/v2\/users\/1"}],"replies":[{"embeddable":true,"href":"https:\/\/kukirin-scooter-parts.com\/cs\/wp-json\/wp\/v2\/comments?post=11"}],"version-history":[{"count":4,"href":"https:\/\/kukirin-scooter-parts.com\/cs\/wp-json\/wp\/v2\/pages\/11\/revisions"}],"predecessor-version":[{"id":99,"href":"https:\/\/kukirin-scooter-parts.com\/cs\/wp-json\/wp\/v2\/pages\/11\/revisions\/99"}],"wp:attachment":[{"href":"https:\/\/kukirin-scooter-parts.com\/cs\/wp-json\/wp\/v2\/media?parent=11"}],"curies":[{"name":"wp","href":"https:\/\/api.w.org\/{rel}","templated":true}]}}